{"id":121018,"date":"2022-07-21T00:00:00","date_gmt":"2022-07-21T05:00:00","guid":{"rendered":"https:\/\/gpl-love.com\/es\/producto\/ibid-multi-vendor-auctions-woocommerce-theme\/"},"modified":"2026-03-13T17:22:28","modified_gmt":"2026-03-13T22:22:28","slug":"ibid-multi-vendor-auctions-woocommerce-theme","status":"publish","type":"product","link":"https:\/\/gpl-love.com\/es\/producto\/ibid-multi-vendor-auctions-woocommerce-theme\/","title":{"rendered":"iBid Multi Vendor Auctions WooCommerce Theme 3.5.5"},"content":{"rendered":"<h3>iBid Multi Vendor Auctions WooCommerce Theme Caracteristicas<\/h3>\n<p>Ideal para los propietarios de mercados en l\u00ednea que buscan establecer una plataforma de comercio electr\u00f3nico cautivador y din\u00e1mico, el tema de WooCommerce de subastas de m\u00faltiples proveedores ibid surge como una soluci\u00f3n vers\u00e1til y poderosa. Equipado con una interfaz intuitiva y una extensa gama de caracter\u00edsticas, este tema permite a los proveedores, lo que les permite vender sin esfuerzo sus productos a trav\u00e9s de un sistema de subasta competitivo, otorgando as\u00ed a los compradores la oportunidad de participar en la licitaci\u00f3n en tiempo real para varios art\u00edculos. Adem\u00e1s, este tema cuenta con total capacidad de respuesta y presenta a los usuarios una gran cantidad de opciones personalizables, que abarca la configuraci\u00f3n avanzada relacionadas con las subastas, las pasarelas de pago, el env\u00edo y m\u00e1s. Independientemente de si se est\u00e1 esforzando por inaugurar un sitio de subastas fresco o mejorar uno existente, tenga la seguridad de que el tema de WooCommerce de subastas de m\u00faltiples proveedores ibid ser\u00e1 la opci\u00f3n por excelencia para sus necesidades comerciales.<\/p>\n<ul>\n<li>Tema totalmente personalizable para alojar subastas de m\u00faltiples proveedores en su sitio de WooCommerce<\/li>\n<li>El n\u00famero ilimitado de proveedores puede participar y enumerar sus productos para ofertar<\/li>\n<li>M\u00faltiples opciones de licitaci\u00f3n disponibles, incluidas ofertas selladas, abiertas e incrementales<\/li>\n<li>La funci\u00f3n de subasta en vivo permite a los compradores ofertar en tiempo real y ver las ofertas actuales y el estado de la subasta<\/li>\n<li>La funci\u00f3n de licitaci\u00f3n autom\u00e1tica permite a los compradores establecer una oferta m\u00e1xima y el sistema continuar\u00e1 ofertando en su nombre hasta que se alcance el m\u00e1ximo<\/li>\n<li>Sistema de comisi\u00f3n para que los propietarios del sitio cobren una tarifa porcentual de cada venta de subastas exitosa<\/li>\n<li>Interfaz f\u00e1cil de usar y dise\u00f1o receptivo para una visualizaci\u00f3n \u00f3ptima en todos los dispositivos<\/li>\n<li>Integraci\u00f3n con pasarelas de pago populares para transacciones seguras y perfectas<\/li>\n<li>Opci\u00f3n para que los proveedores personalicen sus p\u00e1ginas de tiendas y muestren su identidad de marca<\/li>\n<li>Documentaci\u00f3n y soporte integral incluidos para una f\u00e1cil configuraci\u00f3n y uso<\/li>\n<\/ul>\n","protected":false},"excerpt":{"rendered":"<p>El tema de WooCommerce de subastas de m\u00faltiples proveedores ibid es un tema incre\u00edblemente robusto y adaptable que ha sido meticulosamente elaborado para ayudarlo a construir un pr\u00f3spero mercado en l\u00ednea. Con un dise\u00f1o elegante y contempor\u00e1neo, capacidades de subasta de vanguardia e integraci\u00f3n impecable con WooCommerce, es sin duda el remedio final para las personas que buscan forjar una plataforma de comercio electr\u00f3nico atractiva y supremamente eficiente. Ya sea que se est\u00e9 embarcando en el inicio de su propia empresa de subasta virtual o anhelando una soluci\u00f3n que abarca todo para fomentar su mercado en l\u00ednea preexistente, Ibid abarca todos los componentes vitales necesarios para el triunfo. Por lo tanto, \u00bfpor qu\u00e9 retrasar m\u00e1s? \u00a1Inicie su viaje hoy y comience a presenciar la fruta de sus aspiraciones de larga data!<\/p>\n","protected":false},"featured_media":166450,"comment_status":"open","ping_status":"open","template":"","meta":[],"product_brand":[2337],"product_cat":[1263,1264,1237],"product_tag":[1391],"class_list":{"0":"post-121018","1":"product","2":"type-product","3":"status-publish","4":"has-post-thumbnail","6":"product_brand-themeforest","7":"product_cat-comercio-electronico-temas","8":"product_cat-negocio","9":"product_cat-temas","10":"product_tag-themeforest","11":"member-discount","12":"discount-restricted","14":"first","15":"instock","16":"sale","17":"downloadable","18":"virtual","19":"sold-individually","20":"purchasable","21":"product-type-simple"},"_links":{"self":[{"href":"https:\/\/gpl-love.com\/es\/wp-json\/wp\/v2\/product\/121018","targetHints":{"allow":["GET"]}}],"collection":[{"href":"https:\/\/gpl-love.com\/es\/wp-json\/wp\/v2\/product"}],"about":[{"href":"https:\/\/gpl-love.com\/es\/wp-json\/wp\/v2\/types\/product"}],"replies":[{"embeddable":true,"href":"https:\/\/gpl-love.com\/es\/wp-json\/wp\/v2\/comments?post=121018"}],"wp:featuredmedia":[{"embeddable":true,"href":"https:\/\/gpl-love.com\/es\/wp-json\/wp\/v2\/media\/166450"}],"wp:attachment":[{"href":"https:\/\/gpl-love.com\/es\/wp-json\/wp\/v2\/media?parent=121018"}],"wp:term":[{"taxonomy":"product_brand","embeddable":true,"href":"https:\/\/gpl-love.com\/es\/wp-json\/wp\/v2\/product_brand?post=121018"},{"taxonomy":"product_cat","embeddable":true,"href":"https:\/\/gpl-love.com\/es\/wp-json\/wp\/v2\/product_cat?post=121018"},{"taxonomy":"product_tag","embeddable":true,"href":"https:\/\/gpl-love.com\/es\/wp-json\/wp\/v2\/product_tag?post=121018"}],"curies":[{"name":"wp","href":"https:\/\/api.w.org\/{rel}","templated":true}]}}