{"id":121016,"date":"2022-02-04T00:00:00","date_gmt":"2022-02-04T05:00:00","guid":{"rendered":"https:\/\/gpl-love.com\/es\/producto\/hyperx-responsive-wordpress-portfolio-theme\/"},"modified":"2026-03-13T17:22:27","modified_gmt":"2026-03-13T22:22:27","slug":"hyperx-responsive-wordpress-portfolio-theme","status":"publish","type":"product","link":"https:\/\/gpl-love.com\/es\/producto\/hyperx-responsive-wordpress-portfolio-theme\/","title":{"rendered":"HyperX Responsive WordPress Portfolio Theme 4.9.9.2"},"content":{"rendered":"<h3>HyperX Responsive WordPress Portfolio Theme Caracteristicas<\/h3>\n<p>Hyperx es un tema de cartera de WordPress moderno y receptivo que ha sido ingeniosamente elaborado para presentar y exhibir sus esfuerzos art\u00edsticos de la manera m\u00e1s cautivadora y visualmente convincente posible. Cuenta con una interfaz excepcionalmente f\u00e1cil de usar, facilitando la navegaci\u00f3n perfecta y la interacci\u00f3n sin esfuerzo con su audiencia. Adem\u00e1s, sus dise\u00f1os altamente personalizables le ofrecen una flexibilidad incomparable para adaptar su cartera para adaptarse a su estilo \u00fanico y preferencias est\u00e9ticas.<\/p>\n<p>Una de las caracter\u00edsticas destacadas de este tema excepcional es su incorporaci\u00f3n de un poderoso constructor de p\u00e1ginas de arrastrar y soltar. Esta herramienta innovadora le permite personalizar y refinar sin esfuerzo sus p\u00e1ginas a la perfecci\u00f3n, sin requerir ning\u00fan conocimiento o experiencia de codificaci\u00f3n previa. Adem\u00e1s, Hyperx abarca una extensa variedad de plantillas predise\u00f1adas que est\u00e1n dise\u00f1adas y cuestionadas de manera impecablemente, lo que le permite crear una cartera visualmente llamativa y pulida visualmente con fuerza y \u200b\u200bimprovisada.<\/p>\n<p>Adem\u00e1s, este tema excepcional muestra una variedad de estilos de cartera distintivos y diversos, asegurando que su trabajo art\u00edstico se presente de una manera que encapsula perfectamente su esencia y cautiva a los espectadores. Las opciones de tipograf\u00eda avanzada del tema le permiten reflexionar intrincadamente y ajustar la tipograf\u00eda dentro de su cartera, mejorando a\u00fan m\u00e1s su atractivo visual y asegurando una integraci\u00f3n perfecta de texto dentro de sus creaciones art\u00edsticas.<\/p>\n<p>Para facilitar la conectividad perfecta y maximizar su presencia en l\u00ednea, Hyperx integra perfectamente las plataformas de redes sociales y sus funcionalidades. Al integrar perfectamente sus perfiles de redes sociales dentro de su cartera, puede aprovechar efectivamente el poder de las redes sociales para expandir su alcance, interactuar con su audiencia y obtener un seguimiento m\u00e1s amplio para su trabajo art\u00edstico.<\/p>\n<p>En esencia, independientemente de si usted es un dise\u00f1ador gr\u00e1fico, fot\u00f3grafo o artista, Hyperx se destaca sin duda como una elecci\u00f3n inigualable para exhibir su trabajo creativo en l\u00ednea. Sus caracter\u00edsticas meticulosamente seleccionadas, una flexibilidad incomparable y un dise\u00f1o visualmente cautivador lo convierten en la herramienta por excelencia para presentar y exhibir su destreza art\u00edstica al mundo, lo que le permite cautivar, inspirar y dejar una impresi\u00f3n indeleble en su audiencia.<\/p>\n<ul>\n<li>Dise\u00f1o elegante y minimalista para exhibir su cartera y trabajo<\/li>\n<li>Totalmente receptivo y amigable para los dispositivos m\u00f3viles para garantizar una experiencia de visualizaci\u00f3n \u00f3ptima en todos los dispositivos<\/li>\n<li>Opciones de personalizaci\u00f3n f\u00e1ciles a trav\u00e9s del poderoso personalizador de WordPress<\/li>\n<li>Plantillas de cartera y galer\u00eda incorporadas para mostrar su trabajo maravillosamente<\/li>\n<li>Opciones de dise\u00f1o m\u00faltiples para satisfacer sus necesidades y preferencias<\/li>\n<li>Tiempos de carga r\u00e1pida para garantizar una experiencia de usuario fluida para sus visitantes<\/li>\n<li>SEO optimizado para mejorar la clasificaci\u00f3n de los motores de b\u00fasqueda y aumentar la visibilidad<\/li>\n<li>Compatible con complementos populares como WooCommerce, Contact Form 7 y WPML<\/li>\n<li>Documentaci\u00f3n integral y atenci\u00f3n al cliente para ayudarlo a aprovechar al m\u00e1ximo su tema<\/li>\n<\/ul>\n","protected":false},"excerpt":{"rendered":"<p>El tema de la cartera de WordPress de Hyperx Responsive es una plantilla incre\u00edblemente impresionante y de vanguardia que es absolutamente ideal para mostrar sus creaciones m\u00e1s innovadoras y art\u00edsticas. Meticulosamente elaborado con la m\u00e1xima consideraci\u00f3n de capacidad de respuesta, este notable tema garantiza que su cartera meticulosamente seleccionada parecer\u00e1 absolutamente fenomenal e impresionantemente hermosa en todos y cada uno de los dispositivos concebibles. Con una interfaz impecablemente pr\u00edstina y notablemente f\u00e1cil de usar, le permite y le permite personalizar sin esfuerzo y perfectamente una amplia gama de elementos esenciales como colores, fuentes, dise\u00f1os y mucho m\u00e1s. Adem\u00e1s, este tema impresionante tambi\u00e9n cuenta con una impresionante selecci\u00f3n de estilos de cartera diversos y variados, como la cuadr\u00edcula altamente flexible, la justificaci\u00f3n visualmente cautivadora y la galer\u00eda de mamposter\u00eda irresistiblemente atractiva, asegurando que tenga una gran cantidad de opciones a su disposici\u00f3n Para adaptarse perfectamente a sus gustos \u00fanicos y exigentes. Adem\u00e1s, incluso le presenta una gran cantidad de opciones cuando se trata de dise\u00f1os de blogs, ejemplificando a\u00fan m\u00e1s su versatilidad y adaptabilidad inigualables. Sin duda, es un sue\u00f1o absoluto hecho realidad para los artistas, fot\u00f3grafos, dise\u00f1adores o, de hecho, cualquier persona que busque ansiosamente y con entusiasmo buscando la manera m\u00e1s \u00f3ptima y visualmente llamativa para exhibir y exhibir su notable e impresionante cartera .<\/p>\n","protected":false},"featured_media":166449,"comment_status":"open","ping_status":"open","template":"","meta":[],"product_brand":[2337],"product_cat":[1267,1237,1238],"product_tag":[1391],"class_list":{"0":"post-121016","1":"product","2":"type-product","3":"status-publish","4":"has-post-thumbnail","6":"product_brand-themeforest","7":"product_cat-creativo","8":"product_cat-temas","9":"product_cat-wordpress-temas","10":"product_tag-themeforest","11":"member-discount","12":"discount-restricted","14":"first","15":"instock","16":"sale","17":"downloadable","18":"virtual","19":"sold-individually","20":"purchasable","21":"product-type-simple"},"_links":{"self":[{"href":"https:\/\/gpl-love.com\/es\/wp-json\/wp\/v2\/product\/121016","targetHints":{"allow":["GET"]}}],"collection":[{"href":"https:\/\/gpl-love.com\/es\/wp-json\/wp\/v2\/product"}],"about":[{"href":"https:\/\/gpl-love.com\/es\/wp-json\/wp\/v2\/types\/product"}],"replies":[{"embeddable":true,"href":"https:\/\/gpl-love.com\/es\/wp-json\/wp\/v2\/comments?post=121016"}],"wp:featuredmedia":[{"embeddable":true,"href":"https:\/\/gpl-love.com\/es\/wp-json\/wp\/v2\/media\/166449"}],"wp:attachment":[{"href":"https:\/\/gpl-love.com\/es\/wp-json\/wp\/v2\/media?parent=121016"}],"wp:term":[{"taxonomy":"product_brand","embeddable":true,"href":"https:\/\/gpl-love.com\/es\/wp-json\/wp\/v2\/product_brand?post=121016"},{"taxonomy":"product_cat","embeddable":true,"href":"https:\/\/gpl-love.com\/es\/wp-json\/wp\/v2\/product_cat?post=121016"},{"taxonomy":"product_tag","embeddable":true,"href":"https:\/\/gpl-love.com\/es\/wp-json\/wp\/v2\/product_tag?post=121016"}],"curies":[{"name":"wp","href":"https:\/\/api.w.org\/{rel}","templated":true}]}}