{"id":121014,"date":"2025-05-21T00:00:00","date_gmt":"2025-05-21T05:00:00","guid":{"rendered":"https:\/\/gpl-love.com\/es\/producto\/happy-forms-pro-drag-y-drop-contact-form-builder\/"},"modified":"2026-04-02T05:15:38","modified_gmt":"2026-04-02T10:15:38","slug":"happy-forms-pro-drag-y-drop-contact-form-builder","status":"publish","type":"product","link":"https:\/\/gpl-love.com\/es\/producto\/happy-forms-pro-drag-y-drop-contact-form-builder\/","title":{"rendered":"Happyforms Pro Form Builder 1.38.9"},"content":{"rendered":"<h3>Happyforms Pro Form Builder Caracteristicas<\/h3>\n<p>Happy Forms Pro Form Builder es una aplicaci\u00f3n de software altamente eficiente y f\u00e1cil de usar que brinda a los usuarios la capacidad de generar formas personalizadas para su sitio web. Al ofrecer una variedad diversa de plantillas preestablecidas y alternativas de dise\u00f1o, las personas pueden generar de inmediato formularios que se adaptan a sus requisitos espec\u00edficos. La inclusi\u00f3n de una interfaz de arrastrar y soltar simplifica el proceso de agregar campos y modificar el dise\u00f1o de formulario, mientras que la incorporaci\u00f3n de funcionalidades e integraciones avanzadas abre perspectivas interminables para la recopilaci\u00f3n y el an\u00e1lisis de datos. En consecuencia, Happy Forms Pro Form Builder representa la resoluci\u00f3n final para las personas que buscan optimizar su procedimiento de creaci\u00f3n de formularios y mejorar la funcionalidad general de su sitio web.<\/p>\n<ul>\n<li>Caracter\u00edsticas de potencia que le permiten construir formularios personalizados r\u00e1pida y f\u00e1cilmente<\/li>\n<li>Compatibilidad con una amplia gama de plataformas CMS, incluidas WordPress y Shopify<\/li>\n<li>Una interfaz de arrastrar y soltar f\u00e1cilmente de uso de usuarios que no requiere habilidades de codificaci\u00f3n<\/li>\n<li>Opciones de estilo integrales, incluidos CSS personalizados y plantillas preconstruidas<\/li>\n<li>Opciones de campo avanzadas, que incluyen l\u00f3gica condicional y formularios de m\u00faltiples p\u00e1ginas<\/li>\n<li>Asegure el almacenamiento y el cifrado de datos para garantizar que los datos confidenciales est\u00e9n protegidos<\/li>\n<li>Opciones de integraci\u00f3n con servicios populares de terceros, como Stripe y Salesforce<\/li>\n<li>Notificaciones de correo electr\u00f3nico automatizadas para mantenerlo actualizado con los env\u00edos de formulario<\/li>\n<li>An\u00e1lisis detallado para ayudarlo a rastrear el rendimiento del formulario y refinar su estrategia<\/li>\n<li>Dise\u00f1o receptivo que permite que sus formularios se vean bien en todos los dispositivos.<\/li>\n<\/ul>\n","protected":false},"excerpt":{"rendered":"<p>Happy Forms Pro Form Builder es una herramienta altamente sofisticada para construir formularios que posee la capacidad de generar formas visualmente atractivas y personalizadas, incluso si carece de experiencia en codificaci\u00f3n. Con la utilizaci\u00f3n de Formas felices Pro, puede conceptualizar y publicar sin esfuerzo diversos formularios, incluidas encuestas, formularios de retroalimentaci\u00f3n, formularios de contacto y m\u00e1s con solo unos pocos clics. Este software proporciona una interfaz f\u00e1cil de usar acompa\u00f1ada de convenientes caracter\u00edsticas de arrastrar y soltar, plantillas predise\u00f1adas y complementos integrados que permiten pagos perfectos, integraci\u00f3n de redes sociales y marketing por correo electr\u00f3nico. Adem\u00e1s, incorpora funcionalidades avanzadas como la l\u00f3gica condicional, las cargas de archivos y la creaci\u00f3n de formularios de m\u00faltiples p\u00e1ginas. Adem\u00e1s, Happy Forms Pro garantiza un nivel elevado de seguridad y cumplimiento de las regulaciones GDPR, lo que garantiza la m\u00e1xima protecci\u00f3n y confidencialidad de sus datos. Al emplear Forms Pro Form Builder, tiene la capacidad de mejorar la experiencia del usuario de su sitio web y optimizar su comunicaci\u00f3n con su audiencia.<\/p>\n","protected":false},"featured_media":166407,"comment_status":"open","ping_status":"open","template":"","meta":[],"product_brand":[2474],"product_cat":[1214,1206,1211],"product_tag":[1310],"class_list":{"0":"post-121014","1":"product","2":"type-product","3":"status-publish","4":"has-post-thumbnail","6":"product_brand-happyforms","7":"product_cat-personalizacion","8":"product_cat-plugins","9":"product_cat-wordpress-plugins","10":"product_tag-happyforms","11":"member-discount","12":"discount-restricted","14":"first","15":"instock","16":"sale","17":"downloadable","18":"virtual","19":"sold-individually","20":"purchasable","21":"product-type-simple"},"_links":{"self":[{"href":"https:\/\/gpl-love.com\/es\/wp-json\/wp\/v2\/product\/121014","targetHints":{"allow":["GET"]}}],"collection":[{"href":"https:\/\/gpl-love.com\/es\/wp-json\/wp\/v2\/product"}],"about":[{"href":"https:\/\/gpl-love.com\/es\/wp-json\/wp\/v2\/types\/product"}],"replies":[{"embeddable":true,"href":"https:\/\/gpl-love.com\/es\/wp-json\/wp\/v2\/comments?post=121014"}],"wp:featuredmedia":[{"embeddable":true,"href":"https:\/\/gpl-love.com\/es\/wp-json\/wp\/v2\/media\/166407"}],"wp:attachment":[{"href":"https:\/\/gpl-love.com\/es\/wp-json\/wp\/v2\/media?parent=121014"}],"wp:term":[{"taxonomy":"product_brand","embeddable":true,"href":"https:\/\/gpl-love.com\/es\/wp-json\/wp\/v2\/product_brand?post=121014"},{"taxonomy":"product_cat","embeddable":true,"href":"https:\/\/gpl-love.com\/es\/wp-json\/wp\/v2\/product_cat?post=121014"},{"taxonomy":"product_tag","embeddable":true,"href":"https:\/\/gpl-love.com\/es\/wp-json\/wp\/v2\/product_tag?post=121014"}],"curies":[{"name":"wp","href":"https:\/\/api.w.org\/{rel}","templated":true}]}}