{"id":121010,"date":"2022-02-18T00:00:00","date_gmt":"2022-02-18T05:00:00","guid":{"rendered":"https:\/\/gpl-love.com\/es\/producto\/groovy-mega-menu-responsive-mega-menu-plugin-para-wordpress\/"},"modified":"2026-03-09T07:41:43","modified_gmt":"2026-03-09T12:41:43","slug":"groovy-mega-menu-responsive-mega-menu-plugin-para-wordpress","status":"publish","type":"product","link":"https:\/\/gpl-love.com\/es\/producto\/groovy-mega-menu-responsive-mega-menu-plugin-para-wordpress\/","title":{"rendered":"Groovy Mega Menu Responsive Mega Menu Plugin para WordPress 2.6.3"},"content":{"rendered":"<h3>Groovy Mega Menu Responsive Mega Menu Plugin para WordPress Caracteristicas<\/h3>\n<p>El mega men\u00fa Groovy es un complemento de men\u00fa de mega excepcionalmente receptivo, dise\u00f1ado meticulosamente para optimizar la navegaci\u00f3n de su sitio de WordPress, lo que lo hace notablemente m\u00e1s f\u00e1cil de usar y eficiente. Al emplear este complemento extraordinario, puede crear men\u00fas notablemente elegantes y altamente personalizables que funcionan sin problemas y adaptarse a los dispositivos de escritorio y m\u00f3viles. La extensa gama de plantillas predise\u00f1adas y opciones de personalizaci\u00f3n a su disposici\u00f3n le facilita los men\u00fas de moda que se alinean perfectamente con la exquisita est\u00e9tica de dise\u00f1o de su sitio. Adem\u00e1s, su interfaz de usuario notablemente intuitiva facilita la adici\u00f3n sin esfuerzo de im\u00e1genes cautivadoras, texto interesante y otro contenido cautivador a sus men\u00fas. En esencia, el mega men\u00fa de mega sirve como un instrumento formidable, que simplifica el proceso de enriquecer las capacidades de navegaci\u00f3n de su sitio y elevando la experiencia general del usuario a alturas sin precedentes.<\/p>\n<ul>\n<li>Men\u00fa de mega totalmente receptivo para sitios web de WordPress<\/li>\n<li>Interfaz intuitiva de arrastrar y soltar para una f\u00e1cil personalizaci\u00f3n del men\u00fa<\/li>\n<li>M\u00faltiples columnas y filas con tama\u00f1os y estilos personalizables<\/li>\n<li>Animaciones y transiciones personalizables para un atractivo visual adicional<\/li>\n<li>Capacidad para agregar iconos, im\u00e1genes y otros medios a elementos de men\u00fa<\/li>\n<li>Admite la orientaci\u00f3n del men\u00fa horizontal y vertical<\/li>\n<li>Varias opciones de estilo para la apariencia del men\u00fa, que incluyen fuentes, colores y fondos<\/li>\n<li>Dise\u00f1o amigable para dispositivos m\u00f3viles para una navegaci\u00f3n perfecta en todos los dispositivos<\/li>\n<li>Complemento liviano optimizado para tiempos de carga r\u00e1pidas<\/li>\n<li>Documentaci\u00f3n integral y equipo de apoyo dedicado disponible para su ayuda.<\/li>\n<\/ul>\n","protected":false},"excerpt":{"rendered":"<p>Groovy Mega Menu, un complemento de men\u00fa de mega excepcional dise\u00f1ado espec\u00edficamente para sitios web de WordPress, surge como una elecci\u00f3n excepcional. Armado con su dise\u00f1o receptivo, armoniza sin problemas con varios dispositivos m\u00f3viles, proporcionando una experiencia de usuario intransigente. La elaboraci\u00f3n de mega men\u00fas exquisitos nunca ha sido m\u00e1s f\u00e1cil con el mega men\u00fa de mega, ya que presenta una variedad de opciones de personalizaci\u00f3n, que comprende m\u00e1s de 10 plantillas prefabricadas meticulosamente dise\u00f1adas, m\u00e1s de 20 efectos de animaci\u00f3n cautivadores y un editor de arrastre y ca\u00edda excepcionalmente f\u00e1cil de usar. Desde men\u00fas desplegables simplistas hasta intrincados mega men\u00fas adornados con columnas, im\u00e1genes cautivadoras y videos fascinantes, la versatilidad del men\u00fa de mega maravilloso no conoce l\u00edmites. \u00a1Presente adi\u00f3s a los men\u00fas de navegaci\u00f3n mundanos y adopte las posibilidades ilimitadas que ofrecen el groovy mega men\u00fa sin demora!<\/p>\n","protected":false},"featured_media":166393,"comment_status":"open","ping_status":"open","template":"","meta":[],"product_brand":[2339],"product_cat":[1216,1206,1211],"product_tag":[1256],"class_list":{"0":"post-121010","1":"product","2":"type-product","3":"status-publish","4":"has-post-thumbnail","6":"product_brand-codecanyon","7":"product_cat-formas","8":"product_cat-plugins","9":"product_cat-wordpress-plugins","10":"product_tag-codecanyon","11":"member-discount","12":"discount-restricted","14":"first","15":"instock","16":"sale","17":"downloadable","18":"virtual","19":"sold-individually","20":"purchasable","21":"product-type-simple"},"_links":{"self":[{"href":"https:\/\/gpl-love.com\/es\/wp-json\/wp\/v2\/product\/121010","targetHints":{"allow":["GET"]}}],"collection":[{"href":"https:\/\/gpl-love.com\/es\/wp-json\/wp\/v2\/product"}],"about":[{"href":"https:\/\/gpl-love.com\/es\/wp-json\/wp\/v2\/types\/product"}],"replies":[{"embeddable":true,"href":"https:\/\/gpl-love.com\/es\/wp-json\/wp\/v2\/comments?post=121010"}],"wp:featuredmedia":[{"embeddable":true,"href":"https:\/\/gpl-love.com\/es\/wp-json\/wp\/v2\/media\/166393"}],"wp:attachment":[{"href":"https:\/\/gpl-love.com\/es\/wp-json\/wp\/v2\/media?parent=121010"}],"wp:term":[{"taxonomy":"product_brand","embeddable":true,"href":"https:\/\/gpl-love.com\/es\/wp-json\/wp\/v2\/product_brand?post=121010"},{"taxonomy":"product_cat","embeddable":true,"href":"https:\/\/gpl-love.com\/es\/wp-json\/wp\/v2\/product_cat?post=121010"},{"taxonomy":"product_tag","embeddable":true,"href":"https:\/\/gpl-love.com\/es\/wp-json\/wp\/v2\/product_tag?post=121010"}],"curies":[{"name":"wp","href":"https:\/\/api.w.org\/{rel}","templated":true}]}}