{"id":121008,"date":"2026-03-16T00:00:00","date_gmt":"2026-03-16T05:00:00","guid":{"rendered":"https:\/\/gpl-love.com\/es\/producto\/gravityview-gravity-forms-import-entries\/"},"modified":"2026-03-16T11:15:32","modified_gmt":"2026-03-16T16:15:32","slug":"gravityview-gravity-forms-import-entries","status":"publish","type":"product","link":"https:\/\/gpl-love.com\/es\/producto\/gravityview-gravity-forms-import-entries\/","title":{"rendered":"Gravity View Import Entries 2.9.0"},"content":{"rendered":"<h3>Gravity View Import Entries Caracteristicas<\/h3>\n<p>Las entradas de importaci\u00f3n de Gravity View es una herramienta incre\u00edblemente robusta y eficiente que proporciona a los usuarios la capacidad perfecta para importar las entradas sin esfuerzo en sus formas de gravedad. Este notable complemento ofrece a los usuarios la comodidad de importar entradas de archivos CSV con la m\u00e1xima facilidad, al tiempo que les permite mapear meticulosamente los campos para garantizar que los datos se transfieran con la m\u00e1xima precisi\u00f3n. Adem\u00e1s de estas funcionalidades sobresalientes, el complemento tambi\u00e9n cuenta con una gran cantidad de caracter\u00edsticas avanzadas, incluida la capacidad muy solicitada para actualizar las entradas existentes sin esfuerzo, omitir sin esfuerzo duplicados e importar im\u00e1genes y archivos sin esfuerzo. Gracias a las notables capacidades de las entradas de importaci\u00f3n de View View, los usuarios ahora pueden ahorrar una enorme cantidad de tiempo valioso y optimizar y optimizar efectivamente sus procesos de gesti\u00f3n de datos, proporcion\u00e1ndoles la oportunidad invaluable de asignar y dedicar su atenci\u00f3n y recursos m\u00e1s importantes y m\u00e1s importantes. aspectos cr\u00edticos de sus operaciones comerciales.<\/p>\n<ul>\n<li>Importaci\u00f3n sin esfuerzo de entradas de datos a la vista de gravedad<\/li>\n<li>Permite la importaci\u00f3n masiva de m\u00faltiples entradas a la vez<\/li>\n<li>Admite la importaci\u00f3n de varios formatos de archivo de datos (CSV, Excel, etc.)<\/li>\n<li>Proporciona una interfaz f\u00e1cil de usar para crear asignaciones de campo durante el proceso de importaci\u00f3n<\/li>\n<li>Garantiza la integridad y validaci\u00f3n de los datos durante el proceso de importaci\u00f3n<\/li>\n<li>Se puede utilizar para formas de gravedad nuevas y existentes<\/li>\n<li>Ahorra tiempo y reduce los errores de entrada de datos manuales<\/li>\n<li>Compatible con WordPress y todas las versiones de las formas de gravedad<\/li>\n<li>Proporciona comentarios en tiempo real sobre el proceso de importaci\u00f3n y cualquier error encontrado<\/li>\n<li>El dise\u00f1o f\u00e1cil de usar e intuitivo facilita el uso de los principiantes y los usuarios avanzados.<\/li>\n<\/ul>\n","protected":false},"excerpt":{"rendered":"<p>Las entradas de importaci\u00f3n de Gravity View es una herramienta incre\u00edblemente robusta y f\u00e1cil de usar, con una amplia gama de capacidades que le permiten importar entradas a la perfecci\u00f3n de una amplia gama de fuentes, que abarca archivos CSV, hojas de c\u00e1lculo de Excel y hojas de Google. Al aprovechar la potencia de este complemento, puede transferir sin esfuerzo datos de sistemas alternativos, realizar actualizaciones masivas en sus entradas e incluso forjar plantillas de importaci\u00f3n a medida. No importa si se encuentra inmerso en el mundo del desarrollo experimentado o simplemente se identifica como un usuario no t\u00e9cnico, ya que las entradas de importaci\u00f3n de la vista por gravedad est\u00e1n equipadas con la adaptabilidad y la funcionalidad integral necesaria para cumplir con sus requisitos espec\u00edficos. No pierda el tiempo en embarcarse en una prueba de esta herramienta innovadora hoy y permitirle agilizar todo su flujo de trabajo de gesti\u00f3n de datos como nunca antes.<\/p>\n","protected":false},"featured_media":166377,"comment_status":"open","ping_status":"open","template":"","meta":[],"product_brand":[2472],"product_cat":[1216,1206,1211],"product_tag":[1304],"class_list":{"0":"post-121008","1":"product","2":"type-product","3":"status-publish","4":"has-post-thumbnail","6":"product_brand-gravityview","7":"product_cat-formas","8":"product_cat-plugins","9":"product_cat-wordpress-plugins","10":"product_tag-gravityview","11":"member-discount","12":"discount-restricted","14":"first","15":"instock","16":"sale","17":"downloadable","18":"virtual","19":"sold-individually","20":"purchasable","21":"product-type-simple"},"_links":{"self":[{"href":"https:\/\/gpl-love.com\/es\/wp-json\/wp\/v2\/product\/121008","targetHints":{"allow":["GET"]}}],"collection":[{"href":"https:\/\/gpl-love.com\/es\/wp-json\/wp\/v2\/product"}],"about":[{"href":"https:\/\/gpl-love.com\/es\/wp-json\/wp\/v2\/types\/product"}],"replies":[{"embeddable":true,"href":"https:\/\/gpl-love.com\/es\/wp-json\/wp\/v2\/comments?post=121008"}],"wp:featuredmedia":[{"embeddable":true,"href":"https:\/\/gpl-love.com\/es\/wp-json\/wp\/v2\/media\/166377"}],"wp:attachment":[{"href":"https:\/\/gpl-love.com\/es\/wp-json\/wp\/v2\/media?parent=121008"}],"wp:term":[{"taxonomy":"product_brand","embeddable":true,"href":"https:\/\/gpl-love.com\/es\/wp-json\/wp\/v2\/product_brand?post=121008"},{"taxonomy":"product_cat","embeddable":true,"href":"https:\/\/gpl-love.com\/es\/wp-json\/wp\/v2\/product_cat?post=121008"},{"taxonomy":"product_tag","embeddable":true,"href":"https:\/\/gpl-love.com\/es\/wp-json\/wp\/v2\/product_tag?post=121008"}],"curies":[{"name":"wp","href":"https:\/\/api.w.org\/{rel}","templated":true}]}}