{"id":121006,"date":"2026-04-18T00:00:00","date_gmt":"2026-04-18T05:00:00","guid":{"rendered":"https:\/\/gpl-love.com\/es\/producto\/gravity-view-wordpress-plugin\/"},"modified":"2026-04-18T17:15:46","modified_gmt":"2026-04-18T22:15:46","slug":"gravity-view-wordpress-plugin","status":"publish","type":"product","link":"https:\/\/gpl-love.com\/es\/producto\/gravity-view-wordpress-plugin\/","title":{"rendered":"Gravity View 2.57.0"},"content":{"rendered":"<h3>Gravity View Caracteristicas<\/h3>\n<p>Gravity View es una herramienta de vanguardia y innovadora que ofrece una visualizaci\u00f3n integral e integral de datos de formularios de gravedad, revolucionando as\u00ed la forma en que se presentan los datos. Este notable complemento permite a los usuarios generar sin esfuerzo vistas personalizadas de las presentaciones de formulario, lo que permite una variedad de representaciones visualmente atractivas e informativas, incluidas tablas, directorios, calendarios y m\u00e1s. Adem\u00e1s, ofrece la conveniencia adicional de la filtraci\u00f3n de datos, la clasificaci\u00f3n y la b\u00fasqueda de funcionalidades, lo que permite a los usuarios localizar r\u00e1pidamente y eficientemente la informaci\u00f3n espec\u00edfica que requieren. Al aprovechar las inmensas capacidades de la vista de gravedad, los usuarios pueden generar din\u00e1micamente contenido convincente para sus sitios web, desde directorios de usuarios y calendarios de eventos hasta listados de productos. La interfaz f\u00e1cil de usar junto con las caracter\u00edsticas excepcionalmente potentes de la vista de gravedad lo convierte en una herramienta indispensable e indispensable para las personas que conf\u00edan en los formularios de gravedad para la recopilaci\u00f3n de datos y est\u00e1n ansiosos por mostrarla de una manera atractiva y significativa.<\/p>\n<ul>\n<li>Un poderoso complemento para WordPress que permite a los usuarios mostrar y manipular datos recopilados a trav\u00e9s de formularios de gravedad<\/li>\n<li>Ofrece una variedad de dise\u00f1os y vistas personalizables, incluidas tablas, calendarios y pantallas de mapas.<\/li>\n<li>Permite a los usuarios filtrar, clasificar y buscar datos, as\u00ed como agregar o editar entradas directamente desde el front-end de su sitio web<\/li>\n<li>Se integra con una amplia gama de herramientas y servicios de terceros, como WooCommerce, Zapier y MailChimp<\/li>\n<li>Ofrece caracter\u00edsticas avanzadas, como formato condicional, paginaci\u00f3n y acciones masivas, para ayudar a los usuarios a administrar y organizar sus datos de manera m\u00e1s efectiva.<\/li>\n<li>Proporciona amplia documentaci\u00f3n y recursos de soporte, incluidas gu\u00edas de usuario, tutoriales de video y un equipo de soporte dedicado<\/li>\n<\/ul>\n","protected":false},"excerpt":{"rendered":"<p>Gravity View es un complemento notablemente vers\u00e1til dise\u00f1ado espec\u00edficamente para WordPress, que proporciona a los usuarios la conveniencia final de mostrar sin esfuerzo sus datos de formularios de gravedad directamente en su sitio web. Adem\u00e1s, este complemento excepcional ofrece una gran cantidad de elegantes vistas y opciones de visualizaci\u00f3n personalizables, lo que permite a los usuarios presentar sus datos de manera cautivadora y comprensible. Ya sea que el objetivo de uno sea establecer directorios intrincados, realizar encuestas de satisfacci\u00f3n del cliente o facilitar el seguimiento de pedidos, la vista de gravedad faculta a las personas a las personas para transformar sus datos de gravedad en pantallas visualmente atractivas y completamente funcionales que est\u00e1n garantizadas para cautivar y asombrar a los visitantes del sitio web. Al aprovechar las inmensas capacidades de la vista de gravedad, los usuarios pueden optimizar efectivamente el potencial de sus datos de formularios de gravedad al tiempo que elevan simult\u00e1neamente la calidad y la funcionalidad general de su sitio web a alturas incomparables.<\/p>\n","protected":false},"featured_media":166367,"comment_status":"open","ping_status":"open","template":"","meta":[],"product_brand":[2469],"product_cat":[1216,1206,1211],"product_tag":[1300],"class_list":{"0":"post-121006","1":"product","2":"type-product","3":"status-publish","4":"has-post-thumbnail","6":"product_brand-gravityforms","7":"product_cat-formas","8":"product_cat-plugins","9":"product_cat-wordpress-plugins","10":"product_tag-gravityforms","11":"member-discount","12":"discount-restricted","14":"first","15":"instock","16":"sale","17":"downloadable","18":"virtual","19":"sold-individually","20":"purchasable","21":"product-type-simple"},"_links":{"self":[{"href":"https:\/\/gpl-love.com\/es\/wp-json\/wp\/v2\/product\/121006","targetHints":{"allow":["GET"]}}],"collection":[{"href":"https:\/\/gpl-love.com\/es\/wp-json\/wp\/v2\/product"}],"about":[{"href":"https:\/\/gpl-love.com\/es\/wp-json\/wp\/v2\/types\/product"}],"replies":[{"embeddable":true,"href":"https:\/\/gpl-love.com\/es\/wp-json\/wp\/v2\/comments?post=121006"}],"wp:featuredmedia":[{"embeddable":true,"href":"https:\/\/gpl-love.com\/es\/wp-json\/wp\/v2\/media\/166367"}],"wp:attachment":[{"href":"https:\/\/gpl-love.com\/es\/wp-json\/wp\/v2\/media?parent=121006"}],"wp:term":[{"taxonomy":"product_brand","embeddable":true,"href":"https:\/\/gpl-love.com\/es\/wp-json\/wp\/v2\/product_brand?post=121006"},{"taxonomy":"product_cat","embeddable":true,"href":"https:\/\/gpl-love.com\/es\/wp-json\/wp\/v2\/product_cat?post=121006"},{"taxonomy":"product_tag","embeddable":true,"href":"https:\/\/gpl-love.com\/es\/wp-json\/wp\/v2\/product_tag?post=121006"}],"curies":[{"name":"wp","href":"https:\/\/api.w.org\/{rel}","templated":true}]}}