{"id":121004,"date":"2026-04-24T00:00:00","date_gmt":"2026-04-24T05:00:00","guid":{"rendered":"https:\/\/gpl-love.com\/es\/producto\/gravity-forms-wordpress-plugin\/"},"modified":"2026-04-23T23:15:42","modified_gmt":"2026-04-24T04:15:42","slug":"gravity-forms-wordpress-plugin","status":"publish","type":"product","link":"https:\/\/gpl-love.com\/es\/producto\/gravity-forms-wordpress-plugin\/","title":{"rendered":"Gravity Forms WordPress Plugin 2.10.0.1"},"content":{"rendered":"<h3>Gravity Forms WordPress Plugin Caracteristicas<\/h3>\n<p>El complemento de WordPress de Gravity Forms es un constructor de formas incre\u00edblemente robusto y altamente efectivo que otorga a los usuarios la capacidad de construir formas personalizadas sin esfuerzo para sus respectivos sitios web. A trav\u00e9s de la utilizaci\u00f3n de una interfaz de arrastrar y soltar directa y f\u00e1cil de usar, a los individuos se les otorga la capacidad de incorporar a la perfecci\u00f3n una mir\u00edada de campos distintos en sus formas, incluidos, entre otros, cuadros de texto, botones de radio y men\u00fas desplegables. . Este complemento en particular otorga a\u00fan m\u00e1s a sus usuarios una multitud de caracter\u00edsticas avanzadas, una de las cuales es la l\u00f3gica condicional, lo que permite a las personas exhibir o ocultar los campos de formulario espec\u00edficos en funci\u00f3n de la entrada proporcionada por los usuarios. Adem\u00e1s, vale la pena se\u00f1alar que los formularios de gravedad poseen la capacidad de integrarse perfectamente con varias pasarelas de pago prominentes y servicios de marketing por correo electr\u00f3nico, lo que posteriormente lo que lo convierte en una herramienta excepcionalmente ventajosa para las empresas que buscan fervientemente mejorar su presencia digital. Independientemente de si el objetivo de uno gira en torno a la creaci\u00f3n de una forma de contacto b\u00e1sica o una encuesta m\u00e1s intrincada y multifac\u00e9tica, la gravedad forma el complemento de WordPress, sin duda, representa una opci\u00f3n ejemplar para cualquier persona que aspira a optimizar su proceso de creaci\u00f3n de forma.<\/p>\n<ul>\n<li>WordPress f\u00e1cil de usar para crear formularios en su sitio web<\/li>\n<li>Permite la personalizaci\u00f3n de los campos de formulario, el estilo y el dise\u00f1o<\/li>\n<li>Se integra con servicios populares de marketing por correo electr\u00f3nico como MailChimp y Aweber<\/li>\n<li>Proporciona l\u00f3gica condicional para mostrar u ocultar campos de formulario en funci\u00f3n de la entrada del usuario<\/li>\n<li>Ofrece protecci\u00f3n contra spam a trav\u00e9s de recaptcha y la capacidad de limitar los env\u00edos de formulario<\/li>\n<li>Proporciona an\u00e1lisis detallados sobre los env\u00edos de formularios y el comportamiento del usuario<\/li>\n<li>Permite m\u00faltiples notificaciones de env\u00edo de formularios por correo electr\u00f3nico o SMS<\/li>\n<li>Incluye herramientas de desarrollador para personalizar funciones y ganchos<\/li>\n<li>Ofrece una variedad de complementos para funcionalidad adicional, como integraciones de PayPal e Stripe.<\/li>\n<\/ul>\n","protected":false},"excerpt":{"rendered":"<p>Gravity Forms WordPress Plugin es una soluci\u00f3n incre\u00edblemente robusta y f\u00e1cil de usar que le permite generar formas personalizadas sin esfuerzo en su sitio web. Ofreciendo una gran cantidad de caracter\u00edsticas impresionantes que incluye una funci\u00f3n de construcci\u00f3n de formulario de arrastre y arrastre perfecta, la capacidad de aplicar una l\u00f3gica condicional e integraci\u00f3n perfecta con servicios de marketing de correo electr\u00f3nico conocidos, as\u00ed como pasarelas de pago, Gravity Forms proporciona un medio suave y eficiente de Recopilar informaci\u00f3n valiosa de los visitantes de su sitio web y transformarlos de manera efectiva en clientes potenciales, clientes o suscriptores. Uno de los aspectos m\u00e1s notables de este complemento es su personalizaci\u00f3n completa, lo que le permite formularios de moda que se alinean perfectamente con su marca y exudan su estilo \u00fanico sin problemas. Ya sea que su objetivo es establecer formularios de contacto b\u00e1sicos o encuestas intrincadas de varias p\u00e1ginas, los formularios de gravedad es su soluci\u00f3n final, que atiende a todas sus necesidades.<\/p>\n","protected":false},"featured_media":166339,"comment_status":"open","ping_status":"open","template":"","meta":[],"product_brand":[2469],"product_cat":[1216,1206,1211],"product_tag":[1300],"class_list":{"0":"post-121004","1":"product","2":"type-product","3":"status-publish","4":"has-post-thumbnail","6":"product_brand-gravityforms","7":"product_cat-formas","8":"product_cat-plugins","9":"product_cat-wordpress-plugins","10":"product_tag-gravityforms","11":"member-discount","12":"discount-restricted","14":"first","15":"instock","16":"sale","17":"downloadable","18":"virtual","19":"sold-individually","20":"purchasable","21":"product-type-simple"},"_links":{"self":[{"href":"https:\/\/gpl-love.com\/es\/wp-json\/wp\/v2\/product\/121004","targetHints":{"allow":["GET"]}}],"collection":[{"href":"https:\/\/gpl-love.com\/es\/wp-json\/wp\/v2\/product"}],"about":[{"href":"https:\/\/gpl-love.com\/es\/wp-json\/wp\/v2\/types\/product"}],"replies":[{"embeddable":true,"href":"https:\/\/gpl-love.com\/es\/wp-json\/wp\/v2\/comments?post=121004"}],"wp:featuredmedia":[{"embeddable":true,"href":"https:\/\/gpl-love.com\/es\/wp-json\/wp\/v2\/media\/166339"}],"wp:attachment":[{"href":"https:\/\/gpl-love.com\/es\/wp-json\/wp\/v2\/media?parent=121004"}],"wp:term":[{"taxonomy":"product_brand","embeddable":true,"href":"https:\/\/gpl-love.com\/es\/wp-json\/wp\/v2\/product_brand?post=121004"},{"taxonomy":"product_cat","embeddable":true,"href":"https:\/\/gpl-love.com\/es\/wp-json\/wp\/v2\/product_cat?post=121004"},{"taxonomy":"product_tag","embeddable":true,"href":"https:\/\/gpl-love.com\/es\/wp-json\/wp\/v2\/product_tag?post=121004"}],"curies":[{"name":"wp","href":"https:\/\/api.w.org\/{rel}","templated":true}]}}