{"id":121002,"date":"2021-02-09T00:00:00","date_gmt":"2021-02-09T05:00:00","guid":{"rendered":"https:\/\/gpl-love.com\/es\/producto\/gravity-forms-paypal-payments-pro-addon\/"},"modified":"2026-03-09T07:40:03","modified_gmt":"2026-03-09T12:40:03","slug":"gravity-forms-paypal-payments-pro-addon","status":"publish","type":"product","link":"https:\/\/gpl-love.com\/es\/producto\/gravity-forms-paypal-payments-pro-addon\/","title":{"rendered":"Gravity Forms Paypal Payments Pro Addon 2.5.1"},"content":{"rendered":"<h3>Gravity Forms Paypal Payments Pro Addon Caracteristicas<\/h3>\n<p>La gravedad forma PayPal Payments Pro Addon, reconocido por su notable funcionalidad, surge como una herramienta incomparable tanto para las empresas como para las personas que buscan optimizar y mejorar su sistema de procesamiento de pagos. Este notable complemento integra a la perfecci\u00f3n PayPal Payments Pro en la plataforma de formularios de gravedad, facilitando as\u00ed el procesamiento de pagos impecable y altamente seguro. Su impresionante variedad de caracter\u00edsticas, incluida la capacidad de manejar pagos recurrentes y campos de facturaci\u00f3n de adaptaci\u00f3n para satisfacer las necesidades individuales, hace que este complemento sea un activo indispensable para aquellos que tienen como objetivo automatizar sus procesos de pago y elevar la experiencia general del cliente. De hecho, la gravedad Forms PayPal Payments Pro Addon es una herramienta imperativa para cualquier persona que se esfuerza por optimizar su sistema de procesamiento de pagos y reforzar su eficiencia comercial general.<\/p>\n<ul>\n<li>Integraci\u00f3n perfecta del procesamiento de pagos de PayPal con formularios de gravedad<\/li>\n<li>Capacidad para personalizar las opciones de pago y los campos en los formularios de pago<\/li>\n<li>Proporciona una soluci\u00f3n de pago segura con el sistema de procesamiento de pagos de PayPal<\/li>\n<li>Permite pagos y suscripciones recurrentes a trav\u00e9s de PayPal<\/li>\n<li>Compatible con todos los complementos e integraciones de Gravity Forms<\/li>\n<li>Actualiza autom\u00e1ticamente el estado de pago y las notificaciones en formularios de gravedad<\/li>\n<li>F\u00e1cil de configurar con opciones de configuraci\u00f3n simples<\/li>\n<li>Proporciona registros de transacciones detallados para un f\u00e1cil seguimiento y gesti\u00f3n<\/li>\n<li>Incluye soporte para m\u00faltiples monedas e idiomas<\/li>\n<li>Excelente soporte al cliente con actualizaciones gratuitas y correcciones de errores<\/li>\n<\/ul>\n","protected":false},"excerpt":{"rendered":"<p>Al utilizar los notables formularios de gravedad PayPal Payments Pro Addon, puede recibir de forma segura los pagos en su sitio web a trav\u00e9s de la pasarela de pago de PayPal formidable. Este complemento excepcional se integra sin problemas con sus formularios de gravedad, lo que le permite establecer sin esfuerzo formularios de pago personalizados y reunir los pagos sin esfuerzo sin encontrar ning\u00fan inconveniente. Equipado con funcionalidades de vanguardia, como la facturaci\u00f3n de suscripci\u00f3n y la capacidad de retener los datos del cliente para las transacciones posteriores, este complemento racionaliza sin esfuerzo sus esfuerzos de gesti\u00f3n de pagos en l\u00ednea, fomentando as\u00ed la expansi\u00f3n de su negocio. Con esta soluci\u00f3n de pago incre\u00edblemente potente a su disposici\u00f3n, puede supervisar sin problemas su proceso de pago y garantizar una experiencia de cliente perfecta.<\/p>\n","protected":false},"featured_media":166321,"comment_status":"open","ping_status":"open","template":"","meta":[],"product_brand":[2469],"product_cat":[1278,1206,1211],"product_tag":[1300],"class_list":{"0":"post-121002","1":"product","2":"type-product","3":"status-publish","4":"has-post-thumbnail","6":"product_brand-gravityforms","7":"product_cat-pago","8":"product_cat-plugins","9":"product_cat-wordpress-plugins","10":"product_tag-gravityforms","11":"member-discount","12":"discount-restricted","14":"first","15":"instock","16":"sale","17":"downloadable","18":"virtual","19":"sold-individually","20":"purchasable","21":"product-type-simple"},"_links":{"self":[{"href":"https:\/\/gpl-love.com\/es\/wp-json\/wp\/v2\/product\/121002","targetHints":{"allow":["GET"]}}],"collection":[{"href":"https:\/\/gpl-love.com\/es\/wp-json\/wp\/v2\/product"}],"about":[{"href":"https:\/\/gpl-love.com\/es\/wp-json\/wp\/v2\/types\/product"}],"replies":[{"embeddable":true,"href":"https:\/\/gpl-love.com\/es\/wp-json\/wp\/v2\/comments?post=121002"}],"wp:featuredmedia":[{"embeddable":true,"href":"https:\/\/gpl-love.com\/es\/wp-json\/wp\/v2\/media\/166321"}],"wp:attachment":[{"href":"https:\/\/gpl-love.com\/es\/wp-json\/wp\/v2\/media?parent=121002"}],"wp:term":[{"taxonomy":"product_brand","embeddable":true,"href":"https:\/\/gpl-love.com\/es\/wp-json\/wp\/v2\/product_brand?post=121002"},{"taxonomy":"product_cat","embeddable":true,"href":"https:\/\/gpl-love.com\/es\/wp-json\/wp\/v2\/product_cat?post=121002"},{"taxonomy":"product_tag","embeddable":true,"href":"https:\/\/gpl-love.com\/es\/wp-json\/wp\/v2\/product_tag?post=121002"}],"curies":[{"name":"wp","href":"https:\/\/api.w.org\/{rel}","templated":true}]}}