{"id":121000,"date":"2025-12-11T00:00:00","date_gmt":"2025-12-11T05:00:00","guid":{"rendered":"https:\/\/gpl-love.com\/es\/producto\/gravity-forms-paypal-commerce-platform-addon\/"},"modified":"2026-03-09T07:40:02","modified_gmt":"2026-03-09T12:40:02","slug":"gravity-forms-paypal-commerce-platform-addon","status":"publish","type":"product","link":"https:\/\/gpl-love.com\/es\/producto\/gravity-forms-paypal-commerce-platform-addon\/","title":{"rendered":"Gravity Forms PayPal Checkout Addon 4.0.1"},"content":{"rendered":"<h3>Gravity Forms PayPal Checkout Addon Caracteristicas<\/h3>\n<p>El complemento PayPal Checkout Forms de gravedad es una herramienta excepcionalmente robusta y din\u00e1mica que permite a los usuarios integrar sin problemas la funcionalidad de pago de PayPal altamente solicitada directamente en sus formularios de gravedad. Al aprovechar este complemento incre\u00edblemente innovador, los usuarios est\u00e1n facultados para crear y personalizar sin esfuerzo formularios equipados con opciones de pago de PayPal, lo que brinda a sus estimados clientes la conveniencia incomparable y la tranquilidad de participar en transacciones seguras y convenientes a trav\u00e9s de solo unos pocos clics. Impecablemente dise\u00f1ado para racionalizar el intrincado proceso de procesamiento de pagos, este complemento invaluable garantiza una experiencia de pago sin problemas y gratificante para los clientes al tiempo que proporciona al mismo tiempo a las empresas con una soluci\u00f3n de gesti\u00f3n de pagos excepcionalmente eficiente. En particular, este complemento de vanguardia cuenta con una impresionante variedad de opciones de pago personalizables, la capacidad de manejar de manera efectiva m\u00faltiples escenarios de pago y una gran cantidad de medidas de seguridad avanzadas implementadas meticulosamente para proteger meticulosamente y fortificar las transacciones, inculcando as\u00ed un sentido de confianza invaluable de confianza y confianza tanto en clientes como en negocios por igual. Es sin duda que la gravedad de PayPal Checkout Addon se destaca definitivamente como un recurso indispensable y no negociable para las empresas dedicadas a fomentar la lealtad del cliente a largo plazo y ofrecer a sus clientes estimados una alternativa de pago sin sentido y sin esfuerzo sin esfuerzo.<\/p>\n<ul>\n<li>Integre perfectamente los pagos de PayPal en sus formularios de gravedad<\/li>\n<li>Ofrecer a sus clientes una manera r\u00e1pida y f\u00e1cil de pagar sus productos o servicios.<\/li>\n<li>Personalice su proceso de pago con varias configuraciones y opciones<\/li>\n<li>Realice un seguimiento de la informaci\u00f3n de pago y los detalles de la transacci\u00f3n dentro del tablero de formularios de gravedad<\/li>\n<li>Asegurar el procesamiento de pago seguro a trav\u00e9s de las medidas de protecci\u00f3n de fraude y cifrado de confianza de PayPal<\/li>\n<li>Configurar y administrar f\u00e1cilmente pagos recurrentes para servicios de suscripci\u00f3n o planes de cuota<\/li>\n<li>Obtenga soporte y actualizaciones del equipo dedicado de expertos dedicado de Gravity Forms.<\/li>\n<\/ul>\n","protected":false},"excerpt":{"rendered":"<p>El complemento PayPal de formularios de gravedad sirve como una soluci\u00f3n ideal para las empresas con el objetivo de mejorar la eficiencia de su procedimiento de pago. Al incorporar este complemento sencillo pero notablemente potente, puede amalgamar sin esfuerzo sus formas de gravedad con PayPal, simplificando as\u00ed la experiencia transaccional para su estimada clientela. Este complemento presenta una pasarela de pago altamente confiable y segura, asegurando la m\u00e1xima confidencialidad y protecci\u00f3n de los datos confidenciales de sus clientes. Adem\u00e1s, su proceso de instalaci\u00f3n y configuraci\u00f3n es sin problemas, lo que le permite iniciar r\u00e1pidamente la aceptaci\u00f3n de pagos sin demoras.<\/p>\n","protected":false},"featured_media":166320,"comment_status":"open","ping_status":"open","template":"","meta":[],"product_brand":[2469],"product_cat":[1216,1206,1211],"product_tag":[1300],"class_list":{"0":"post-121000","1":"product","2":"type-product","3":"status-publish","4":"has-post-thumbnail","6":"product_brand-gravityforms","7":"product_cat-formas","8":"product_cat-plugins","9":"product_cat-wordpress-plugins","10":"product_tag-gravityforms","11":"member-discount","12":"discount-restricted","14":"first","15":"instock","16":"sale","17":"downloadable","18":"virtual","19":"sold-individually","20":"purchasable","21":"product-type-simple"},"_links":{"self":[{"href":"https:\/\/gpl-love.com\/es\/wp-json\/wp\/v2\/product\/121000","targetHints":{"allow":["GET"]}}],"collection":[{"href":"https:\/\/gpl-love.com\/es\/wp-json\/wp\/v2\/product"}],"about":[{"href":"https:\/\/gpl-love.com\/es\/wp-json\/wp\/v2\/types\/product"}],"replies":[{"embeddable":true,"href":"https:\/\/gpl-love.com\/es\/wp-json\/wp\/v2\/comments?post=121000"}],"wp:featuredmedia":[{"embeddable":true,"href":"https:\/\/gpl-love.com\/es\/wp-json\/wp\/v2\/media\/166320"}],"wp:attachment":[{"href":"https:\/\/gpl-love.com\/es\/wp-json\/wp\/v2\/media?parent=121000"}],"wp:term":[{"taxonomy":"product_brand","embeddable":true,"href":"https:\/\/gpl-love.com\/es\/wp-json\/wp\/v2\/product_brand?post=121000"},{"taxonomy":"product_cat","embeddable":true,"href":"https:\/\/gpl-love.com\/es\/wp-json\/wp\/v2\/product_cat?post=121000"},{"taxonomy":"product_tag","embeddable":true,"href":"https:\/\/gpl-love.com\/es\/wp-json\/wp\/v2\/product_tag?post=121000"}],"curies":[{"name":"wp","href":"https:\/\/api.w.org\/{rel}","templated":true}]}}