{"id":120998,"date":"2025-04-17T00:00:00","date_gmt":"2025-04-17T05:00:00","guid":{"rendered":"https:\/\/gpl-love.com\/es\/producto\/gravity-forms-constant-contact-addon\/"},"modified":"2026-03-09T07:39:37","modified_gmt":"2026-03-09T12:39:37","slug":"gravity-forms-constant-contact-addon","status":"publish","type":"product","link":"https:\/\/gpl-love.com\/es\/producto\/gravity-forms-constant-contact-addon\/","title":{"rendered":"Gravity Forms Constant Contact Addon 1.8.0"},"content":{"rendered":"<h3>Gravity Forms Constant Contact Addon Caracteristicas<\/h3>\n<p>La gravedad forma constante complemento de contacto, una herramienta altamente potente y eficiente, ha sido meticulosamente elaborada para facilitar a las empresas y organizaciones a racionalizar sus esfuerzos de marketing por correo electr\u00f3nico. Al integrar a la perfecci\u00f3n el contacto constante con los formularios de gravedad, los usuarios est\u00e1n facultados para incorporar sin esfuerzo nuevos suscriptores en sus listas de correo electr\u00f3nico, as\u00ed como construir campa\u00f1as de correo electr\u00f3nico personalizadas. Este notable complemento abarca una gran cantidad de caracter\u00edsticas invaluables, que van desde la capacidad de hacer coincidir los campos hasta los campos de contacto, hasta el establecimiento de casillas de verificaci\u00f3n a medida, entre otros. En consecuencia, no hace falta decir que el complemento de contacto constante de los formularios de gravedad es un activo indispensable para cualquier empresa que busque amplificar sus iniciativas de marketing por correo electr\u00f3nico y expandir su creciente base de suscriptores.<\/p>\n<ul>\n<li>Integraci\u00f3n perfecta de formas de gravedad y contacto constante<\/li>\n<li>Permite la transferencia f\u00e1cil y automatizada de los env\u00edos de formularios al contacto constante<\/li>\n<li>Agrega autom\u00e1ticamente nuevos contactos a las listas designadas en contacto constante<\/li>\n<li>Configuraci\u00f3n personalizable para mapeo de campo y selecci\u00f3n de listas<\/li>\n<li>Proporciona informes detallados sobre todos los env\u00edos de formularios y actividad de contacto constante<\/li>\n<li>Admite m\u00faltiples formularios y listas para la flexibilidad en las campa\u00f1as<\/li>\n<li>Ahorra tiempo y elimina la entrada de datos manuales<\/li>\n<li>Proporciona una herramienta valiosa para construir y administrar listas de marketing por correo electr\u00f3nico<\/li>\n<li>Altamente calificado y confiable por usuarios y expertos por igual<\/li>\n<li>Actualizado y compatible continuamente para su rendimiento \u00f3ptimo y experiencia del usuario.<\/li>\n<\/ul>\n","protected":false},"excerpt":{"rendered":"<p>El complemento de contacto constante de las formas de gravedad es una herramienta incre\u00edblemente robusta y altamente efectiva que integra perfectamente las potentes capacidades de las formas de gravedad con la funcionalidad incomparable del contacto constante. Esta integraci\u00f3n \u00fanica le proporciona la capacidad excepcional para capturar ventajas y suscriptores valiosos sin esfuerzo directamente de sus formas meticulosamente dise\u00f1adas. Al hacerlo, este complemento excepcional simplifica dr\u00e1sticamente la tarea desalentadora de administrar efectivamente sus intrincadas e intrincadas campa\u00f1as de marketing por correo electr\u00f3nico. Logra esta haza\u00f1a al agregar autom\u00e1ticamente y sin problemas todos los nuevos clientes potenciales y suscriptores a su cuenta de contacto constante sin ning\u00fan esfuerzo manual requerido de su parte.<\/p>\n","protected":false},"featured_media":166301,"comment_status":"open","ping_status":"open","template":"","meta":[],"product_brand":[2469],"product_cat":[1216,1206,1211],"product_tag":[1300],"class_list":{"0":"post-120998","1":"product","2":"type-product","3":"status-publish","4":"has-post-thumbnail","6":"product_brand-gravityforms","7":"product_cat-formas","8":"product_cat-plugins","9":"product_cat-wordpress-plugins","10":"product_tag-gravityforms","11":"member-discount","12":"discount-restricted","14":"first","15":"instock","16":"sale","17":"downloadable","18":"virtual","19":"sold-individually","20":"purchasable","21":"product-type-simple"},"_links":{"self":[{"href":"https:\/\/gpl-love.com\/es\/wp-json\/wp\/v2\/product\/120998","targetHints":{"allow":["GET"]}}],"collection":[{"href":"https:\/\/gpl-love.com\/es\/wp-json\/wp\/v2\/product"}],"about":[{"href":"https:\/\/gpl-love.com\/es\/wp-json\/wp\/v2\/types\/product"}],"replies":[{"embeddable":true,"href":"https:\/\/gpl-love.com\/es\/wp-json\/wp\/v2\/comments?post=120998"}],"wp:featuredmedia":[{"embeddable":true,"href":"https:\/\/gpl-love.com\/es\/wp-json\/wp\/v2\/media\/166301"}],"wp:attachment":[{"href":"https:\/\/gpl-love.com\/es\/wp-json\/wp\/v2\/media?parent=120998"}],"wp:term":[{"taxonomy":"product_brand","embeddable":true,"href":"https:\/\/gpl-love.com\/es\/wp-json\/wp\/v2\/product_brand?post=120998"},{"taxonomy":"product_cat","embeddable":true,"href":"https:\/\/gpl-love.com\/es\/wp-json\/wp\/v2\/product_cat?post=120998"},{"taxonomy":"product_tag","embeddable":true,"href":"https:\/\/gpl-love.com\/es\/wp-json\/wp\/v2\/product_tag?post=120998"}],"curies":[{"name":"wp","href":"https:\/\/api.w.org\/{rel}","templated":true}]}}