{"id":120996,"date":"2025-11-10T00:00:00","date_gmt":"2025-11-10T05:00:00","guid":{"rendered":"https:\/\/gpl-love.com\/es\/producto\/gravity-flow-wordpress-plugin\/"},"modified":"2026-03-09T07:39:16","modified_gmt":"2026-03-09T12:39:16","slug":"gravity-flow-wordpress-plugin","status":"publish","type":"product","link":"https:\/\/gpl-love.com\/es\/producto\/gravity-flow-wordpress-plugin\/","title":{"rendered":"Gravity Flow WordPress Plugin 3.0.0"},"content":{"rendered":"<h3>Gravity Flow WordPress Plugin Caracteristicas<\/h3>\n<p>Gravity Flow es un complemento de WordPress excepcionalmente robusto que se destaca por optimizar la automatizaci\u00f3n del flujo de trabajo para organizaciones de todas las magnitudes. Este ingenioso complemento ofrece una interfaz perfecta f\u00e1cil de usar junto con una funcionalidad incomparable de arrastrar y soltar, capacitar a los usuarios para idear sin esfuerzo flujos de trabajo a medida que automatizan tareas, monitoreen el progreso y faciliten la comunicaci\u00f3n simplificada. Ya sea que los flujos de trabajo son procesos de aprobaci\u00f3n sencillos o intrincados esfuerzos de varios pasos, el flujo de gravedad proporciona un nivel de flexibilidad y personalizaci\u00f3n sin precedentes, perfectamente adaptado para abordar los requisitos \u00fanicos de cualquier organizaci\u00f3n determinada. Adem\u00e1s, el complemento abarca una gran cantidad de caracter\u00edsticas adicionales, que incluyen notificaciones por correo electr\u00f3nico, opciones de estado a medida, as\u00ed como roles y permisos de los usuarios meticulosamente seleccionados, todos los cuales se aseguran impecablemente de que los flujos de trabajo se manejen diligentemente con la mayor eficiencia y seguridad. Al aprovechar las capacidades notables del flujo de gravedad, las empresas pueden ahorrar sin duda tiempo y recursos invaluables, al tiempo que mejoran los niveles de productividad y fomentando un entorno de colaboraci\u00f3n sin problemas.<\/p>\n<ul>\n<li>Permite una f\u00e1cil configuraci\u00f3n y gesti\u00f3n de procesos de flujo de gravedad dentro de WordPress<\/li>\n<li>Interfaz intuitiva de arrastrar y soltar para dise\u00f1ar flujos de trabajo<\/li>\n<li>Admite m\u00faltiples flujos de trabajo de pasos con mensajes, rutas y condiciones personalizadas<\/li>\n<li>Puede integrarse con complementos de formularios populares como formularios de gravedad y el formulario de contacto 7<\/li>\n<li>Proporciona informes y an\u00e1lisis s\u00f3lidos para informaci\u00f3n de rendimiento del flujo de trabajo<\/li>\n<li>Ofrece amplias opciones de personalizaci\u00f3n para flujos de trabajo de marca y estilo<\/li>\n<li>Guarda autom\u00e1ticamente el progreso del usuario dentro de los flujos de trabajo para completar la tarea perfecta<\/li>\n<li>Facilita la comunicaci\u00f3n entre los miembros del equipo a trav\u00e9s de la integraci\u00f3n con notificaciones de Slack y correo electr\u00f3nico<\/li>\n<li>Permite un potente potencial de automatizaci\u00f3n e integraci\u00f3n a trav\u00e9s de Zapier y Webhooks<\/li>\n<li>Viene con un excelente soporte y documentaci\u00f3n, que incluye un manual de usuario detallado y un foro comunitario activo.<\/li>\n<\/ul>\n","protected":false},"excerpt":{"rendered":"<p>\u00a1Estamos entusiasmados de presentarle el notable complemento de WordPress de flujo de gravedad, que ofrece una soluci\u00f3n impecable para mejorar la eficiencia de su flujo de trabajo! Con esta s\u00f3lida herramienta a su disposici\u00f3n, puede automatizar sin esfuerzo sus procesos y, en consecuencia, ahorrar una cantidad significativa de tiempo valioso. La integraci\u00f3n del flujo de gravedad con su sitio de WordPress le permite dise\u00f1ar y supervisar sin esfuerzo flujos de trabajo intrincados. Adem\u00e1s, la interfaz de usuario f\u00e1cil de usar e intuitiva asegura que cualquier persona, independientemente de su experiencia en codificaci\u00f3n, pueda implementar y administrar sin problemas flujos de trabajo personalizados. Entonces, \u00bfpor qu\u00e9 demorarse m\u00e1s? No pierda tiempo y comience la automatizaci\u00f3n de sus procesos hoy al adoptar las capacidades incomparables del flujo de gravedad.<\/p>\n","protected":false},"featured_media":166286,"comment_status":"open","ping_status":"open","template":"","meta":[],"product_brand":[2468],"product_cat":[1212,1206,1211],"product_tag":[2259],"class_list":{"0":"post-120996","1":"product","2":"type-product","3":"status-publish","4":"has-post-thumbnail","6":"product_brand-gravity-flow","7":"product_cat-administracion-wordpress-plugins","8":"product_cat-plugins","9":"product_cat-wordpress-plugins","10":"product_tag-gravity-flow","11":"member-discount","12":"discount-restricted","14":"first","15":"instock","16":"sale","17":"downloadable","18":"virtual","19":"sold-individually","20":"purchasable","21":"product-type-simple"},"_links":{"self":[{"href":"https:\/\/gpl-love.com\/es\/wp-json\/wp\/v2\/product\/120996","targetHints":{"allow":["GET"]}}],"collection":[{"href":"https:\/\/gpl-love.com\/es\/wp-json\/wp\/v2\/product"}],"about":[{"href":"https:\/\/gpl-love.com\/es\/wp-json\/wp\/v2\/types\/product"}],"replies":[{"embeddable":true,"href":"https:\/\/gpl-love.com\/es\/wp-json\/wp\/v2\/comments?post=120996"}],"wp:featuredmedia":[{"embeddable":true,"href":"https:\/\/gpl-love.com\/es\/wp-json\/wp\/v2\/media\/166286"}],"wp:attachment":[{"href":"https:\/\/gpl-love.com\/es\/wp-json\/wp\/v2\/media?parent=120996"}],"wp:term":[{"taxonomy":"product_brand","embeddable":true,"href":"https:\/\/gpl-love.com\/es\/wp-json\/wp\/v2\/product_brand?post=120996"},{"taxonomy":"product_cat","embeddable":true,"href":"https:\/\/gpl-love.com\/es\/wp-json\/wp\/v2\/product_cat?post=120996"},{"taxonomy":"product_tag","embeddable":true,"href":"https:\/\/gpl-love.com\/es\/wp-json\/wp\/v2\/product_tag?post=120996"}],"curies":[{"name":"wp","href":"https:\/\/api.w.org\/{rel}","templated":true}]}}