{"id":120991,"date":"2025-12-07T00:00:00","date_gmt":"2025-12-07T05:00:00","guid":{"rendered":"https:\/\/gpl-love.com\/es\/producto\/filebird-pro-easy-media-library-folders\/"},"modified":"2026-03-09T07:34:56","modified_gmt":"2026-03-09T12:34:56","slug":"filebird-pro-easy-media-library-folders","status":"publish","type":"product","link":"https:\/\/gpl-love.com\/es\/producto\/filebird-pro-easy-media-library-folders\/","title":{"rendered":"FileBird Pro Easy Media Library Folders 6.5.2"},"content":{"rendered":"<h3>FileBird Pro Easy Media Library Folders Caracteristicas<\/h3>\n<p>Las carpetas Filebird Pro Easy Media Library es un producto innovador e innovador que simplifica el proceso de organizaci\u00f3n y administraci\u00f3n de archivos de medios de manera f\u00e1cil. Esta herramienta excepcionalmente robusta le permite crear carpetas y subcarpetas personalizadas sin esfuerzo dentro de su biblioteca de medios de WordPress, simplificando as\u00ed el proceso de categorizar y localizar r\u00e1pidamente sus archivos. Al aprovechar las notables capacidades de Filebird Pro, obtiene la capacidad de arrastrar y soltar archivos en sus carpetas y reorganizarlos sin esfuerzo seg\u00fan sea necesario. La interfaz de usuario es incre\u00edblemente f\u00e1cil de usar e inherentemente intuitiva, lo que la hace f\u00e1cilmente accesible para las personas en todos los niveles de competencia. Adem\u00e1s, Filebird Pro cuenta con compatibilidad con la mayor\u00eda de los temas y complementos de WordPress, cimentando su estado como una soluci\u00f3n excepcionalmente vers\u00e1til para cualquier sitio web. Ac\u00e9tate a la tarea exasperante y que requiere mucho tiempo de recorrer tus archivos multimedia y marcar un comienzo de una nueva era de organizaci\u00f3n y eficiencia con las notables carpetas de biblioteca de medios Filebird Pro f\u00e1cil.<\/p>\n<ul>\n<li>Organizar y administrar sus archivos multimedia sin esfuerzo<\/li>\n<li>Crear carpetas ilimitadas para una categorizaci\u00f3n sin interrupciones<\/li>\n<li>Arrastre y suelte sus archivos en carpetas designadas<\/li>\n<li>Buscar y localizar f\u00e1cilmente archivos espec\u00edficos<\/li>\n<li>Mejore su flujo de trabajo y ahorre tiempo con una organizaci\u00f3n simplificada<\/li>\n<li>Compatible con una variedad de tipos de archivos multimedia<\/li>\n<li>Interfaz f\u00e1cil de usar para la administraci\u00f3n intuitiva de archivos<\/li>\n<li>Mejore su sitio web o proyecto con Gesti\u00f3n de Medios Polisados<\/li>\n<li>Explore las funciones de lujo con la versi\u00f3n Pro, incluida la sincronizaci\u00f3n autom\u00e1tica y el acceso a la carpeta remota.<\/li>\n<\/ul>\n","protected":false},"excerpt":{"rendered":"<p>Las carpetas Filebird Pro Easy Media Library es una herramienta de administraci\u00f3n de archivos integral y integral dise\u00f1ada espec\u00edficamente para WordPress, con el objetivo de simplificar el proceso de organizaci\u00f3n y administraci\u00f3n de sus archivos multimedia. Este notable complemento permite a los usuarios crear carpetas y categor\u00edas personalizadas sin esfuerzo, asegurando as\u00ed un sistema de almacenamiento organizado para todos sus archivos. En consecuencia, localizar y recuperar los archivos deseados se convierte en un esfuerzo sin esfuerzo precisamente cuando sea necesario. La interfaz de arrastrar y soltar f\u00e1cilmente de usuario facilita a\u00fan m\u00e1s el movimiento sin problemas y la reorganizaci\u00f3n de los archivos dentro de la biblioteca, lo que permite una reorganizaci\u00f3n eficiente seg\u00fan las preferencias individuales. Adem\u00e1s, la inclusi\u00f3n de funcionalidades avanzadas, como la gesti\u00f3n de archivos a granel y la organizaci\u00f3n autom\u00e1tica de archivos, eleva este complemento a un estado indispensable para las personas involucradas en el manejo extenso de archivos de medios. Para comprender completamente los beneficios ofrecidos por las carpetas Filebird Pro Easy Media Biblioteca, se recomienda encarecidamente probarlo y experimentar la eficiencia y la optimizaci\u00f3n mejoradas que aporta a su biblioteca de medios de WordPress.<\/p>\n","protected":false},"featured_media":166103,"comment_status":"open","ping_status":"open","template":"","meta":[],"product_brand":[2339],"product_cat":[1212,1206,1211],"product_tag":[1256],"class_list":{"0":"post-120991","1":"product","2":"type-product","3":"status-publish","4":"has-post-thumbnail","6":"product_brand-codecanyon","7":"product_cat-administracion-wordpress-plugins","8":"product_cat-plugins","9":"product_cat-wordpress-plugins","10":"product_tag-codecanyon","11":"member-discount","12":"discount-restricted","14":"first","15":"instock","16":"sale","17":"downloadable","18":"virtual","19":"sold-individually","20":"purchasable","21":"product-type-simple"},"_links":{"self":[{"href":"https:\/\/gpl-love.com\/es\/wp-json\/wp\/v2\/product\/120991","targetHints":{"allow":["GET"]}}],"collection":[{"href":"https:\/\/gpl-love.com\/es\/wp-json\/wp\/v2\/product"}],"about":[{"href":"https:\/\/gpl-love.com\/es\/wp-json\/wp\/v2\/types\/product"}],"replies":[{"embeddable":true,"href":"https:\/\/gpl-love.com\/es\/wp-json\/wp\/v2\/comments?post=120991"}],"wp:featuredmedia":[{"embeddable":true,"href":"https:\/\/gpl-love.com\/es\/wp-json\/wp\/v2\/media\/166103"}],"wp:attachment":[{"href":"https:\/\/gpl-love.com\/es\/wp-json\/wp\/v2\/media?parent=120991"}],"wp:term":[{"taxonomy":"product_brand","embeddable":true,"href":"https:\/\/gpl-love.com\/es\/wp-json\/wp\/v2\/product_brand?post=120991"},{"taxonomy":"product_cat","embeddable":true,"href":"https:\/\/gpl-love.com\/es\/wp-json\/wp\/v2\/product_cat?post=120991"},{"taxonomy":"product_tag","embeddable":true,"href":"https:\/\/gpl-love.com\/es\/wp-json\/wp\/v2\/product_tag?post=120991"}],"curies":[{"name":"wp","href":"https:\/\/api.w.org\/{rel}","templated":true}]}}