{"id":120989,"date":"2025-12-07T00:00:00","date_gmt":"2025-12-07T05:00:00","guid":{"rendered":"https:\/\/gpl-love.com\/es\/producto\/fancy-product-designer-y-plus-addon\/"},"modified":"2026-03-09T07:34:39","modified_gmt":"2026-03-09T12:34:39","slug":"fancy-product-designer-y-plus-addon","status":"publish","type":"product","link":"https:\/\/gpl-love.com\/es\/producto\/fancy-product-designer-y-plus-addon\/","title":{"rendered":"Fancy Product Designer y Plus Addon 6.5.0"},"content":{"rendered":"<h3>Fancy Product Designer y Plus Addon Caracteristicas<\/h3>\n<p>El elegante dise\u00f1ador de productos, en combinaci\u00f3n con el complemento Plus, es una soluci\u00f3n extremadamente robusta y formidable de impresi\u00f3n de la web que otorga a las empresas la notable capacidad de generar y adaptar una gran variedad de productos en un entorno en l\u00ednea. Al emplear este software, los usuarios est\u00e1n facultados para concebir y personalizar una variedad de mercanc\u00edas, incluidas, entre otros, camisetas, fundas telef\u00f3nicas, tarjetas de presentaci\u00f3n y una variedad de otros art\u00edculos. Adem\u00e1s, el complemento Plus aumenta la funcionalidad del elegante dise\u00f1ador de productos al impartir a los usuarios con atributos suplementarios que abarcan herramientas avanzadas de manipulaci\u00f3n de texto, filtros de im\u00e1genes y la facilidad para cargar m\u00faltiples im\u00e1genes simult\u00e1neamente. Este software, que posee una interfaz f\u00e1cil de usar, permite a las empresas racionalizar su procedimiento de dise\u00f1o, mejorar su productividad y, en \u00faltima instancia, aumentar su rentabilidad. Independientemente de si usted es un propietario de una empresa modesta, un dise\u00f1ador gr\u00e1fico o un establecimiento de impresi\u00f3n, un elegante dise\u00f1ador de productos, junto con el complemento PLUS, constituye la soluci\u00f3n ideal para sus requisitos web a imprimir.<\/p>\n<ul>\n<li>Una herramienta de dise\u00f1o potente e intuitiva para crear productos personalizados como camisetas, fundas para tel\u00e9fonos y m\u00e1s<\/li>\n<li>Interfaz f\u00e1cil de usar con funcionalidad de arrastrar y soltar para una f\u00e1cil creaci\u00f3n y personalizaci\u00f3n de dise\u00f1o<\/li>\n<li>Extensa biblioteca de clipart, fuentes y elementos de dise\u00f1o para elegir<\/li>\n<li>Caracter\u00edsticas avanzadas como el efecto de m\u00e1scara y los filtros de imagen para mejorar los dise\u00f1os<\/li>\n<li>Integraci\u00f3n perfecta con plataformas de comercio electr\u00f3nico populares que incluyen WooCommerce y Shopify<\/li>\n<li>Adem\u00e1s, el complemento expande las capacidades con caracter\u00edsticas como m\u00faltiples vistas, plantillas de dise\u00f1o y c\u00f3digos QR<\/li>\n<li>Opci\u00f3n para que los clientes guarden y compartan sus dise\u00f1os a trav\u00e9s de las redes sociales o el correo electr\u00f3nico<\/li>\n<li>Dise\u00f1o amigable para dispositivos m\u00f3viles para la personalizaci\u00f3n sobre la marcha<\/li>\n<li>Soporte y documentaci\u00f3n robustos para f\u00e1cil configuraci\u00f3n y uso<\/li>\n<li>Un imprescindible para cualquier negocio o sitio web que ofrezca creaci\u00f3n de productos personalizado.<\/li>\n<\/ul>\n","protected":false},"excerpt":{"rendered":"<p>El elegante dise\u00f1ador de productos, junto con su complemento PLUS, demuestra ser la herramienta por excelencia para elaborar productos a medida. Con una interfaz altamente intuitiva y una amplia gama de funcionalidades de dise\u00f1o, este software permite a los usuarios dise\u00f1ar productos personalizados sin esfuerzo que exuden el toque individual. Adem\u00e1s, el complemento Plus expande el \u00e1mbito de las posibilidades para la personalizaci\u00f3n, proporcionando capacidades avanzadas en la edici\u00f3n de texto e im\u00e1genes, la gesti\u00f3n del dise\u00f1o, as\u00ed como la capacidad de utilizar fuentes y dise\u00f1os autoupladados. Ya sea la creaci\u00f3n de dise\u00f1os de camisetas hechos a medida o la curaci\u00f3n de tarjetas de visita individualizadas, el elegante dise\u00f1ador de productos y el complemento desplegado una extensi\u00f3n ilimitada de oportunidades para sus actividades creativas.<\/p>\n","protected":false},"featured_media":166092,"comment_status":"open","ping_status":"open","template":"","meta":[],"product_brand":[2448],"product_cat":[1214,1206,1211],"product_tag":[1294],"class_list":{"0":"post-120989","1":"product","2":"type-product","3":"status-publish","4":"has-post-thumbnail","6":"product_brand-fancy","7":"product_cat-personalizacion","8":"product_cat-plugins","9":"product_cat-wordpress-plugins","10":"product_tag-fancy","11":"member-discount","12":"discount-restricted","14":"first","15":"instock","16":"sale","17":"downloadable","18":"virtual","19":"sold-individually","20":"purchasable","21":"product-type-simple"},"_links":{"self":[{"href":"https:\/\/gpl-love.com\/es\/wp-json\/wp\/v2\/product\/120989","targetHints":{"allow":["GET"]}}],"collection":[{"href":"https:\/\/gpl-love.com\/es\/wp-json\/wp\/v2\/product"}],"about":[{"href":"https:\/\/gpl-love.com\/es\/wp-json\/wp\/v2\/types\/product"}],"replies":[{"embeddable":true,"href":"https:\/\/gpl-love.com\/es\/wp-json\/wp\/v2\/comments?post=120989"}],"wp:featuredmedia":[{"embeddable":true,"href":"https:\/\/gpl-love.com\/es\/wp-json\/wp\/v2\/media\/166092"}],"wp:attachment":[{"href":"https:\/\/gpl-love.com\/es\/wp-json\/wp\/v2\/media?parent=120989"}],"wp:term":[{"taxonomy":"product_brand","embeddable":true,"href":"https:\/\/gpl-love.com\/es\/wp-json\/wp\/v2\/product_brand?post=120989"},{"taxonomy":"product_cat","embeddable":true,"href":"https:\/\/gpl-love.com\/es\/wp-json\/wp\/v2\/product_cat?post=120989"},{"taxonomy":"product_tag","embeddable":true,"href":"https:\/\/gpl-love.com\/es\/wp-json\/wp\/v2\/product_tag?post=120989"}],"curies":[{"name":"wp","href":"https:\/\/api.w.org\/{rel}","templated":true}]}}