{"id":120987,"date":"2026-04-10T00:00:00","date_gmt":"2026-04-10T05:00:00","guid":{"rendered":"https:\/\/gpl-love.com\/es\/producto\/eventon-wordpress-event-calendar-plugin\/"},"modified":"2026-04-10T11:15:36","modified_gmt":"2026-04-10T16:15:36","slug":"eventon-wordpress-event-calendar-plugin","status":"publish","type":"product","link":"https:\/\/gpl-love.com\/es\/producto\/eventon-wordpress-event-calendar-plugin\/","title":{"rendered":"EventOn WordPress Event Calendar Plugin 5.0.9"},"content":{"rendered":"<h3>EventOn WordPress Event Calendar Plugin Caracteristicas<\/h3>\n<p>Eventon, un complemento de calendario de eventos de WordPress altamente robusto, est\u00e1 dise\u00f1ado para proporcionar la m\u00e1xima conveniencia para crear y supervisar eventos en su sitio web. En virtud de su interfaz f\u00e1cil de usar y su extensa gama de opciones de personalizaci\u00f3n, Eventon permite la configuraci\u00f3n de eventos Swift, la incorporaci\u00f3n de campos y categor\u00edas a medida y una gesti\u00f3n eficiente de RSVP y ventas de boletos. Adem\u00e1s, tiene la capacidad de adaptar el dise\u00f1o y el dise\u00f1o de su calendario para alinearse perfectamente con su identidad de marca y estilo preferido. Con una capacidad de respuesta completa y una compatibilidad perfecta con todos los dispositivos, Eventon facilita la navegaci\u00f3n de eventos sin problemas y el registro para sus estimados visitantes. Ya sea que sea un emprendedor con una empresa a peque\u00f1a escala o un representante de una entidad bien establecida, Eventon sirve como la soluci\u00f3n ideal para satisfacer sus requisitos de gesti\u00f3n de eventos.<\/p>\n<ul>\n<li>Sistema integral de gesti\u00f3n de eventos para WordPress<\/li>\n<li>Permite la creaci\u00f3n y visualizaci\u00f3n de eventos con detalles como fecha, hora, lugar, descripci\u00f3n e im\u00e1genes<\/li>\n<li>Plantillas y dise\u00f1os de eventos personalizables para que coincidan con el tema de su sitio web<\/li>\n<li>Integraci\u00f3n con Google Maps para la visualizaci\u00f3n de ubicaci\u00f3n y la f\u00e1cil navegaci\u00f3n para los asistentes<\/li>\n<li>Sistema RSVP con opciones para que los invitados confirman la asistencia y deje los comentarios<\/li>\n<li>Opci\u00f3n para vender boletos directamente a trav\u00e9s del complemento con integraci\u00f3n de pagos (PayPal, Stripe, etc.)<\/li>\n<li>M\u00faltiples vistas de calendario, incluidos d\u00edas, semana, mes y lista.<\/li>\n<li>Interfaz f\u00e1cil de arrastrar y soltar para administrar eventos y programaci\u00f3n<\/li>\n<li>Soporte multiling\u00fce para audiencias internacionales<\/li>\n<li>Dise\u00f1o receptivo para pantallas m\u00f3viles y de tabletas<\/li>\n<li>Actualizaciones regulares y atenci\u00f3n al cliente de los desarrolladores.<\/li>\n<\/ul>\n","protected":false},"excerpt":{"rendered":"<p>El complemento de calendario de eventos de Eventon WordPress es una herramienta de calendario extremadamente robusta y capaz que le otorga la capacidad de generar y supervisar sin esfuerzo eventos en su sitio web. Con una interfaz f\u00e1cil de usar y una amplia gama de opciones de personalizaci\u00f3n, este complemento le permite presentar sus eventos de manera sofisticada y refinada. Con su amplia gama de caracter\u00edsticas que abarcan detalles del evento, informaci\u00f3n de boletos, categor\u00edas y eventos recurrentes, Eventon lo equipa con todos los elementos cruciales necesarios para un calendario de eventos triunfalmente eficaz en su sitio de WordPress. Adem\u00e1s, posee las cualidades ventajosas de ser optimizado para m\u00f3viles y SEO, asegurando as\u00ed que sus eventos puedan alcanzar y resonar de manera efectiva con su audiencia deseada, independientemente de su ubicaci\u00f3n geogr\u00e1fica.<\/p>\n","protected":false},"featured_media":166058,"comment_status":"open","ping_status":"open","template":"","meta":[],"product_brand":[2444],"product_cat":[1214,1206,1211],"product_tag":[1292],"class_list":{"0":"post-120987","1":"product","2":"type-product","3":"status-publish","4":"has-post-thumbnail","6":"product_brand-eventon","7":"product_cat-personalizacion","8":"product_cat-plugins","9":"product_cat-wordpress-plugins","10":"product_tag-eventon","11":"member-discount","12":"discount-restricted","14":"first","15":"instock","16":"sale","17":"downloadable","18":"virtual","19":"sold-individually","20":"purchasable","21":"product-type-simple"},"_links":{"self":[{"href":"https:\/\/gpl-love.com\/es\/wp-json\/wp\/v2\/product\/120987","targetHints":{"allow":["GET"]}}],"collection":[{"href":"https:\/\/gpl-love.com\/es\/wp-json\/wp\/v2\/product"}],"about":[{"href":"https:\/\/gpl-love.com\/es\/wp-json\/wp\/v2\/types\/product"}],"replies":[{"embeddable":true,"href":"https:\/\/gpl-love.com\/es\/wp-json\/wp\/v2\/comments?post=120987"}],"wp:featuredmedia":[{"embeddable":true,"href":"https:\/\/gpl-love.com\/es\/wp-json\/wp\/v2\/media\/166058"}],"wp:attachment":[{"href":"https:\/\/gpl-love.com\/es\/wp-json\/wp\/v2\/media?parent=120987"}],"wp:term":[{"taxonomy":"product_brand","embeddable":true,"href":"https:\/\/gpl-love.com\/es\/wp-json\/wp\/v2\/product_brand?post=120987"},{"taxonomy":"product_cat","embeddable":true,"href":"https:\/\/gpl-love.com\/es\/wp-json\/wp\/v2\/product_cat?post=120987"},{"taxonomy":"product_tag","embeddable":true,"href":"https:\/\/gpl-love.com\/es\/wp-json\/wp\/v2\/product_tag?post=120987"}],"curies":[{"name":"wp","href":"https:\/\/api.w.org\/{rel}","templated":true}]}}