{"id":120985,"date":"2026-04-16T00:00:00","date_gmt":"2026-04-16T05:00:00","guid":{"rendered":"https:\/\/gpl-love.com\/es\/producto\/essential-add-ons-para-elementor-pro\/"},"modified":"2026-04-16T17:15:46","modified_gmt":"2026-04-16T22:15:46","slug":"essential-add-ons-para-elementor-pro","status":"publish","type":"product","link":"https:\/\/gpl-love.com\/es\/producto\/essential-add-ons-para-elementor-pro\/","title":{"rendered":"Essential Addons para Elementor Pro 6.8.0"},"content":{"rendered":"<h3>Essential Addons para Elementor Pro Caracteristicas<\/h3>\n<p>Los complementos esenciales para El Elementor Pro Plugin es una herramienta que lo abarca todo que se expande enormemente en las capacidades ya robustas del constructor de p\u00e1ginas Elementer. Con un n\u00famero impresionante de m\u00e1s de 70 widgets y extensiones, este complemento faculta a los usuarios a los sitios web visualmente impresionantes y altamente personalizables sin esfuerzo. En particular, ofrece una gran cantidad de elementos avanzados, que incluyen, entre otros, la cuadr\u00edcula posterior, la caja de flip y la mesa de precios. Adem\u00e1s, este complemento ofrece una integraci\u00f3n perfecta con las estimadas plataformas de terceros como MailChimp, WooCommerce y Google Maps. Al implementar complementos esenciales para Elementor Pro, uno puede ahorrar una cantidad significativa de tiempo y esfuerzo al tiempo que logra simult\u00e1neamente una est\u00e9tica pulida y profesional para su sitio web. Como tal, este complemento es el ep\u00edtome de la excelencia para dise\u00f1adores, desarrolladores y propietarios de sitios web que aspiran a elevar la destreza de dise\u00f1o de su sitio web y lograr un \u00e9xito incomparable.<\/p>\n<ul>\n<li>M\u00e1s de 70 widgets y complementos avanzados para Elementor Pro<\/li>\n<li>Cree sorprendentes sitios web con facilidad gracias a una amplia gama de opciones de personalizaci\u00f3n<\/li>\n<li>Aumente su productividad con plantillas y bloques predise\u00f1ados<\/li>\n<li>Personalice el dise\u00f1o y el dise\u00f1o de su sitio web sin habilidades de codificaci\u00f3n<\/li>\n<li>Mejorar la experiencia del usuario con elementos y animaciones interactivas<\/li>\n<li>Compatible con complementos de terceros para la flexibilidad de dise\u00f1o final<\/li>\n<li>Equipo de apoyo dedicado para ayudar con cualquier pregunta o problema<\/li>\n<li>Actualizaciones y mejoras regulares para la compatibilidad continua con Elementor Pro<\/li>\n<li>Opciones de precios asequibles para empresas e individuos de cualquier tama\u00f1o<\/li>\n<li>Disponible para la compra y descarga directamente desde el sitio web de Adids Essential<\/li>\n<\/ul>\n","protected":false},"excerpt":{"rendered":"<p>\u00a1Mejore su experiencia con Elementor Pro incorporando el notable complemento de complementos esenciales! Esta herramienta indispensable presenta una extensa variedad de m\u00e1s de 60 widgets y extensiones, que abarca no solo animaciones de vanguardia sino tambi\u00e9n herramientas de marketing y conversi\u00f3n de \u00faltima generaci\u00f3n, as\u00ed como una variedad de caracter\u00edsticas de dise\u00f1o imaginativas. Independientemente de si posee el papel de un blogger diligente, propietario de un negocio astuto o un dise\u00f1ador web competente, los complementos esenciales abarcan todos los componentes esenciales necesarios para garantizar que su sitio web no solo brille entre sus competidores, sino que tambi\u00e9n logra convertir con \u00e9xito una mayor cantidad de visitantes en clientes devotos. \u00a1No dude, aproveche la oportunidad de probarlo hoy y presencie de primera mano la transformaci\u00f3n de su sitio web en una entidad vibrante y atractiva!<\/p>\n","protected":false},"featured_media":166019,"comment_status":"open","ping_status":"open","template":"","meta":[],"product_brand":[2443],"product_cat":[1214,1206,1211],"product_tag":[1289],"class_list":{"0":"post-120985","1":"product","2":"type-product","3":"status-publish","4":"has-post-thumbnail","6":"product_brand-elementor","7":"product_cat-personalizacion","8":"product_cat-plugins","9":"product_cat-wordpress-plugins","10":"product_tag-elementor","11":"member-discount","12":"discount-restricted","14":"first","15":"instock","16":"sale","17":"downloadable","18":"virtual","19":"sold-individually","20":"purchasable","21":"product-type-simple"},"_links":{"self":[{"href":"https:\/\/gpl-love.com\/es\/wp-json\/wp\/v2\/product\/120985","targetHints":{"allow":["GET"]}}],"collection":[{"href":"https:\/\/gpl-love.com\/es\/wp-json\/wp\/v2\/product"}],"about":[{"href":"https:\/\/gpl-love.com\/es\/wp-json\/wp\/v2\/types\/product"}],"replies":[{"embeddable":true,"href":"https:\/\/gpl-love.com\/es\/wp-json\/wp\/v2\/comments?post=120985"}],"wp:featuredmedia":[{"embeddable":true,"href":"https:\/\/gpl-love.com\/es\/wp-json\/wp\/v2\/media\/166019"}],"wp:attachment":[{"href":"https:\/\/gpl-love.com\/es\/wp-json\/wp\/v2\/media?parent=120985"}],"wp:term":[{"taxonomy":"product_brand","embeddable":true,"href":"https:\/\/gpl-love.com\/es\/wp-json\/wp\/v2\/product_brand?post=120985"},{"taxonomy":"product_cat","embeddable":true,"href":"https:\/\/gpl-love.com\/es\/wp-json\/wp\/v2\/product_cat?post=120985"},{"taxonomy":"product_tag","embeddable":true,"href":"https:\/\/gpl-love.com\/es\/wp-json\/wp\/v2\/product_tag?post=120985"}],"curies":[{"name":"wp","href":"https:\/\/api.w.org\/{rel}","templated":true}]}}