{"id":120983,"date":"2026-03-16T00:00:00","date_gmt":"2026-03-16T05:00:00","guid":{"rendered":"https:\/\/gpl-love.com\/es\/producto\/elessi-woocommerce-ajax-wordpress-tema-rtl-support\/"},"modified":"2026-04-06T17:15:25","modified_gmt":"2026-04-06T22:15:25","slug":"elessi-woocommerce-ajax-wordpress-tema-rtl-support","status":"publish","type":"product","link":"https:\/\/gpl-love.com\/es\/producto\/elessi-woocommerce-ajax-wordpress-tema-rtl-support\/","title":{"rendered":"Elessi WooCommerce AJAX WordPress Tema RTL support 6.6.0"},"content":{"rendered":"<h3>Elessi WooCommerce AJAX WordPress Tema RTL support Caracteristicas<\/h3>\n<p>Elessi, un tema WooCommerce Ajax WordPress, cuenta con una funci\u00f3n de soporte RTL inherente, lo que lo convierte en una opci\u00f3n impecable para el establecimiento de tiendas digitales adaptadas a las necesidades de las personas que se comunican a trav\u00e9s de idiomas que fluyen de derecha a izquierda. En virtud de su dise\u00f1o meticulosamente elaborado, este tema garantiza experiencias en l\u00ednea r\u00e1pidas y efervescentes, asegurando as\u00ed que su sitio web cargue de manera amplia y con gracia. Elessi abarca una variedad de atributos notables, incluida una p\u00e1gina de inicio totalmente personalizable, una gran cantidad de alternativas de encabezado y pie de p\u00e1gina, un mega men\u00fa integrado y una ingeniosa funcionalidad de vista r\u00e1pida de productos. Al aprovechar las capacidades de Elessi, puede concebir sin esfuerzo un emporio en l\u00ednea visualmente atractivo y altamente funcional, optimizado de manera inteligente para las interfaces m\u00f3viles de escritorio tradicionales y siempre presentes.<\/p>\n<ul>\n<li>Dise\u00f1o personalizable para que coincida con preferencias personales o de marca<\/li>\n<li>Funcionalidad incorporada de WooCommerce para una f\u00e1cil creaci\u00f3n y gesti\u00f3n de tiendas en l\u00ednea<\/li>\n<li>Tecnolog\u00eda AJAX para transiciones de p\u00e1gina r\u00e1pidas y perfectas y tiempos de carga<\/li>\n<li>Soporte RTL para sitios web que atienden al p\u00fablico \u00e1rabe o hebreo de habla hebrea<\/li>\n<li>M\u00faltiples demostraciones para elegir con varios estilos y dise\u00f1os<\/li>\n<li>Dise\u00f1o receptivo y amigable para dispositivos m\u00f3viles para una visualizaci\u00f3n \u00f3ptima en diferentes dispositivos<\/li>\n<li>Opciones de tipograf\u00eda avanzada para mejorar la est\u00e9tica y la legibilidad del sitio web<\/li>\n<li>Integraci\u00f3n con complementos populares como el formulario de contacto 7 y WPML para una funcionalidad adicional<\/li>\n<li>Optimizado para SEO para mejorar la visibilidad y las clasificaciones del motor de b\u00fasqueda<\/li>\n<li>Equipo dedicado de atenci\u00f3n al cliente disponible para asistencia y soluci\u00f3n de problemas.<\/li>\n<\/ul>\n","protected":false},"excerpt":{"rendered":"<p>El tema de WordPress de Elessi WooCommerce Ajax est\u00e1 equipado con una gran cantidad de caracter\u00edsticas avanzadas que est\u00e1n espec\u00edficamente dise\u00f1adas para amplificar el rendimiento de su tienda en l\u00ednea. Este tema excepcional no solo proporciona apoyo para los idiomas de derecha a izquierda (RTL), sino que tambi\u00e9n atiende perfectamente a las empresas dirigidas a una clientela \u00e1rabe, hebreo o habla persa. Su utilizaci\u00f3n de la tecnolog\u00eda AJAX no solo mejora su velocidad, sino que tambi\u00e9n garantiza un mayor nivel de capacidad de respuesta. Con su dise\u00f1o contempor\u00e1neo, dise\u00f1o adaptable y personalizaciones sin esfuerzo, surge como la mejor opci\u00f3n para cualquier tienda en l\u00ednea. Emb\u00e1rcase en su viaje de venta en l\u00ednea con la mayor comodidad y facilidad optando por el notable tema de WordPress de WordPress Ajax Ajax.<\/p>\n","protected":false},"featured_media":165949,"comment_status":"open","ping_status":"open","template":"","meta":[],"product_brand":[2337],"product_cat":[1263,1264,1237],"product_tag":[1391],"class_list":{"0":"post-120983","1":"product","2":"type-product","3":"status-publish","4":"has-post-thumbnail","6":"product_brand-themeforest","7":"product_cat-comercio-electronico-temas","8":"product_cat-negocio","9":"product_cat-temas","10":"product_tag-themeforest","11":"member-discount","12":"discount-restricted","14":"first","15":"instock","16":"sale","17":"downloadable","18":"virtual","19":"sold-individually","20":"purchasable","21":"product-type-simple"},"_links":{"self":[{"href":"https:\/\/gpl-love.com\/es\/wp-json\/wp\/v2\/product\/120983","targetHints":{"allow":["GET"]}}],"collection":[{"href":"https:\/\/gpl-love.com\/es\/wp-json\/wp\/v2\/product"}],"about":[{"href":"https:\/\/gpl-love.com\/es\/wp-json\/wp\/v2\/types\/product"}],"replies":[{"embeddable":true,"href":"https:\/\/gpl-love.com\/es\/wp-json\/wp\/v2\/comments?post=120983"}],"wp:featuredmedia":[{"embeddable":true,"href":"https:\/\/gpl-love.com\/es\/wp-json\/wp\/v2\/media\/165949"}],"wp:attachment":[{"href":"https:\/\/gpl-love.com\/es\/wp-json\/wp\/v2\/media?parent=120983"}],"wp:term":[{"taxonomy":"product_brand","embeddable":true,"href":"https:\/\/gpl-love.com\/es\/wp-json\/wp\/v2\/product_brand?post=120983"},{"taxonomy":"product_cat","embeddable":true,"href":"https:\/\/gpl-love.com\/es\/wp-json\/wp\/v2\/product_cat?post=120983"},{"taxonomy":"product_tag","embeddable":true,"href":"https:\/\/gpl-love.com\/es\/wp-json\/wp\/v2\/product_tag?post=120983"}],"curies":[{"name":"wp","href":"https:\/\/api.w.org\/{rel}","templated":true}]}}