{"id":120979,"date":"2021-02-09T00:00:00","date_gmt":"2021-02-09T05:00:00","guid":{"rendered":"https:\/\/gpl-love.com\/es\/producto\/elementor-widgets-mega-pack\/"},"modified":"2026-03-09T07:30:59","modified_gmt":"2026-03-09T12:30:59","slug":"elementor-widgets-mega-pack","status":"publish","type":"product","link":"https:\/\/gpl-love.com\/es\/producto\/elementor-widgets-mega-pack\/","title":{"rendered":"Elementor Widgets Mega Pack 1.0.0"},"content":{"rendered":"<h3>Elementor Widgets Mega Pack Caracteristicas<\/h3>\n<p>El Mega Pack de Widgets Elementor ofrece una extensa variedad de widgets que se integran sin problemas con el constructor de p\u00e1ginas Elementor. Este paquete es particularmente ventajoso para las personas que buscan elevar el dise\u00f1o y la funcionalidad de su sitio web sin tener que profundizar en las complejidades de la codificaci\u00f3n. Con m\u00e1s de 100 widgets de m\u00e1s de 100, que abarcan diversas funcionalidades, como \u00edconos de redes sociales, tablas de precios, temporizadores de cuenta regresiva y formularios de contacto, este paquete lo equipa con todas las herramientas necesarias para dise\u00f1ar r\u00e1pidamente un sitio web pulido y profesional. Adem\u00e1s, los widgets son completamente personalizables, lo que le permite adaptarlos sin esfuerzo para alinearse con sus preferencias \u00fanicas de marca y dise\u00f1o. Independientemente de si usted es un dise\u00f1ador web experimentado, un desarrollador competente o un propietario de negocios determinado, el Mega Pack de Widgets El Elementor es un recurso indispensable para impulsar su sitio web a nuevas alturas.<\/p>\n<ul>\n<li>M\u00e1s de 90 widgets \u00fanicos y personalizables para mejorar su sitio web de elementor<\/li>\n<li>Los widgets incluyen \u00edconos de redes sociales, tablas de precios, testimonios, cuenta regresiva y m\u00e1s<\/li>\n<li>Totalmente compatible con Elementor Pro y la versi\u00f3n gratuita de Elementor<\/li>\n<li>Funcionalidad f\u00e1cil de arrastrar y soltar para simplificar el proceso de dise\u00f1o<\/li>\n<li>Actualizado regularmente con nuevos widgets y caracter\u00edsticas<\/li>\n<li>Optimizado para velocidades de carga r\u00e1pidas y capacidad de respuesta m\u00f3vil<\/li>\n<li>No se requiere codificaci\u00f3n, perfecto para aquellos con experiencia limitada de desarrollo web<\/li>\n<li>Viene con documentaci\u00f3n detallada y apoyo de la comunidad Elementor<\/li>\n<li>Opciones de estilo personalizables para que coincidan con la marca y la est\u00e9tica de su sitio web<\/li>\n<li>Se puede utilizar en m\u00faltiples sitios web, por lo que es una inversi\u00f3n rentable para dise\u00f1adores y agencias web.<\/li>\n<\/ul>\n","protected":false},"excerpt":{"rendered":"<p>El MEGA Pack de Widgets Elementor ofrece una gran cantidad de widgets pr\u00e1cticos que le permitir\u00e1n amplificar y personalizar su sitio web o blog impulsado por el elemento. Este paquete completo le otorga acceder a una mir\u00edada de widgets, que van desde carruseles de imagen visualmente atractivos hasta atractivos botones de llamado a acci\u00f3n, cautivadores de temporizadores de cuenta regresiva, cautivando \u00edconos de las redes sociales y una variedad de otras caracter\u00edsticas notables. Estos widgets est\u00e1n meticulosamente elaborados para garantizar que sean receptivos y f\u00e1ciles de usar, lo que le permite construir dise\u00f1os de sitios web impresionantes sin esfuerzo. Independientemente de si su objetivo es exhibir su cartera, exhibir testimonios de exhibici\u00f3n o respaldar su \u00faltima mercanc\u00eda, tenga la seguridad de que el Mega Pack de Widgets Elementor cumplir\u00e1 sus requisitos. Emb\u00e1rcate en el viaje de dise\u00f1o de el sitio web de tus sue\u00f1os hoy aprovechando las capacidades incomparables de estos widgets de elementos excepcionales.<\/p>\n","protected":false},"featured_media":165945,"comment_status":"open","ping_status":"open","template":"","meta":[],"product_brand":[2339],"product_cat":[1214,1206,1211],"product_tag":[1256],"class_list":{"0":"post-120979","1":"product","2":"type-product","3":"status-publish","4":"has-post-thumbnail","6":"product_brand-codecanyon","7":"product_cat-personalizacion","8":"product_cat-plugins","9":"product_cat-wordpress-plugins","10":"product_tag-codecanyon","11":"member-discount","12":"discount-restricted","14":"first","15":"instock","16":"sale","17":"downloadable","18":"virtual","19":"sold-individually","20":"purchasable","21":"product-type-simple"},"_links":{"self":[{"href":"https:\/\/gpl-love.com\/es\/wp-json\/wp\/v2\/product\/120979","targetHints":{"allow":["GET"]}}],"collection":[{"href":"https:\/\/gpl-love.com\/es\/wp-json\/wp\/v2\/product"}],"about":[{"href":"https:\/\/gpl-love.com\/es\/wp-json\/wp\/v2\/types\/product"}],"replies":[{"embeddable":true,"href":"https:\/\/gpl-love.com\/es\/wp-json\/wp\/v2\/comments?post=120979"}],"wp:featuredmedia":[{"embeddable":true,"href":"https:\/\/gpl-love.com\/es\/wp-json\/wp\/v2\/media\/165945"}],"wp:attachment":[{"href":"https:\/\/gpl-love.com\/es\/wp-json\/wp\/v2\/media?parent=120979"}],"wp:term":[{"taxonomy":"product_brand","embeddable":true,"href":"https:\/\/gpl-love.com\/es\/wp-json\/wp\/v2\/product_brand?post=120979"},{"taxonomy":"product_cat","embeddable":true,"href":"https:\/\/gpl-love.com\/es\/wp-json\/wp\/v2\/product_cat?post=120979"},{"taxonomy":"product_tag","embeddable":true,"href":"https:\/\/gpl-love.com\/es\/wp-json\/wp\/v2\/product_tag?post=120979"}],"curies":[{"name":"wp","href":"https:\/\/api.w.org\/{rel}","templated":true}]}}