{"id":120977,"date":"2026-04-21T00:00:00","date_gmt":"2026-04-21T05:00:00","guid":{"rendered":"https:\/\/gpl-love.com\/es\/producto\/elementor-whmcs-elements-pro\/"},"modified":"2026-04-21T11:15:27","modified_gmt":"2026-04-21T16:15:27","slug":"elementor-whmcs-elements-pro","status":"publish","type":"product","link":"https:\/\/gpl-love.com\/es\/producto\/elementor-whmcs-elements-pro\/","title":{"rendered":"Elementor WHMCS Elements Pro 4.0"},"content":{"rendered":"<h3>Elementor WHMCS Elements Pro Caracteristicas<\/h3>\n<p>Elementor WHMCS Elements Pro emerge como un complemento extremadamente robusto meticulosamente elaborado para satisfacer las necesidades de los usuarios de WordPress que buscan una integraci\u00f3n sin esfuerzo de su sistema de facturaci\u00f3n WHMCS dentro de su sitio web. Ofreciendo una mir\u00edada de widgets personalizables, que incluyen, entre otros, tablas de precios, b\u00fasqueda de dominio e inicio de sesi\u00f3n del cliente, este complemento otorga a los usuarios la capacidad de incorporar sin problemas estas caracter\u00edsticas en cualquier p\u00e1gina a trav\u00e9s de la utilizaci\u00f3n del constructor de p\u00e1ginas de Elementor. En virtud de su interfaz f\u00e1cil de usar y una extensa gama de opciones de dise\u00f1o, Elementor WHMCS Elements Pro simplifica el proceso de dise\u00f1ar un sitio web supremamente profesional que sincroniza perfectamente con su sistema de facturaci\u00f3n WHMCS. Ya sea que se encuentre absorto en la operaci\u00f3n de una empresa de alojamiento web, los nombres de dominio de venta o prestaci\u00f3n de otros servicios en l\u00ednea, este complemento innegablemente surge como una herramienta indispensable, racionalizando su sitio web y aumentando la experiencia de sus clientes a niveles sin precedentes.<\/p>\n<ul>\n<li>Potente integraci\u00f3n entre Elementor y WHMCS<\/li>\n<li>Le permite crear y personalizar una variedad de elementos WHMCS directamente dentro de la interfaz Elementor<\/li>\n<li>Viene con una gama de widgets preconstruidos, que incluyen formularios de inicio de sesi\u00f3n, tablas de precios y pantallas de productos<\/li>\n<li>Opciones de dise\u00f1o altamente flexibles y personalizables, lo que le permite crear dise\u00f1os \u00fanicos y impresionantes.<\/li>\n<li>Editor intuitivo de arrastrar y soltar para crear diferentes dise\u00f1os y dise\u00f1os<\/li>\n<li>Compatibilidad perfecta con Elementor y WHMCS, sin ning\u00fan conflicto o problemas t\u00e9cnicos<\/li>\n<li>Documentaci\u00f3n y apoyo integrales disponibles para la soluci\u00f3n de problemas y responder cualquier pregunta que pueda tener<\/li>\n<li>Ahorrar tiempo y eficiente, lo que le permite crear y administrar sus escaparates de WHMCS con facilidad<\/li>\n<li>Ideal para dise\u00f1adores web, blogueros y desarrolladores que buscan optimizar su flujo de trabajo y mejorar su proceso de creaci\u00f3n de contenido.<\/li>\n<\/ul>\n","protected":false},"excerpt":{"rendered":"<p>El complemento Elements Elements Pro Elementor est\u00e1 dise\u00f1ado ingeniosamente para fusionar sin esfuerzo el constructor de p\u00e1ginas Elementor con WHMCS, lo que le permite fabricar un sitio web impresionantemente impresionante y supremamente eficiente para su estimado negocio de alojamiento. Armado con su interfaz de arrastrar y soltar notablemente f\u00e1cil de usar, tiene la notable capacidad de moda sin esfuerzo a medida que las p\u00e1ginas a medida de la m\u00e1xima sofisticaci\u00f3n y funcionalidad, que abarca una gran variedad de elementos inspiradores, como tablas de precios, formularios de orden, formularios de orden, \u00e1reas, y mucho m\u00e1s. Adem\u00e1s, este complemento impresionante viene absolutamente lleno de una extensa variedad de plantillas preparadas, meticulosamente elaboradas para facilitar el establecimiento r\u00e1pido y simplificado de su sitio web. En esencia, es una herramienta indispensable que est\u00e1 preparada para impulsar y elevar su negocio de alojamiento a alturas incomparables de \u00e9xito y prosperidad.<\/p>\n","protected":false},"featured_media":165944,"comment_status":"open","ping_status":"open","template":"","meta":[],"product_brand":[2437],"product_cat":[1214,1206,1211],"product_tag":[1421],"class_list":{"0":"post-120977","1":"product","2":"type-product","3":"status-publish","4":"has-post-thumbnail","6":"product_brand-whmcs","7":"product_cat-personalizacion","8":"product_cat-plugins","9":"product_cat-wordpress-plugins","10":"product_tag-whmcs","11":"member-discount","12":"discount-restricted","14":"first","15":"instock","16":"sale","17":"downloadable","18":"virtual","19":"sold-individually","20":"purchasable","21":"product-type-simple"},"_links":{"self":[{"href":"https:\/\/gpl-love.com\/es\/wp-json\/wp\/v2\/product\/120977","targetHints":{"allow":["GET"]}}],"collection":[{"href":"https:\/\/gpl-love.com\/es\/wp-json\/wp\/v2\/product"}],"about":[{"href":"https:\/\/gpl-love.com\/es\/wp-json\/wp\/v2\/types\/product"}],"replies":[{"embeddable":true,"href":"https:\/\/gpl-love.com\/es\/wp-json\/wp\/v2\/comments?post=120977"}],"wp:featuredmedia":[{"embeddable":true,"href":"https:\/\/gpl-love.com\/es\/wp-json\/wp\/v2\/media\/165944"}],"wp:attachment":[{"href":"https:\/\/gpl-love.com\/es\/wp-json\/wp\/v2\/media?parent=120977"}],"wp:term":[{"taxonomy":"product_brand","embeddable":true,"href":"https:\/\/gpl-love.com\/es\/wp-json\/wp\/v2\/product_brand?post=120977"},{"taxonomy":"product_cat","embeddable":true,"href":"https:\/\/gpl-love.com\/es\/wp-json\/wp\/v2\/product_cat?post=120977"},{"taxonomy":"product_tag","embeddable":true,"href":"https:\/\/gpl-love.com\/es\/wp-json\/wp\/v2\/product_tag?post=120977"}],"curies":[{"name":"wp","href":"https:\/\/api.w.org\/{rel}","templated":true}]}}