{"id":120973,"date":"2024-04-21T00:00:00","date_gmt":"2024-04-21T05:00:00","guid":{"rendered":"https:\/\/gpl-love.com\/es\/producto\/elementor-extras\/"},"modified":"2026-03-09T07:30:51","modified_gmt":"2026-03-09T12:30:51","slug":"elementor-extras","status":"publish","type":"product","link":"https:\/\/gpl-love.com\/es\/producto\/elementor-extras\/","title":{"rendered":"Elementor Extras 2.2.52"},"content":{"rendered":"<h3>Elementor Extras Caracteristicas<\/h3>\n<p>Elementor Extras, un complemento robusto dise\u00f1ado para el constructor de p\u00e1ginas Elementor, ofrece una extensa variedad de caracter\u00edsticas y funcionalidades complementarias. Esta poderosa herramienta permite a los usuarios crear dise\u00f1os intrincados sin esfuerzo, implementar contenido din\u00e1mico y adaptar sin esfuerzo cada faceta de su sitio web. Con una naturaleza adaptable y confiable, el elementor extras abarca una variedad de widgets personalizables, m\u00f3dulos, alternativas de estilo avanzado y animaciones cautivadoras. Independientemente de si posee habilidades novatas o avanzadas en el desarrollo, Elementor Extras demuestra ser una adici\u00f3n indispensable a su juego de herramientas, impulsando su sitio web a alturas sin precedentes.<\/p>\n<ul>\n<li>Un poderoso conjunto de widgets y complementos para el constructor de p\u00e1ginas de elementor<\/li>\n<li>Mejora la funcionalidad del elemento con nuevos m\u00f3dulos y caracter\u00edsticas<\/li>\n<li>La interfaz de arrastrar y soltar facilita la personalizaci\u00f3n de los dise\u00f1os sin codificar el conocimiento<\/li>\n<li>Ofrece elementos \u00fanicos como Post Grid, Timeline y Men\u00fa de navegaci\u00f3n<\/li>\n<li>Proporciona nuevas posibilidades de dise\u00f1o con fondo de paralaje y m\u00f3dulos de puntos de acceso<\/li>\n<li>Compatible con cualquier tema basado en elementos y se puede integrar sin problemas en los dise\u00f1os existentes<\/li>\n<li>Actualizado regularmente con nuevas caracter\u00edsticas y mejoras para mantenerse al d\u00eda con las tendencias de dise\u00f1o<\/li>\n<li>Equipo de apoyo profesional disponible para ayudar con cualquier pregunta o problema<\/li>\n<li>Puede reducir significativamente el tiempo y el esfuerzo necesarios para crear dise\u00f1os personalizados con Elementor<\/li>\n<li>Ofrece una excelente relaci\u00f3n calidad-precio con un pago \u00fanico por el acceso de por vida al producto.<\/li>\n<\/ul>\n","protected":false},"excerpt":{"rendered":"<p>Elementor Extras, un exquisito complemento de WordPress de calidad excepcional, presenta una variedad de widgets y caracter\u00edsticas suplementarias que se integran sin problemas con el aclamado constructor de p\u00e1ginas Elementor. Su colecci\u00f3n expansiva comprende m\u00e1s de 30 widgets de vanguardia, que abarcan desde las redes de postes cautivadoras hasta las cajas de flip, los titulares animados cautivadores y mucho m\u00e1s. En virtud de su extenso repertorio, Elementor Extras empodera a los dise\u00f1adores web con posibilidades de dise\u00f1o ilimitadas, lo que les permite curar sitios web que son verdaderamente distintivos e inmersivos. M\u00e1s all\u00e1 de su surtido de widgets, este complemento tambi\u00e9n cuenta con una variedad de caracter\u00edsticas adicionales, como divisores de forma, puntos calientes, SVG en l\u00ednea y efectos hipnotizantes de part\u00edculas. Por lo tanto, los extras de elementor se destacan como una elecci\u00f3n superlativa para dise\u00f1adores y desarrolladores exigentes que desean elevar sus proyectos de elementos a nuevas alturas.<\/p>\n","protected":false},"featured_media":165940,"comment_status":"open","ping_status":"open","template":"","meta":[],"product_brand":[2434],"product_cat":[1214,1206,1211],"product_tag":[1627],"class_list":{"0":"post-120973","1":"product","2":"type-product","3":"status-publish","4":"has-post-thumbnail","6":"product_brand-namogo","7":"product_cat-personalizacion","8":"product_cat-plugins","9":"product_cat-wordpress-plugins","10":"product_tag-namogo","11":"member-discount","12":"discount-restricted","14":"first","15":"instock","16":"sale","17":"downloadable","18":"virtual","19":"sold-individually","20":"purchasable","21":"product-type-simple"},"_links":{"self":[{"href":"https:\/\/gpl-love.com\/es\/wp-json\/wp\/v2\/product\/120973","targetHints":{"allow":["GET"]}}],"collection":[{"href":"https:\/\/gpl-love.com\/es\/wp-json\/wp\/v2\/product"}],"about":[{"href":"https:\/\/gpl-love.com\/es\/wp-json\/wp\/v2\/types\/product"}],"replies":[{"embeddable":true,"href":"https:\/\/gpl-love.com\/es\/wp-json\/wp\/v2\/comments?post=120973"}],"wp:featuredmedia":[{"embeddable":true,"href":"https:\/\/gpl-love.com\/es\/wp-json\/wp\/v2\/media\/165940"}],"wp:attachment":[{"href":"https:\/\/gpl-love.com\/es\/wp-json\/wp\/v2\/media?parent=120973"}],"wp:term":[{"taxonomy":"product_brand","embeddable":true,"href":"https:\/\/gpl-love.com\/es\/wp-json\/wp\/v2\/product_brand?post=120973"},{"taxonomy":"product_cat","embeddable":true,"href":"https:\/\/gpl-love.com\/es\/wp-json\/wp\/v2\/product_cat?post=120973"},{"taxonomy":"product_tag","embeddable":true,"href":"https:\/\/gpl-love.com\/es\/wp-json\/wp\/v2\/product_tag?post=120973"}],"curies":[{"name":"wp","href":"https:\/\/api.w.org\/{rel}","templated":true}]}}