{"id":120971,"date":"2026-04-16T00:00:00","date_gmt":"2026-04-16T05:00:00","guid":{"rendered":"https:\/\/gpl-love.com\/es\/producto\/element-pack-addon-para-elementor\/"},"modified":"2026-04-16T17:15:43","modified_gmt":"2026-04-16T22:15:43","slug":"element-pack-addon-para-elementor","status":"publish","type":"product","link":"https:\/\/gpl-love.com\/es\/producto\/element-pack-addon-para-elementor\/","title":{"rendered":"Element Pack Pro Addon para Elementor 9.3.2"},"content":{"rendered":"<h3>Element Pack Pro Addon para Elementor Caracteristicas<\/h3>\n<p>El Element Pack Pro Addon para Elementor es un kit de herramientas integral e integral que se integra perfectamente con el inmensamente popular WordPress Page Builder. Este complemento impresionantemente robusto e incre\u00edblemente vers\u00e1til cuenta con una extensa colecci\u00f3n de m\u00e1s de 165 widgets y elementos, capacitando a los usuarios para que los sitios web de manera visual y atractiva sin esfuerzo que combinen magistralmente combinan funcionalidad con atractivo est\u00e9tico. Con una amplia gama de plantillas predise\u00f1adas exquisitamente elaboradas, widgets hechos a medida y opciones de estilo innovadoras, Element Pack Pro otorga dise\u00f1adores y desarrolladores con un verdadero tesoro de herramientas indispensables, lo que les permite sitios web de moda de un calibre verdaderamente profesional que no tiene esfuerzo ese esfuerzo sin esfuerzo distinguirse de las masas. Ya sea que las aspiraciones de uno implicen dar una nueva vida en un sitio web existente o dise\u00f1ar una presencia en l\u00ednea completamente novedosa, Element Pack Pro es indudablemente la soluci\u00f3n por excelencia para cualquier persona que busque elevar su sitio web de WordPress a un escal\u00f3n exaltado e incomparable.<\/p>\n<ul>\n<li>Paquete complementario completo para usuarios de Elementor Sitio web Builder<\/li>\n<li>Proporciona acceso a m\u00e1s de 185 widgets y 7 extensiones, ampliando las capacidades de dise\u00f1o de su sitio web<\/li>\n<li>Incluye funcionalidad avanzada como elementos de WooCommerce, capacidades de contenido din\u00e1mico y opciones de dise\u00f1o receptivas<\/li>\n<li>Ahorra tiempo con plantillas prefabricadas y funcionalidad de arrastrar y soltar<\/li>\n<li>Opciones de personalizaci\u00f3n flexible con capacidades de edici\u00f3n de CSS y opciones espec\u00edficas de widgets<\/li>\n<li>Integraci\u00f3n perfecta con WordPress y Elementor, asegurando una instalaci\u00f3n y compatibilidad f\u00e1ciles<\/li>\n<li>Actualizaciones regulares y nuevas caracter\u00edsticas agregadas, asegurando que el paquete permanezca actual y vers\u00e1til<\/li>\n<li>Documentaci\u00f3n y soporte extenso proporcionado para los usuarios<\/li>\n<li>Acceso a una comunidad de usuarios en crecimiento, con consejos, trucos y recursos disponibles para maximizar el uso del paquete de complementos.<\/li>\n<\/ul>\n","protected":false},"excerpt":{"rendered":"<p>El Element Pack Pro Addon para Elementor es una colecci\u00f3n de widgets y complementos que amplifican en gran medida las capacidades del constructor de p\u00e1ginas Elementer. Con un extenso repertorio de m\u00e1s de 170 widgets y extensiones, este complemento le proporciona los medios para crear p\u00e1ginas web y dise\u00f1os web que realmente se distinguen de la multitud. Desde galer\u00edas de imagen y video de vanguardia hasta formularios y ventanas emergentes a medida, Element Pack Pro cuenta con una variedad de caracter\u00edsticas incomparables que le permiten infundir su sitio web con interactividad y cautivar a su audiencia. Es particularmente adecuado para las personas en los campos del dise\u00f1o web, el desarrollo y el marketing que aspiran a elevar sus creaciones de elementos a un escal\u00f3n superior.<\/p>\n","protected":false},"featured_media":165937,"comment_status":"open","ping_status":"open","template":"","meta":[],"product_brand":[2339],"product_cat":[1214,1206,1211],"product_tag":[1256],"class_list":{"0":"post-120971","1":"product","2":"type-product","3":"status-publish","4":"has-post-thumbnail","6":"product_brand-codecanyon","7":"product_cat-personalizacion","8":"product_cat-plugins","9":"product_cat-wordpress-plugins","10":"product_tag-codecanyon","11":"member-discount","12":"discount-restricted","14":"first","15":"instock","16":"sale","17":"downloadable","18":"virtual","19":"sold-individually","20":"purchasable","21":"product-type-simple"},"_links":{"self":[{"href":"https:\/\/gpl-love.com\/es\/wp-json\/wp\/v2\/product\/120971","targetHints":{"allow":["GET"]}}],"collection":[{"href":"https:\/\/gpl-love.com\/es\/wp-json\/wp\/v2\/product"}],"about":[{"href":"https:\/\/gpl-love.com\/es\/wp-json\/wp\/v2\/types\/product"}],"replies":[{"embeddable":true,"href":"https:\/\/gpl-love.com\/es\/wp-json\/wp\/v2\/comments?post=120971"}],"wp:featuredmedia":[{"embeddable":true,"href":"https:\/\/gpl-love.com\/es\/wp-json\/wp\/v2\/media\/165937"}],"wp:attachment":[{"href":"https:\/\/gpl-love.com\/es\/wp-json\/wp\/v2\/media?parent=120971"}],"wp:term":[{"taxonomy":"product_brand","embeddable":true,"href":"https:\/\/gpl-love.com\/es\/wp-json\/wp\/v2\/product_brand?post=120971"},{"taxonomy":"product_cat","embeddable":true,"href":"https:\/\/gpl-love.com\/es\/wp-json\/wp\/v2\/product_cat?post=120971"},{"taxonomy":"product_tag","embeddable":true,"href":"https:\/\/gpl-love.com\/es\/wp-json\/wp\/v2\/product_tag?post=120971"}],"curies":[{"name":"wp","href":"https:\/\/api.w.org\/{rel}","templated":true}]}}