{"id":120969,"date":"2024-11-27T00:00:00","date_gmt":"2024-11-27T05:00:00","guid":{"rendered":"https:\/\/gpl-love.com\/es\/?post_type=product&#038;p=120969"},"modified":"2026-03-13T17:19:58","modified_gmt":"2026-03-13T22:19:58","slug":"elegant-themes-extra-wordpress-theme","status":"publish","type":"product","link":"https:\/\/gpl-love.com\/es\/producto\/elegant-themes-extra-wordpress-theme\/","title":{"rendered":"Elegant Themes Extra WordPress Theme 4.27.4"},"content":{"rendered":"<h3>Elegant Themes Extra WordPress Theme Caracteristicas<\/h3>\n<p>El elegante tema adicional de WordPress es un tema excepcionalmente vers\u00e1til y notablemente poderoso que se adapta a la perfecci\u00f3n para la creaci\u00f3n de un sitio web profesional e innegablemente elegante. Con un dise\u00f1o limpio y moderno, este tema impresionante es excepcionalmente adecuado para blogueros, revistas en l\u00ednea y negocios por igual, todos los cuales est\u00e1n interesados \u200b\u200ben elevar su presencia en l\u00ednea a alturas sin precedentes. Lo que realmente distingue a este tema es su amplia gama de opciones de personalizaci\u00f3n, que le brinda la oportunidad de adaptar su sitio web para cumplir con todos sus caprichos y deseo. Adem\u00e1s, su dise\u00f1o totalmente receptivo garantiza que su sitio web irradifique la magnificencia en todos y cada uno de los dispositivos. No importa si sus aspiraciones implican comenzar un blog, exhibir su cartera o promover su negocio en l\u00ednea, ya que el tema de WordPress adicional de los temas elegantes reina innegablemente suprema como la opci\u00f3n inigualable para la creaci\u00f3n de un sitio web impresionante que cautiva la atenci\u00f3n y la admiraci\u00f3n de su Audiencia estimada.<\/p>\n<ul>\n<li>Tema hermoso y personalizable para sitios web de WordPress<\/li>\n<li>Incluye m\u00faltiples dise\u00f1os y demostraciones prefabricadas para elegir<\/li>\n<li>Builder de arrastrar y soltar para crear dise\u00f1os de p\u00e1ginas personalizados<\/li>\n<li>Compatible con WooCommerce para una f\u00e1cil integraci\u00f3n de comercio electr\u00f3nico<\/li>\n<li>Sistema de revisi\u00f3n incorporado para calificar y revisar productos o servicios<\/li>\n<li>Dise\u00f1o receptivo que se ve muy bien en todos los dispositivos<\/li>\n<li>Incluye m\u00faltiples formatos de publicaci\u00f3n, que incluyen video y galer\u00eda<\/li>\n<li>SEO optimizado para mejorar la clasificaci\u00f3n del motor de b\u00fasqueda<\/li>\n<li>Incluye una amplia documentaci\u00f3n y apoyo de temas elegantes.<\/li>\n<li>Actualizado regularmente con nuevas caracter\u00edsticas y mejoras.<\/li>\n<\/ul>\n","protected":false},"excerpt":{"rendered":"<p>El elegante tema de WordPress de Temas Extra se presenta como el remedio final para las personas involucradas en el \u00e1mbito de los blogs y revistas en l\u00ednea que buscan un dise\u00f1o pulido y actualizado. Con una gran cantidad de diversos dise\u00f1os de publicaci\u00f3n y p\u00e1gina, una funci\u00f3n intuitiva de personalizaci\u00f3n de arrastre y ca\u00edda, y un sistema de revisi\u00f3n influyente, extra facilita sin esfuerzo la creaci\u00f3n de un sitio web que exuda profesionalismo en cuesti\u00f3n de minutos. Adem\u00e1s, con su dise\u00f1o adaptable y su soporte inherente a la plataforma WooCommerce ampliamente aclamada, este tema demuestra ser el ep\u00edtome de la perfecci\u00f3n para cualquier sitio web que aspire a dejar una marca indeleble en sus estimados visitantes. En consecuencia, no existe una racionalidad para gastar un tiempo valioso en temas de WordPress deficientes. \u00a1Abrace el progreso y eleva la estatura de su sitio web haciendo la transici\u00f3n a extra sin demora!<\/p>\n","protected":false},"featured_media":165930,"comment_status":"open","ping_status":"open","template":"","meta":[],"product_brand":[2415],"product_cat":[1245,1237,1238],"product_tag":[1286],"class_list":{"0":"post-120969","1":"product","2":"type-product","3":"status-publish","4":"has-post-thumbnail","6":"product_brand-elegant-themes","7":"product_cat-blog-revista","8":"product_cat-temas","9":"product_cat-wordpress-temas","10":"product_tag-elegant-themes","11":"member-discount","12":"discount-restricted","14":"first","15":"instock","16":"sale","17":"downloadable","18":"virtual","19":"sold-individually","20":"purchasable","21":"product-type-simple"},"_links":{"self":[{"href":"https:\/\/gpl-love.com\/es\/wp-json\/wp\/v2\/product\/120969","targetHints":{"allow":["GET"]}}],"collection":[{"href":"https:\/\/gpl-love.com\/es\/wp-json\/wp\/v2\/product"}],"about":[{"href":"https:\/\/gpl-love.com\/es\/wp-json\/wp\/v2\/types\/product"}],"replies":[{"embeddable":true,"href":"https:\/\/gpl-love.com\/es\/wp-json\/wp\/v2\/comments?post=120969"}],"wp:featuredmedia":[{"embeddable":true,"href":"https:\/\/gpl-love.com\/es\/wp-json\/wp\/v2\/media\/165930"}],"wp:attachment":[{"href":"https:\/\/gpl-love.com\/es\/wp-json\/wp\/v2\/media?parent=120969"}],"wp:term":[{"taxonomy":"product_brand","embeddable":true,"href":"https:\/\/gpl-love.com\/es\/wp-json\/wp\/v2\/product_brand?post=120969"},{"taxonomy":"product_cat","embeddable":true,"href":"https:\/\/gpl-love.com\/es\/wp-json\/wp\/v2\/product_cat?post=120969"},{"taxonomy":"product_tag","embeddable":true,"href":"https:\/\/gpl-love.com\/es\/wp-json\/wp\/v2\/product_tag?post=120969"}],"curies":[{"name":"wp","href":"https:\/\/api.w.org\/{rel}","templated":true}]}}