{"id":120967,"date":"2026-03-25T00:00:00","date_gmt":"2026-03-25T05:00:00","guid":{"rendered":"https:\/\/gpl-love.com\/es\/producto\/eduma-education-wordpress-theme\/"},"modified":"2026-03-25T17:15:33","modified_gmt":"2026-03-25T22:15:33","slug":"eduma-education-wordpress-theme","status":"publish","type":"product","link":"https:\/\/gpl-love.com\/es\/producto\/eduma-education-wordpress-theme\/","title":{"rendered":"Eduma Education WordPress Theme 5.8.6"},"content":{"rendered":"<h3>Eduma Education WordPress Theme Caracteristicas<\/h3>\n<p>El tema de WordPress de Eduma Education es un tema de WordPress muy robusto y muy robusto que ha sido dise\u00f1ado espec\u00edficamente para satisfacer las necesidades de las instituciones educativas y las plataformas de aprendizaje en l\u00ednea. Cuenta con una extensa gama de caracter\u00edsticas y funcionalidades que capacitan a los usuarios para construir y administrar sin esfuerzo sus propios sitios web educativos. Con un dise\u00f1o elegante y contempor\u00e1neo, el tema de WordPress de EDuma Education ofrece una interfaz f\u00e1cil de usar que garantiza una navegaci\u00f3n y accesibilidad perfecta para estudiantes y educadores. Adem\u00e1s, viene equipado con una selecci\u00f3n diversa de plantillas y dise\u00f1os predise\u00f1ados, que se pueden personalizar para alinearse perfectamente con los requisitos individuales. Adem\u00e1s, tambi\u00e9n ofrece una amplia gama de complementos y widgets invaluables que mejoran en gran medida la experiencia general del usuario. Adem\u00e1s, su interfaz dise\u00f1ada de recepci\u00f3n asegura que se pueda acceder sin esfuerzo en cualquier dispositivo, lo que permite a los usuarios alcanzar f\u00e1cilmente sus cursos y materiales de aprendizaje desde cualquier lugar y en cualquier momento dado. Dado su conjunto integral de caracter\u00edsticas y funcionalidades, el tema Eduma Education WordPress surge como la mejor opci\u00f3n para las personas en busca de crear una plataforma de aprendizaje en l\u00ednea o un sitio web educativo.<\/p>\n<ul>\n<li>El tema de Eduma Education WordPress es un tema visualmente impresionante dise\u00f1ado espec\u00edficamente para sitios web relacionados con la educaci\u00f3n.<\/li>\n<li>El tema es altamente personalizable, lo que le permite adaptar su dise\u00f1o y caracter\u00edsticas para satisfacer las necesidades de su instituci\u00f3n educativa espec\u00edfica.<\/li>\n<li>El tema viene con plantillas predise\u00f1adas para una variedad de p\u00e1ginas, incluidas p\u00e1ginas de cursos, p\u00e1ginas de blogs y p\u00e1ginas de eventos, lo que facilita la creaci\u00f3n de un sitio web de aspecto profesional de inmediato.<\/li>\n<li>El tema de WordPress de EDuma Education es totalmente receptivo, asegurando que su sitio web se vea genial en cualquier dispositivo, desde escritorios hasta tel\u00e9fonos m\u00f3viles.<\/li>\n<li>El tema es compatible con una gama de complementos populares, incluidos BBPress y WooCommerce, lo que facilita agregar funcionalidad adicional a su sitio.<\/li>\n<li>El tema de WordPress de EDuma Education viene con documentaci\u00f3n integral y actualizaciones regulares, lo que garantiza que su sitio web se mantenga actualizado con las \u00faltimas tendencias de dise\u00f1o y requisitos t\u00e9cnicos.<\/li>\n<li>El tema tambi\u00e9n est\u00e1 listo para la traducci\u00f3n, lo que facilita la creaci\u00f3n de un sitio multiling\u00fce para una audiencia global.<\/li>\n<li>El tema de WordPress de EDuma Education est\u00e1 optimizado para el rendimiento, asegurando que su sitio web se cargue de manera r\u00e1pida y eficiente, proporcionando una gran experiencia de usuario para sus visitantes.<\/li>\n<\/ul>\n","protected":false},"excerpt":{"rendered":"<p>El tema Eduma Education WordPress es una soluci\u00f3n ejemplar que facilita la creaci\u00f3n de sitios web educativos visualmente cautivadores y excepcionalmente eficientes. Con un dise\u00f1o contempor\u00e1neo y pulido, un dise\u00f1o de p\u00e1gina de inicio personalizable y una variedad de caracter\u00edsticas avanzadas, este tema abarca todas las herramientas necesarias necesarias para mostrar de manera efectiva sus cursos, miembros de la facultad, eventos y muchas otras ofertas educativas. Con su interfaz f\u00e1cil de usar y su amplia opciones de personalizaci\u00f3n, este tema le permite dise\u00f1ar una experiencia educativa en l\u00ednea que supera todas las expectativas. Independientemente de si representa una escuela, universidad, proveedor de cursos en l\u00ednea o cualquier otro establecimiento educativo, el tema de WordPress de educaci\u00f3n eduma es inequ\u00edvocamente la opci\u00f3n ideal para usted.<\/p>\n","protected":false},"featured_media":165915,"comment_status":"open","ping_status":"open","template":"","meta":[],"product_brand":[2337],"product_cat":[1307,1237,1238],"product_tag":[1391],"class_list":{"0":"post-120967","1":"product","2":"type-product","3":"status-publish","4":"has-post-thumbnail","6":"product_brand-themeforest","7":"product_cat-negocio-wordpress-temas","8":"product_cat-temas","9":"product_cat-wordpress-temas","10":"product_tag-themeforest","11":"member-discount","12":"discount-restricted","14":"first","15":"instock","16":"sale","17":"downloadable","18":"virtual","19":"sold-individually","20":"purchasable","21":"product-type-simple"},"_links":{"self":[{"href":"https:\/\/gpl-love.com\/es\/wp-json\/wp\/v2\/product\/120967","targetHints":{"allow":["GET"]}}],"collection":[{"href":"https:\/\/gpl-love.com\/es\/wp-json\/wp\/v2\/product"}],"about":[{"href":"https:\/\/gpl-love.com\/es\/wp-json\/wp\/v2\/types\/product"}],"replies":[{"embeddable":true,"href":"https:\/\/gpl-love.com\/es\/wp-json\/wp\/v2\/comments?post=120967"}],"wp:featuredmedia":[{"embeddable":true,"href":"https:\/\/gpl-love.com\/es\/wp-json\/wp\/v2\/media\/165915"}],"wp:attachment":[{"href":"https:\/\/gpl-love.com\/es\/wp-json\/wp\/v2\/media?parent=120967"}],"wp:term":[{"taxonomy":"product_brand","embeddable":true,"href":"https:\/\/gpl-love.com\/es\/wp-json\/wp\/v2\/product_brand?post=120967"},{"taxonomy":"product_cat","embeddable":true,"href":"https:\/\/gpl-love.com\/es\/wp-json\/wp\/v2\/product_cat?post=120967"},{"taxonomy":"product_tag","embeddable":true,"href":"https:\/\/gpl-love.com\/es\/wp-json\/wp\/v2\/product_tag?post=120967"}],"curies":[{"name":"wp","href":"https:\/\/api.w.org\/{rel}","templated":true}]}}