{"id":120963,"date":"2021-11-03T00:00:00","date_gmt":"2021-11-03T05:00:00","guid":{"rendered":"https:\/\/gpl-love.com\/es\/producto\/easy-digital-downloads-user-history\/"},"modified":"2026-03-09T07:29:45","modified_gmt":"2026-03-09T12:29:45","slug":"easy-digital-downloads-user-history","status":"publish","type":"product","link":"https:\/\/gpl-love.com\/es\/producto\/easy-digital-downloads-user-history\/","title":{"rendered":"Easy Digital Downloads User History 1.6.2"},"content":{"rendered":"<h3>Easy Digital Downloads User History Caracteristicas<\/h3>\n<p>El complemento de historial de usuarios f\u00e1ciles de descargas digitales es una herramienta incre\u00edblemente robusta e indispensable que ofrece ideas integrales e intrincadas sobre el comportamiento de compra de los clientes para los due\u00f1os de negocios en l\u00ednea. Este complemento excepcional le permite acceder y revisar y revisar el historial del usuario, que abarca una mir\u00edada de detalles invaluables, como pedidos anteriores, descargas y pagos realizados por sus estimados clientes. Adem\u00e1s, le permite profundizar a\u00fan m\u00e1s en el \u00e1mbito de la actividad del cliente en su sitio web al proporcionarle una descripci\u00f3n completa de los aspectos importantes, como la fecha y el tiempo precisos de cada compra, el m\u00e9todo de pago espec\u00edfico empleado y el estado de descarga asociado con cada elemento individual. Armado con esta riqueza de informaci\u00f3n pertinente, puede monitorear y rastrear de manera efectiva las diversas acciones realizadas por sus clientes, obteniendo as\u00ed ideas invaluables sobre sus preferencias y predilecciones particulares. En \u00faltima instancia, armado con un conocimiento tan profundo, puede personalizar y adaptar sus esfuerzos de marketing para satisfacer las necesidades y deseos espec\u00edficos de sus estimados clientes, lo que garantiza un compromiso e interacci\u00f3n \u00f3ptimos. Adoptar el complemento de historial de usuarios de descargas digitales f\u00e1ciles es una necesidad absoluta para cualquier propietario de la tienda en l\u00ednea exigente que alberga aspiraciones de optimizar su estimado negocio y garantizar el cenit absoluto de la satisfacci\u00f3n y la satisfacci\u00f3n del cliente.<\/p>\n<ul>\n<li>Proporciona informaci\u00f3n detallada sobre la actividad del usuario en su tienda de descargas digitales f\u00e1ciles<\/li>\n<li>Muestra qu\u00e9 productos ha comprado un usuario, cu\u00e1ndo fueron comprados y para cu\u00e1nto<\/li>\n<li>Le permite ver qu\u00e9 pasarelas de pago se usaron y si hubo reembolsos o devoluciones de cargo<\/li>\n<li>Proporciona informaci\u00f3n sobre qu\u00e9 usuarios est\u00e1n m\u00e1s comprometidos con su tienda y qu\u00e9 productos son los m\u00e1s populares<\/li>\n<li>Le ayuda a tomar decisiones basadas en datos sobre qu\u00e9 productos promocionar o presentar en su sitio web<\/li>\n<li>Le permite exportar f\u00e1cilmente los datos del historial de usuarios para un an\u00e1lisis posterior en Excel u otras herramientas<\/li>\n<li>Le ayuda a comprender mejor su base de clientes y a mejorar el rendimiento general de su tienda EDD<\/li>\n<li>Ofrece una interfaz f\u00e1cil de usar que es f\u00e1cil de usar y navegar<\/li>\n<li>No requiere conocimientos t\u00e9cnicos o habilidades de codificaci\u00f3n para usar<\/li>\n<li>Proporciona una visibilidad incomparable a la actividad del usuario, aumentando la rentabilidad y la satisfacci\u00f3n del cliente<\/li>\n<\/ul>\n","protected":false},"excerpt":{"rendered":"<p>Easy Digital Descargas El historial del usuario es una herramienta incre\u00edblemente robusta y eficiente que ha sido meticulosamente dise\u00f1ada para ofrecer a los usuarios una amplia gama de informaci\u00f3n integral relacionada con sus compras de productos digitales. Otorga a los usuarios la conveniencia de rastrear sin esfuerzo todo su historial de pedidos, leer y descargar sin esfuerzo sus recibos de compra, y administrar sin problemas la informaci\u00f3n de su cuenta. La interfaz en s\u00ed es notablemente f\u00e1cil de usar, lo que garantiza que los compradores en l\u00ednea que buscan mantener un registro organizado y bien informado de sus compras digitales se queden totalmente satisfechos. No hace falta decir que el historial de usuarios f\u00e1ciles de descargas digitales es una necesidad absoluta para cualquier sitio web que desee ofrecer productos o servicios digitales.<\/p>\n","protected":false},"featured_media":165891,"comment_status":"open","ping_status":"open","template":"","meta":[],"product_brand":[2427],"product_cat":[1208,1207,1206],"product_tag":[1280],"class_list":{"0":"post-120963","1":"product","2":"type-product","3":"status-publish","4":"has-post-thumbnail","6":"product_brand-easy-digital-downloads","7":"product_cat-administracion","8":"product_cat-comercio-electronico-plugins","9":"product_cat-plugins","10":"product_tag-easy-digital-downloads","11":"member-discount","12":"discount-restricted","14":"first","15":"instock","16":"sale","17":"downloadable","18":"virtual","19":"sold-individually","20":"purchasable","21":"product-type-simple"},"_links":{"self":[{"href":"https:\/\/gpl-love.com\/es\/wp-json\/wp\/v2\/product\/120963","targetHints":{"allow":["GET"]}}],"collection":[{"href":"https:\/\/gpl-love.com\/es\/wp-json\/wp\/v2\/product"}],"about":[{"href":"https:\/\/gpl-love.com\/es\/wp-json\/wp\/v2\/types\/product"}],"replies":[{"embeddable":true,"href":"https:\/\/gpl-love.com\/es\/wp-json\/wp\/v2\/comments?post=120963"}],"wp:featuredmedia":[{"embeddable":true,"href":"https:\/\/gpl-love.com\/es\/wp-json\/wp\/v2\/media\/165891"}],"wp:attachment":[{"href":"https:\/\/gpl-love.com\/es\/wp-json\/wp\/v2\/media?parent=120963"}],"wp:term":[{"taxonomy":"product_brand","embeddable":true,"href":"https:\/\/gpl-love.com\/es\/wp-json\/wp\/v2\/product_brand?post=120963"},{"taxonomy":"product_cat","embeddable":true,"href":"https:\/\/gpl-love.com\/es\/wp-json\/wp\/v2\/product_cat?post=120963"},{"taxonomy":"product_tag","embeddable":true,"href":"https:\/\/gpl-love.com\/es\/wp-json\/wp\/v2\/product_tag?post=120963"}],"curies":[{"name":"wp","href":"https:\/\/api.w.org\/{rel}","templated":true}]}}