{"id":120957,"date":"2022-11-29T00:00:00","date_gmt":"2022-11-29T05:00:00","guid":{"rendered":"https:\/\/gpl-love.com\/es\/producto\/easy-digital-downloads-pdf-invoices\/"},"modified":"2026-03-09T07:29:24","modified_gmt":"2026-03-09T12:29:24","slug":"easy-digital-downloads-pdf-invoices","status":"publish","type":"product","link":"https:\/\/gpl-love.com\/es\/producto\/easy-digital-downloads-pdf-invoices\/","title":{"rendered":"Easy Digital Downloads PDF Invoices 2.2.30"},"content":{"rendered":"<h3>Easy Digital Downloads PDF Invoices Caracteristicas<\/h3>\n<p>Easy Digital Descargas PDF Invoices es un complemento extremadamente potente que agiliza y simplifica el proceso de facturaci\u00f3n al automatizar la generaci\u00f3n y entrega de facturas de PDF altamente profesionales para sus estimados productos digitales. Este notable complemento le otorga la incre\u00edble capacidad de personalizar sin esfuerzo sus facturas con su logotipo distintivo, detalles del negocio esencial e informaci\u00f3n de pago vital. Adem\u00e1s, le permite establecer la entrega autom\u00e1tica de estas invaluables facturas a sus estimados clientes. Con la implementaci\u00f3n de descargas digitales f\u00e1ciles de facturas PDF, se le proporciona la oportunidad de ahorrar una cantidad significativa de tiempo y recursos valiosos al eliminar la ardua tarea de la facturaci\u00f3n manual. Adem\u00e1s, este complemento formidable lo ayuda a mantener registros impecables de sus ventas encomiables y pagos invaluables. Es realmente excepcional debido a su amplia gama de caracter\u00edsticas avanzadas, incluido su soporte inquebrantable para m\u00faltiples idiomas y monedas, plantillas adaptables e interfaz notablemente f\u00e1cil de usar que facilita sin esfuerzo la gesti\u00f3n de sus estimadas facturas. Independientemente de si usted es un propietario diligente de una peque\u00f1a empresa o una empresa estimada, este complemento sorprendente es sin duda la soluci\u00f3n ideal para optimizar de manera efectiva su proceso de facturaci\u00f3n y mejorar significativamente su preciada experiencia del cliente.<\/p>\n<ul>\n<li>Facturas de PDF de aspecto profesional generadas autom\u00e1ticamente<\/li>\n<li>Plantillas de factura personalizables para que coincidan con la identidad de su marca<\/li>\n<li>Opci\u00f3n para agregar el logotipo, la direcci\u00f3n y la informaci\u00f3n de contacto de su empresa a la factura<\/li>\n<li>Capacidad para enviar facturas por correo electr\u00f3nico a los clientes<\/li>\n<li>Numeraci\u00f3n autom\u00e1tica de facturas para un f\u00e1cil seguimiento y organizaci\u00f3n<\/li>\n<li>Admite m\u00faltiples formatos de divisas<\/li>\n<li>Compatible con todas las pasarelas de pago principales<\/li>\n<li>El cliente de f\u00e1cil acceso y el pedido de la informaci\u00f3n sobre la factura<\/li>\n<li>Opci\u00f3n para agregar notas o condiciones y condiciones adicionales a la factura<\/li>\n<li>Plantillas de correo electr\u00f3nico personalizables para notificaciones de facturas<\/li>\n<li>Compatible con descargas digitales f\u00e1ciles, un complemento de comercio electr\u00f3nico todo en uno para WordPress.<\/li>\n<\/ul>\n","protected":false},"excerpt":{"rendered":"<p>Descargas digitales f\u00e1ciles de facturas PDF cuenta con una soluci\u00f3n de facturaci\u00f3n amplia y abarcadora que ha sido meticulosamente elaborada y adaptada espec\u00edficamente para comerciantes en l\u00ednea que son usuarios \u00e1vidos de descargas digitales f\u00e1ciles. Este complemento inmensamente ventajoso tiene la notable capacidad de generar facturas sin esfuerzo en un formato PDF visualmente agradable y altamente profesional, facilitando as\u00ed el seguimiento sin problemas de las ventas y la gesti\u00f3n eficiente de los pedidos de los clientes para comerciantes. Adem\u00e1s, con su pletora de caracter\u00edsticas robustas, como la capacidad de personalizar las plantillas de acuerdo con las preferencias de uno, la generaci\u00f3n autom\u00e1tica de facturas y la actualizaci\u00f3n de pedidos en tiempo real, este complemento optimiza y simplifica significativamente la facturaci\u00f3n de contracci\u00f3n proceso. A su vez, esto empodera y permite a los comerciantes aprovechar al m\u00e1ximo su potencial de ventas, impulsando as\u00ed a sus negocios a alturas de \u00e9xito incomparables. Por lo tanto, ya sea que sea un propietario de una empresa a peque\u00f1a escala o un vendedor en l\u00ednea experimentado y experimentado, no busque m\u00e1s que las descargas digitales f\u00e1ciles de las facturas de PDF, ya que sin duda es la soluci\u00f3n de facturaci\u00f3n por excelencia que est\u00e1 garantizado para optimizar y mejorar su negocio procesos en una medida extraordinaria.<\/p>\n","protected":false},"featured_media":165874,"comment_status":"open","ping_status":"open","template":"","meta":[],"product_brand":[2427],"product_cat":[1207,1225,1206],"product_tag":[1280],"class_list":{"0":"post-120957","1":"product","2":"type-product","3":"status-publish","4":"has-post-thumbnail","6":"product_brand-easy-digital-downloads","7":"product_cat-comercio-electronico-plugins","8":"product_cat-marketing","9":"product_cat-plugins","10":"product_tag-easy-digital-downloads","11":"member-discount","12":"discount-restricted","14":"first","15":"instock","16":"sale","17":"downloadable","18":"virtual","19":"sold-individually","20":"purchasable","21":"product-type-simple"},"_links":{"self":[{"href":"https:\/\/gpl-love.com\/es\/wp-json\/wp\/v2\/product\/120957","targetHints":{"allow":["GET"]}}],"collection":[{"href":"https:\/\/gpl-love.com\/es\/wp-json\/wp\/v2\/product"}],"about":[{"href":"https:\/\/gpl-love.com\/es\/wp-json\/wp\/v2\/types\/product"}],"replies":[{"embeddable":true,"href":"https:\/\/gpl-love.com\/es\/wp-json\/wp\/v2\/comments?post=120957"}],"wp:featuredmedia":[{"embeddable":true,"href":"https:\/\/gpl-love.com\/es\/wp-json\/wp\/v2\/media\/165874"}],"wp:attachment":[{"href":"https:\/\/gpl-love.com\/es\/wp-json\/wp\/v2\/media?parent=120957"}],"wp:term":[{"taxonomy":"product_brand","embeddable":true,"href":"https:\/\/gpl-love.com\/es\/wp-json\/wp\/v2\/product_brand?post=120957"},{"taxonomy":"product_cat","embeddable":true,"href":"https:\/\/gpl-love.com\/es\/wp-json\/wp\/v2\/product_cat?post=120957"},{"taxonomy":"product_tag","embeddable":true,"href":"https:\/\/gpl-love.com\/es\/wp-json\/wp\/v2\/product_tag?post=120957"}],"curies":[{"name":"wp","href":"https:\/\/api.w.org\/{rel}","templated":true}]}}