{"id":120955,"date":"2023-03-24T00:00:00","date_gmt":"2023-03-24T05:00:00","guid":{"rendered":"https:\/\/gpl-love.com\/es\/producto\/easy-digital-downloads-paypal-pro-y-paypal-express\/"},"modified":"2026-03-09T07:29:22","modified_gmt":"2026-03-09T12:29:22","slug":"easy-digital-downloads-paypal-pro-y-paypal-express","status":"publish","type":"product","link":"https:\/\/gpl-love.com\/es\/producto\/easy-digital-downloads-paypal-pro-y-paypal-express\/","title":{"rendered":"Easy Digital Downloads PayPal Pro y PayPal Express 1.4.7"},"content":{"rendered":"<h3>Easy Digital Downloads PayPal Pro y PayPal Express Caracteristicas<\/h3>\n<p>Las descargas digitales f\u00e1ciles de PayPal Pro y PayPal Express son dos soluciones de procesamiento de pagos robustas y eficientes que sirven como herramientas invaluables para las empresas que buscan optimizar sus transacciones en l\u00ednea. Al integrarse sin problemas en el proceso de pago, PayPal Pro permite a los clientes realizar pagos sin esfuerzo utilizando sus tarjetas de cr\u00e9dito o d\u00e9bito, eliminando los inconvenientes de abandonar el sitio. Adem\u00e1s, PayPal Pro cuenta con una variedad de caracter\u00edsticas de seguridad de vanguardia, como protecci\u00f3n de fraude avanzada y una estricta adherencia al cumplimiento de PCI, asegurando que los clientes puedan disfrutar de una experiencia de pago sin preocupaciones. Por el contrario, PayPal Express presenta una opci\u00f3n alternativa, otorgando a los clientes la capacidad de realizar pagos utilizando sus cuentas de PayPal, eludiendo la necesidad de aportes manuales de detalles de pago. Esta soluci\u00f3n vers\u00e1til tambi\u00e9n abarca una gran cantidad de caracter\u00edsticas \u00fatiles, incluidos pagos recurrentes, soporte para m\u00faltiples monedas y reembolsos autom\u00e1ticos. Al implementar estas dos soluciones de procesamiento de pagos excepcionales, las empresas pueden cultivar un entorno que fomente las experiencias de pago r\u00e1pidas, seguras y convenientes, lo que finalmente conduce a ventas aumentadas y un sentido amplificado de satisfacci\u00f3n del cliente.<\/p>\n<ul>\n<li>Integraci\u00f3n perfecta con PayPal Pro y PayPal Express<\/li>\n<li>Configuraci\u00f3n y configuraci\u00f3n f\u00e1cil<\/li>\n<li>Procesamiento de pago seguro<\/li>\n<li>Transacciones de pago r\u00e1pidas y confiables<\/li>\n<li>Aceptaci\u00f3n de m\u00faltiples monedas<\/li>\n<li>Capacidad para administrar, reembolsar y cancelar las transacciones directamente de descargas digitales f\u00e1ciles<\/li>\n<li>Informes en tiempo real de datos de ventas, ingresos y transacciones<\/li>\n<li>Compatibilidad con complementos y temas populares de WordPress<\/li>\n<li>Acceso al servicio de atenci\u00f3n al cliente y la documentaci\u00f3n<\/li>\n<\/ul>\n","protected":false},"excerpt":{"rendered":"<p>El complemento f\u00e1cil de PayPal Pro y PayPal Express es una herramienta notable que permite a sus clientes ejecutar pagos sin esfuerzo y de forma segura a trav\u00e9s de PayPal, una pasarela ilustre y ampliamente utilizada que ha obtenido un fideicomiso inmenso. Al incorporar este complemento en su sistema, tiene la capacidad de presentar a sus clientes no solo una, sino dos opciones notables, a saber, PayPal Pro y PayPal Express, otorg\u00e1ndoles as\u00ed una mayor flexibilidad y mayor conveniencia al llevar a cabo transacciones en sus estimados sitio web. Adem\u00e1s, la integraci\u00f3n perfecta de este notable complemento en la plataforma de descargas digitales f\u00e1ciles le permite optimizar y acelerar su procesamiento de pagos, al tiempo que mitiga la probabilidad de incurrir en errores de pago o experimentar retrasos inoportunos.<\/p>\n","protected":false},"featured_media":165873,"comment_status":"open","ping_status":"open","template":"","meta":[],"product_brand":[2427],"product_cat":[1207,1225,1206],"product_tag":[1280],"class_list":{"0":"post-120955","1":"product","2":"type-product","3":"status-publish","4":"has-post-thumbnail","6":"product_brand-easy-digital-downloads","7":"product_cat-comercio-electronico-plugins","8":"product_cat-marketing","9":"product_cat-plugins","10":"product_tag-easy-digital-downloads","11":"member-discount","12":"discount-restricted","14":"first","15":"instock","16":"sale","17":"downloadable","18":"virtual","19":"sold-individually","20":"purchasable","21":"product-type-simple"},"_links":{"self":[{"href":"https:\/\/gpl-love.com\/es\/wp-json\/wp\/v2\/product\/120955","targetHints":{"allow":["GET"]}}],"collection":[{"href":"https:\/\/gpl-love.com\/es\/wp-json\/wp\/v2\/product"}],"about":[{"href":"https:\/\/gpl-love.com\/es\/wp-json\/wp\/v2\/types\/product"}],"replies":[{"embeddable":true,"href":"https:\/\/gpl-love.com\/es\/wp-json\/wp\/v2\/comments?post=120955"}],"wp:featuredmedia":[{"embeddable":true,"href":"https:\/\/gpl-love.com\/es\/wp-json\/wp\/v2\/media\/165873"}],"wp:attachment":[{"href":"https:\/\/gpl-love.com\/es\/wp-json\/wp\/v2\/media?parent=120955"}],"wp:term":[{"taxonomy":"product_brand","embeddable":true,"href":"https:\/\/gpl-love.com\/es\/wp-json\/wp\/v2\/product_brand?post=120955"},{"taxonomy":"product_cat","embeddable":true,"href":"https:\/\/gpl-love.com\/es\/wp-json\/wp\/v2\/product_cat?post=120955"},{"taxonomy":"product_tag","embeddable":true,"href":"https:\/\/gpl-love.com\/es\/wp-json\/wp\/v2\/product_tag?post=120955"}],"curies":[{"name":"wp","href":"https:\/\/api.w.org\/{rel}","templated":true}]}}