{"id":120953,"date":"2021-12-20T00:00:00","date_gmt":"2021-12-20T05:00:00","guid":{"rendered":"https:\/\/gpl-love.com\/es\/producto\/easy-digital-downloads-mailchimp\/"},"modified":"2026-03-09T07:29:15","modified_gmt":"2026-03-09T12:29:15","slug":"easy-digital-downloads-mailchimp","status":"publish","type":"product","link":"https:\/\/gpl-love.com\/es\/producto\/easy-digital-downloads-mailchimp\/","title":{"rendered":"Easy Digital Downloads MailChimp 3.0.16"},"content":{"rendered":"<h3>Easy Digital Downloads MailChimp Caracteristicas<\/h3>\n<p>Easy Digital Descargas MailChimp es un complemento incre\u00edblemente robusto y eficiente que ofrece a los propietarios de negocios en l\u00ednea la notable capacidad de integrar a la perfecci\u00f3n su tienda de descargas digitales f\u00e1ciles con MailChimp, que es ampliamente considerada como una de las herramientas de marketing por correo electr\u00f3nico m\u00e1s frecuentes y muy consideradas empleadas por empresas. a traves del globo. Este complemento excepcional ofrece a los usuarios la comodidad de capturar sin esfuerzo la informaci\u00f3n del cliente al momento del pago, lo que agrega autom\u00e1ticamente a estos valiosos clientes a su lista de correo electr\u00f3nico de MailChimp. Adem\u00e1s, permite a los usuarios ejecutar con \u00e9xito campa\u00f1as de marketing dirigidas con precisi\u00f3n dirigidas hacia su base de suscriptores en constante aumento. Lo que hace que este complemento sea realmente excepcional es su proceso de instalaci\u00f3n sin esfuerzo, junto con su notable versatilidad en t\u00e9rminos de personalizaci\u00f3n, lo que lo convierte en una soluci\u00f3n indiscutiblemente ideal para cualquier propietario de negocios en l\u00ednea astuto que busque elevar sus esfuerzos de marketing por correo electr\u00f3nico, lo que finalmente resulta en un aumento sustancial de ventas.<\/p>\n<ul>\n<li>Permite una integraci\u00f3n perfecta de descargas digitales f\u00e1ciles y MailChimp.<\/li>\n<li>Simplifica el proceso de gesti\u00f3n de campa\u00f1as de marketing por correo electr\u00f3nico para clientes de EDD.<\/li>\n<li>Permite una f\u00e1cil sincronizaci\u00f3n de los datos del cliente entre EDD y MailChimp.<\/li>\n<li>Proporciona una gama de opciones de personalizaci\u00f3n para plantillas de correo electr\u00f3nico y formularios de registro.<\/li>\n<li>Facilita los esfuerzos de marketing por correo electr\u00f3nico espec\u00edficos y personalizados a trav\u00e9s de la segmentaci\u00f3n de los datos del cliente.<\/li>\n<li>Ofrece la entrega de correo electr\u00f3nico confiable y el monitoreo de los resultados de la campa\u00f1a a trav\u00e9s de an\u00e1lisis en tiempo real.<\/li>\n<li>Mejora la participaci\u00f3n y la retenci\u00f3n del cliente a trav\u00e9s de flujos de trabajo de correo electr\u00f3nico automatizados.<\/li>\n<li>Ahorra tiempo y esfuerzo en la entrada y gesti\u00f3n de datos manuales del cliente.<\/li>\n<li>Admite el cumplimiento de GDPR con las opciones de privacidad incorporadas.<\/li>\n<li>Proporciona atenci\u00f3n al cliente excepcional y una documentaci\u00f3n f\u00e1cil de entender.<\/li>\n<\/ul>\n","protected":false},"excerpt":{"rendered":"<p>\u00a1Presentaci\u00f3n de descargas digitales f\u00e1ciles de Mailchimp, una soluci\u00f3n excepcional dise\u00f1ada para administrar sin esfuerzo sus campa\u00f1as de marketing por correo electr\u00f3nico con la m\u00e1xima facilidad y conveniencia! Este complemento de integraci\u00f3n impecable ofrece a los propietarios f\u00e1ciles de las tiendas de descargas digitales una oportunidad perfecta para establecer una conexi\u00f3n con MailChimp y sincronizar sus invaluables datos de clientes de manera impecable. Con el mero clic de algunos botones, puede segmentar sin esfuerzo su extensa lista de suscriptores, seleccionar campa\u00f1as altamente espec\u00edficas y personalizadas e incluso automatizar sus esfuerzos de marketing por correo electr\u00f3nico completos con una eficiencia incomparable. D\u00e9jate despedir con la tarea minuciosamente laboriosa de la gesti\u00f3n de listas y saludar a las perspectivas perspectivas de una comunicaci\u00f3n efectiva e impactante con tu estimada audiencia. \u00a1Adelante las descargas digitales f\u00e1ciles de MailChimp hoy y eleve sus esfuerzos de marketing por correo electr\u00f3nico a alturas de \u00e9xito y logro sin precedentes!<\/p>\n","protected":false},"featured_media":165867,"comment_status":"open","ping_status":"open","template":"","meta":[],"product_brand":[2427],"product_cat":[1207,1429,1206],"product_tag":[1280],"class_list":{"0":"post-120953","1":"product","2":"type-product","3":"status-publish","4":"has-post-thumbnail","6":"product_brand-easy-digital-downloads","7":"product_cat-comercio-electronico-plugins","8":"product_cat-formas-comercio-electronico-plugins","9":"product_cat-plugins","10":"product_tag-easy-digital-downloads","11":"member-discount","12":"discount-restricted","14":"first","15":"instock","16":"sale","17":"downloadable","18":"virtual","19":"sold-individually","20":"purchasable","21":"product-type-simple"},"_links":{"self":[{"href":"https:\/\/gpl-love.com\/es\/wp-json\/wp\/v2\/product\/120953","targetHints":{"allow":["GET"]}}],"collection":[{"href":"https:\/\/gpl-love.com\/es\/wp-json\/wp\/v2\/product"}],"about":[{"href":"https:\/\/gpl-love.com\/es\/wp-json\/wp\/v2\/types\/product"}],"replies":[{"embeddable":true,"href":"https:\/\/gpl-love.com\/es\/wp-json\/wp\/v2\/comments?post=120953"}],"wp:featuredmedia":[{"embeddable":true,"href":"https:\/\/gpl-love.com\/es\/wp-json\/wp\/v2\/media\/165867"}],"wp:attachment":[{"href":"https:\/\/gpl-love.com\/es\/wp-json\/wp\/v2\/media?parent=120953"}],"wp:term":[{"taxonomy":"product_brand","embeddable":true,"href":"https:\/\/gpl-love.com\/es\/wp-json\/wp\/v2\/product_brand?post=120953"},{"taxonomy":"product_cat","embeddable":true,"href":"https:\/\/gpl-love.com\/es\/wp-json\/wp\/v2\/product_cat?post=120953"},{"taxonomy":"product_tag","embeddable":true,"href":"https:\/\/gpl-love.com\/es\/wp-json\/wp\/v2\/product_tag?post=120953"}],"curies":[{"name":"wp","href":"https:\/\/api.w.org\/{rel}","templated":true}]}}