{"id":120951,"date":"2025-11-06T00:00:00","date_gmt":"2025-11-06T05:00:00","guid":{"rendered":"https:\/\/gpl-love.com\/es\/producto\/easy-digital-downloads-git-download-updates\/"},"modified":"2026-03-09T07:29:12","modified_gmt":"2026-03-09T12:29:12","slug":"easy-digital-downloads-git-download-updates","status":"publish","type":"product","link":"https:\/\/gpl-love.com\/es\/producto\/easy-digital-downloads-git-download-updates\/","title":{"rendered":"Easy Digital Downloads Git Download Updates 1.3.2"},"content":{"rendered":"<h3>Easy Digital Downloads Git Download Updates Caracteristicas<\/h3>\n<p>Easy Digital Download Git Descargar actualizaciones es una soluci\u00f3n de software altamente eficiente y conveniente que permite a los usuarios la capacidad de descargar sin esfuerzo actualizaciones para sus valiosos productos digitales. Al utilizar este software de vanguardia, las personas pueden mantenerse actualizadas sin esfuerzo y asegurarse de que sus estimados clientes siempre est\u00e9n equipados con las versiones m\u00e1s recientes de sus ofertas digitales. El software est\u00e1 meticulosamente dise\u00f1ado para ser incre\u00edblemente f\u00e1cil de usar, atendiendo a personas en todos los niveles de habilidad, desde novatos hasta expertos experimentados. Ofrece un enfoque integral y hol\u00edstico para administrar productos digitales, garantizando que los usuarios puedan mantener efectivamente la calidad \u00f3ptima de sus ofertas y satisfacer constantemente su base de clientes. En consecuencia, las actualizaciones de descarga de descargas digitales f\u00e1ciles de descarga son una herramienta indispensable para cualquier persona que busque comercializar y distribuir con \u00e9xito productos digitales en l\u00ednea, al tiempo que proporciona a sus clientes acceso sin restricciones a las \u00faltimas iteraciones de sus preciadas ofertas.<\/p>\n<ul>\n<li>Se integra perfectamente con descargas digitales f\u00e1ciles<\/li>\n<li>Proporciona actualizaciones autom\u00e1ticas para complementos y temas<\/li>\n<li>Agiliza el proceso de actualizaci\u00f3n a la \u00faltima versi\u00f3n<\/li>\n<li>La implementaci\u00f3n basada en GIT garantiza una mejor fiabilidad y control<\/li>\n<li>Las actualizaciones regulares entregan nuevas funciones y correcciones de errores<\/li>\n<li>Documentaci\u00f3n integral y atenci\u00f3n al cliente disponible<\/li>\n<li>Compatible con una amplia gama de temas y complementos<\/li>\n<li>Seguro y f\u00e1cil de usar para desarrolladores de todos los niveles de habilidad.<\/li>\n<li>Hace que sea f\u00e1cil administrar y rastrear los cambios en la versi\u00f3n<\/li>\n<li>Minimiza el tiempo de inactividad durante las actualizaciones para una mejor experiencia de usuario<\/li>\n<\/ul>\n","protected":false},"excerpt":{"rendered":"<p>Al utilizar la funci\u00f3n de actualizaciones de descarga de Git de descargas digitales f\u00e1ciles, tiene la capacidad de mantener sin esfuerzo la moneda de sus complementos y complementos a trav\u00e9s de la utilizaci\u00f3n de GIT. Nuestro complemento de primer nivel ofrece una interfaz f\u00e1cil de usar y eficiente que facilita el proceso de garantizar que sus descargas siempre est\u00e9n actualizadas, lo que garantiza que tenga acceso a las mejoras m\u00e1s recientes y las correcciones de errores sin encontrar complicaciones innecesarias. Adem\u00e1s, con nuestra configuraci\u00f3n altamente personalizable y la provisi\u00f3n de notificaciones de actualizaciones autom\u00e1ticas, tiene el poder de mantener el control total sobre sus descargas y puede asignar su atenci\u00f3n hacia el crecimiento y el desarrollo de su negocio. \u00a1Abrace este m\u00e9todo conveniente y sin problemas para administrar de manera efectiva las actualizaciones de sus productos digitales!<\/p>\n","protected":false},"featured_media":165864,"comment_status":"open","ping_status":"open","template":"","meta":[],"product_brand":[2427],"product_cat":[1208,1207,1206],"product_tag":[1280],"class_list":{"0":"post-120951","1":"product","2":"type-product","3":"status-publish","4":"has-post-thumbnail","6":"product_brand-easy-digital-downloads","7":"product_cat-administracion","8":"product_cat-comercio-electronico-plugins","9":"product_cat-plugins","10":"product_tag-easy-digital-downloads","11":"member-discount","12":"discount-restricted","14":"first","15":"instock","16":"sale","17":"downloadable","18":"virtual","19":"sold-individually","20":"purchasable","21":"product-type-simple"},"_links":{"self":[{"href":"https:\/\/gpl-love.com\/es\/wp-json\/wp\/v2\/product\/120951","targetHints":{"allow":["GET"]}}],"collection":[{"href":"https:\/\/gpl-love.com\/es\/wp-json\/wp\/v2\/product"}],"about":[{"href":"https:\/\/gpl-love.com\/es\/wp-json\/wp\/v2\/types\/product"}],"replies":[{"embeddable":true,"href":"https:\/\/gpl-love.com\/es\/wp-json\/wp\/v2\/comments?post=120951"}],"wp:featuredmedia":[{"embeddable":true,"href":"https:\/\/gpl-love.com\/es\/wp-json\/wp\/v2\/media\/165864"}],"wp:attachment":[{"href":"https:\/\/gpl-love.com\/es\/wp-json\/wp\/v2\/media?parent=120951"}],"wp:term":[{"taxonomy":"product_brand","embeddable":true,"href":"https:\/\/gpl-love.com\/es\/wp-json\/wp\/v2\/product_brand?post=120951"},{"taxonomy":"product_cat","embeddable":true,"href":"https:\/\/gpl-love.com\/es\/wp-json\/wp\/v2\/product_cat?post=120951"},{"taxonomy":"product_tag","embeddable":true,"href":"https:\/\/gpl-love.com\/es\/wp-json\/wp\/v2\/product_tag?post=120951"}],"curies":[{"name":"wp","href":"https:\/\/api.w.org\/{rel}","templated":true}]}}