{"id":120949,"date":"2022-01-28T00:00:00","date_gmt":"2022-01-28T05:00:00","guid":{"rendered":"https:\/\/gpl-love.com\/es\/producto\/easy-digital-downloads-getresponse\/"},"modified":"2026-03-09T07:29:10","modified_gmt":"2026-03-09T12:29:10","slug":"easy-digital-downloads-getresponse","status":"publish","type":"product","link":"https:\/\/gpl-love.com\/es\/producto\/easy-digital-downloads-getresponse\/","title":{"rendered":"Easy Digital Downloads GetResponse 2.1.7"},"content":{"rendered":"<h3>Easy Digital Downloads GetResponse Caracteristicas<\/h3>\n<p>Easy Digital Descargas GetResponse ofrece una integraci\u00f3n s\u00f3lida que facilita la conexi\u00f3n perfecta entre la plataforma de descargas digitales f\u00e1cil de las empresas en l\u00ednea y el software avanzado de marketing por correo electr\u00f3nico de GetResponse. Esta integraci\u00f3n ofrece una gran cantidad de beneficios, incluida la gesti\u00f3n sin esfuerzo de las campa\u00f1as de marketing por correo electr\u00f3nico, la automatizaci\u00f3n de las listas de correo electr\u00f3nico y el seguimiento integral del comportamiento de los clientes. Con las capacidades notables de las descargas digitales f\u00e1ciles de obtener GetResponse, las empresas en l\u00ednea pueden segmentar efectivamente a sus clientes en funci\u00f3n de varios par\u00e1metros, personalizar sus correos electr\u00f3nicos para resonar con los destinatarios individuales y monitorear de cerca el rendimiento de sus campa\u00f1as de correo electr\u00f3nico. Por lo tanto, esta integraci\u00f3n sirve como una soluci\u00f3n excepcional para las empresas con el objetivo de aumentar sus esfuerzos de marketing e impulsar el crecimiento sustancial de los ingresos.<\/p>\n<ul>\n<li>Conecta sin problemas descargas digitales f\u00e1ciles con el servicio de marketing por correo electr\u00f3nico de GetResponse<\/li>\n<li>Permite una f\u00e1cil gesti\u00f3n de listas y segmentaci\u00f3n dentro de GetResponse<\/li>\n<li>Automatiza el proceso de registro de clientes de descargas digitales f\u00e1ciles hasta listas de correo electr\u00f3nico espec\u00edficas en GetResponse<\/li>\n<li>Proporciona informes detallados y an\u00e1lisis para campa\u00f1as de correo electr\u00f3nico y participaci\u00f3n del cliente<\/li>\n<li>Ahorra tiempo y esfuerzo eliminando la necesidad de entrada manual de datos y gesti\u00f3n de listas<\/li>\n<li>Compatible con las \u00faltimas versiones de descargas digitales f\u00e1ciles y getResponse<\/li>\n<li>Instalaci\u00f3n sin problemas y proceso de configuraci\u00f3n<\/li>\n<li>Equipo de soporte dedicado para cualquier problema t\u00e9cnico o consulta<\/li>\n<li>Opciones de precios asequibles para empresas de todos los tama\u00f1os<\/li>\n<li>Ofrece un mayor potencial de ingresos a trav\u00e9s de campa\u00f1as espec\u00edficas de marketing por correo electr\u00f3nico.<\/li>\n<\/ul>\n","protected":false},"excerpt":{"rendered":"<p>Easy Digital Descargas GetResponse es una integraci\u00f3n incre\u00edblemente robusta que proporciona la conexi\u00f3n perfecta entre su tienda f\u00e1cil de descargas digitales y su cuenta GetResponse. Al utilizar esta integraci\u00f3n, puede construir sin esfuerzo su lista de correo electr\u00f3nico y automatizar sus campa\u00f1as de marketing para maximizar sus ventas en l\u00ednea. Esta integraci\u00f3n ofrece la capacidad conveniente para adquirir correos electr\u00f3nicos de los clientes durante el pago, segmenta efectivamente su lista de correo electr\u00f3nico de acuerdo con el comportamiento del cliente y env\u00eda correos electr\u00f3nicos dirigidos de manera efectiva destinadas a mejorar la participaci\u00f3n y impulsar las ventas. Independientemente de si usted es un novato o un experto experimentado en el campo, las descargas digitales f\u00e1ciles GetResponse presenta una soluci\u00f3n intuitiva y f\u00e1cil de usar que seguramente impulsar\u00e1 el crecimiento de su negocio.<\/p>\n","protected":false},"featured_media":165863,"comment_status":"open","ping_status":"open","template":"","meta":[],"product_brand":[2427],"product_cat":[1207,1429,1206],"product_tag":[1280],"class_list":{"0":"post-120949","1":"product","2":"type-product","3":"status-publish","4":"has-post-thumbnail","6":"product_brand-easy-digital-downloads","7":"product_cat-comercio-electronico-plugins","8":"product_cat-formas-comercio-electronico-plugins","9":"product_cat-plugins","10":"product_tag-easy-digital-downloads","11":"member-discount","12":"discount-restricted","14":"first","15":"instock","16":"sale","17":"downloadable","18":"virtual","19":"sold-individually","20":"purchasable","21":"product-type-simple"},"_links":{"self":[{"href":"https:\/\/gpl-love.com\/es\/wp-json\/wp\/v2\/product\/120949","targetHints":{"allow":["GET"]}}],"collection":[{"href":"https:\/\/gpl-love.com\/es\/wp-json\/wp\/v2\/product"}],"about":[{"href":"https:\/\/gpl-love.com\/es\/wp-json\/wp\/v2\/types\/product"}],"replies":[{"embeddable":true,"href":"https:\/\/gpl-love.com\/es\/wp-json\/wp\/v2\/comments?post=120949"}],"wp:featuredmedia":[{"embeddable":true,"href":"https:\/\/gpl-love.com\/es\/wp-json\/wp\/v2\/media\/165863"}],"wp:attachment":[{"href":"https:\/\/gpl-love.com\/es\/wp-json\/wp\/v2\/media?parent=120949"}],"wp:term":[{"taxonomy":"product_brand","embeddable":true,"href":"https:\/\/gpl-love.com\/es\/wp-json\/wp\/v2\/product_brand?post=120949"},{"taxonomy":"product_cat","embeddable":true,"href":"https:\/\/gpl-love.com\/es\/wp-json\/wp\/v2\/product_cat?post=120949"},{"taxonomy":"product_tag","embeddable":true,"href":"https:\/\/gpl-love.com\/es\/wp-json\/wp\/v2\/product_tag?post=120949"}],"curies":[{"name":"wp","href":"https:\/\/api.w.org\/{rel}","templated":true}]}}