{"id":120947,"date":"2024-11-29T00:00:00","date_gmt":"2024-11-29T05:00:00","guid":{"rendered":"https:\/\/gpl-love.com\/es\/producto\/easy-digital-downloads-gateway-fees\/"},"modified":"2026-03-09T07:29:09","modified_gmt":"2026-03-09T12:29:09","slug":"easy-digital-downloads-gateway-fees","status":"publish","type":"product","link":"https:\/\/gpl-love.com\/es\/producto\/easy-digital-downloads-gateway-fees\/","title":{"rendered":"Easy Digital Downloads Gateway Fees 1.5.6"},"content":{"rendered":"<h3>Easy Digital Downloads Gateway Fees Caracteristicas<\/h3>\n<p>Easy Digital Descargas Gateway Tares es un complemento muy conveniente y f\u00e1cil de usar que optimiza y simplifica el intrincado proceso de establecer tarifas para varias pasarelas de pago en su estimada tienda en l\u00ednea. Al implementar este complemento excepcional, est\u00e1 facultado para configurar sin esfuerzo tarifas y cargos adicionales para cada pasarela de pago que emplee, todo al tener en cuenta la naturaleza espec\u00edfica de la transacci\u00f3n o el valor general del pedido. Este notable complemento extiende su inquebrantable apoyo a numerosas pasarelas de pago de renombre, incluidos los gustos de PayPal, Stripe y Authorize.net. Adem\u00e1s, el complemento le brinda la oportunidad \u00fanica de instituir tarifas basadas en los atributos distintivos de la ubicaci\u00f3n del cliente o el tipo particular de producto. Con un proceso de configuraci\u00f3n y instalaci\u00f3n notablemente sin problemas, esta herramienta excepcional realmente facilita la optimizaci\u00f3n de su flujo de trabajo de procesamiento de pagos, al tiempo que mejora el flujo de ingresos general. Por lo tanto, si se encuentra en busca de una soluci\u00f3n de tarifas de pasarela de pago sin igual, din\u00e1mica y notablemente adaptable para su estimada tienda en l\u00ednea, no busque m\u00e1s que el complemento de tarifas de puerta de enlace de descargas digitales f\u00e1ciles sin igual.<\/p>\n<ul>\n<li>Simplifica el proceso de cobro de tarifas adicionales por usar pasarelas de pago espec\u00edficas<\/li>\n<li>Proporciona m\u00faltiples opciones para establecer tarifas basadas en la pasarela de pago y el total de pedidos<\/li>\n<li>Permite la personalizaci\u00f3n de etiquetas y descripciones de tarifas<\/li>\n<li>Se integra a la perfecci\u00f3n con descargas digitales f\u00e1ciles, una popular plataforma de comercio electr\u00f3nico<\/li>\n<li>Ofrece documentaci\u00f3n detallada y soporte para una f\u00e1cil instalaci\u00f3n y configuraci\u00f3n<\/li>\n<li>Ayuda a aumentar los ingresos incentivando el uso de las pasarelas de pago preferidas sin desalentar a los clientes a realizar compras.<\/li>\n<\/ul>\n","protected":false},"excerpt":{"rendered":"<p>Las tarifas de Gateway de descargas digitales f\u00e1ciles son un complemento notablemente robusto y f\u00e1cil de usar que le otorga la capacidad de imponer tarifas para la utilizaci\u00f3n de diversas pasarelas de pago en su sitio web. Mediante este complemento, posee la capacidad de establecer tarifas distintas para cada pasarela de pago, garantizando as\u00ed la optimizaci\u00f3n de sus ganancias al tiempo que le brinda a su clientela una variedad diversa de alternativas de pago. Independientemente de si est\u00e1 supervisando una tienda de comercio electr\u00f3nico o se dedica a la venta en l\u00ednea de mercanc\u00edas digitales, las tarifas de puerta de enlace de descargas digitales f\u00e1ciles sirven como la soluci\u00f3n definitiva para administrar efectivamente las tarifas de entrada de pago.<\/p>\n","protected":false},"featured_media":165862,"comment_status":"open","ping_status":"open","template":"","meta":[],"product_brand":[2427],"product_cat":[1207,1426,1206],"product_tag":[1280],"class_list":{"0":"post-120947","1":"product","2":"type-product","3":"status-publish","4":"has-post-thumbnail","6":"product_brand-easy-digital-downloads","7":"product_cat-comercio-electronico-plugins","8":"product_cat-pago-comercio-electronico-plugins","9":"product_cat-plugins","10":"product_tag-easy-digital-downloads","11":"member-discount","12":"discount-restricted","14":"first","15":"instock","16":"sale","17":"downloadable","18":"virtual","19":"sold-individually","20":"purchasable","21":"product-type-simple"},"_links":{"self":[{"href":"https:\/\/gpl-love.com\/es\/wp-json\/wp\/v2\/product\/120947","targetHints":{"allow":["GET"]}}],"collection":[{"href":"https:\/\/gpl-love.com\/es\/wp-json\/wp\/v2\/product"}],"about":[{"href":"https:\/\/gpl-love.com\/es\/wp-json\/wp\/v2\/types\/product"}],"replies":[{"embeddable":true,"href":"https:\/\/gpl-love.com\/es\/wp-json\/wp\/v2\/comments?post=120947"}],"wp:featuredmedia":[{"embeddable":true,"href":"https:\/\/gpl-love.com\/es\/wp-json\/wp\/v2\/media\/165862"}],"wp:attachment":[{"href":"https:\/\/gpl-love.com\/es\/wp-json\/wp\/v2\/media?parent=120947"}],"wp:term":[{"taxonomy":"product_brand","embeddable":true,"href":"https:\/\/gpl-love.com\/es\/wp-json\/wp\/v2\/product_brand?post=120947"},{"taxonomy":"product_cat","embeddable":true,"href":"https:\/\/gpl-love.com\/es\/wp-json\/wp\/v2\/product_cat?post=120947"},{"taxonomy":"product_tag","embeddable":true,"href":"https:\/\/gpl-love.com\/es\/wp-json\/wp\/v2\/product_tag?post=120947"}],"curies":[{"name":"wp","href":"https:\/\/api.w.org\/{rel}","templated":true}]}}