{"id":120945,"date":"2022-07-12T00:00:00","date_gmt":"2022-07-12T05:00:00","guid":{"rendered":"https:\/\/gpl-love.com\/es\/producto\/easy-digital-downloads-file-store-para-dropbox\/"},"modified":"2026-03-09T07:29:05","modified_gmt":"2026-03-09T12:29:05","slug":"easy-digital-downloads-file-store-para-dropbox","status":"publish","type":"product","link":"https:\/\/gpl-love.com\/es\/producto\/easy-digital-downloads-file-store-para-dropbox\/","title":{"rendered":"Easy Digital Downloads File Store para Dropbox 2.0.5"},"content":{"rendered":"<h3>Easy Digital Downloads File Store para Dropbox Caracteristicas<\/h3>\n<p>La tienda de archivos de descargas digitales f\u00e1ciles para Dropbox es una soluci\u00f3n que abarca todo para individuos y empresas que buscan un medio directo y eficiente para expender y difundir productos digitales. Este complemento robusto faculta a los usuarios para integrar sin problemas sus cuentas de Dropbox con sus tiendas en l\u00ednea, facilitando una experiencia armoniosa para los clientes. Al incorporar funcionalidades avanzadas, como entrega automatizada de productos, notificaciones de correo electr\u00f3nico personalizables y un tablero intuitivo, la tienda de archivos de descargas digitales f\u00e1ciles para Dropbox garantiza el transporte seguro y conveniente de su mercanc\u00eda digital. Ya sea que se especialice en la venta de libros electr\u00f3nicos, m\u00fasica o cualquier otra forma de productos digitales, este complemento es ideal para personas que buscan optimizar sus ventas en l\u00ednea y simplificar el intrincado proceso de distribuci\u00f3n.<\/p>\n<ul>\n<li>Este producto le permite vender archivos digitales de manera f\u00e1cil y segura a trav\u00e9s de su sitio web utilizando descargas digitales f\u00e1ciles<\/li>\n<li>Se integra a la perfecci\u00f3n con Dropbox para almacenar y entregar sus archivos digitales a los clientes.<\/li>\n<li>Los clientes recibir\u00e1n enlaces de descarga autom\u00e1ticos despu\u00e9s de la compra, lo que hace que el proceso sea r\u00e1pido y eficiente<\/li>\n<li>Puede personalizar el correo electr\u00f3nico del enlace de descarga y la p\u00e1gina de descarga para que coincida con su marca<\/li>\n<li>No es necesario preocuparse por los l\u00edmites de ancho de banda o los costos de alojamiento, ya que todos los archivos se almacenan en su cuenta de Dropbox<\/li>\n<li>Puede administrar f\u00e1cilmente sus archivos y ventas a trav\u00e9s del panel de descargas digitales f\u00e1ciles<\/li>\n<li>Es perfecto para vender libros electr\u00f3nicos, archivos de m\u00fasica, software y cualquier otro producto digital que tenga en su cuenta de Dropbox<\/li>\n<li>Viene con una documentaci\u00f3n integral y una excelente atenci\u00f3n al cliente para garantizar una configuraci\u00f3n y uso sin problemas.<\/li>\n<\/ul>\n","protected":false},"excerpt":{"rendered":"<p>La tienda de archivos f\u00e1ciles de descargas digitales para el complemento Dropbox es una herramienta notablemente eficiente y f\u00e1cil de usar que le permite almacenar de forma segura sus descargas digitales directamente dentro de Dropbox. Su integraci\u00f3n perfecta permite perfectamente la carga y administraci\u00f3n de archivos sin esfuerzo, proporcionando una experiencia sin problemas para los clientes que buscan acceder a estas descargas. Adem\u00e1s, este complemento cuenta con capacidades de sincronizaci\u00f3n automatizada, asegurando que todos los archivos est\u00e9n constantemente actualizados y accesibles desde cualquier ubicaci\u00f3n y en cualquier momento. En esencia, sirve como una soluci\u00f3n segura y conveniente adaptada a las necesidades de los vendedores que buscan administraci\u00f3n sin complicaciones de sus descargas digitales.<\/p>\n","protected":false},"featured_media":165859,"comment_status":"open","ping_status":"open","template":"","meta":[],"product_brand":[2427],"product_cat":[1207,1426,1206],"product_tag":[1280],"class_list":{"0":"post-120945","1":"product","2":"type-product","3":"status-publish","4":"has-post-thumbnail","6":"product_brand-easy-digital-downloads","7":"product_cat-comercio-electronico-plugins","8":"product_cat-pago-comercio-electronico-plugins","9":"product_cat-plugins","10":"product_tag-easy-digital-downloads","11":"member-discount","12":"discount-restricted","14":"first","15":"instock","16":"sale","17":"downloadable","18":"virtual","19":"sold-individually","20":"purchasable","21":"product-type-simple"},"_links":{"self":[{"href":"https:\/\/gpl-love.com\/es\/wp-json\/wp\/v2\/product\/120945","targetHints":{"allow":["GET"]}}],"collection":[{"href":"https:\/\/gpl-love.com\/es\/wp-json\/wp\/v2\/product"}],"about":[{"href":"https:\/\/gpl-love.com\/es\/wp-json\/wp\/v2\/types\/product"}],"replies":[{"embeddable":true,"href":"https:\/\/gpl-love.com\/es\/wp-json\/wp\/v2\/comments?post=120945"}],"wp:featuredmedia":[{"embeddable":true,"href":"https:\/\/gpl-love.com\/es\/wp-json\/wp\/v2\/media\/165859"}],"wp:attachment":[{"href":"https:\/\/gpl-love.com\/es\/wp-json\/wp\/v2\/media?parent=120945"}],"wp:term":[{"taxonomy":"product_brand","embeddable":true,"href":"https:\/\/gpl-love.com\/es\/wp-json\/wp\/v2\/product_brand?post=120945"},{"taxonomy":"product_cat","embeddable":true,"href":"https:\/\/gpl-love.com\/es\/wp-json\/wp\/v2\/product_cat?post=120945"},{"taxonomy":"product_tag","embeddable":true,"href":"https:\/\/gpl-love.com\/es\/wp-json\/wp\/v2\/product_tag?post=120945"}],"curies":[{"name":"wp","href":"https:\/\/api.w.org\/{rel}","templated":true}]}}