{"id":120943,"date":"2025-11-06T00:00:00","date_gmt":"2025-11-06T05:00:00","guid":{"rendered":"https:\/\/gpl-love.com\/es\/producto\/easy-digital-downloads-custom-prices\/"},"modified":"2026-03-09T07:29:01","modified_gmt":"2026-03-09T12:29:01","slug":"easy-digital-downloads-custom-prices","status":"publish","type":"product","link":"https:\/\/gpl-love.com\/es\/producto\/easy-digital-downloads-custom-prices\/","title":{"rendered":"Easy Digital Downloads Custom Prices 1.5.11"},"content":{"rendered":"<h3>Easy Digital Downloads Custom Prices Caracteristicas<\/h3>\n<p>Easy Digital Descargas personalizados es una herramienta notablemente robusta y formidable que otorga a los usuarios la capacidad sin esfuerzo para adaptar y personalizar intrincadamente las estructuras de precios de sus productos digitales. A trav\u00e9s de la perfecta integraci\u00f3n de este ingenioso complemento, los propietarios de los sitios web est\u00e1n facultados para establecer estrategias de precios a medida que reflejen de forma rotundamente y con precisi\u00f3n el valor y el valor inherentes de sus estimados productos, al tiempo que atienden a las preferencias y requisitos individuales y distintivos de su audiencia exigente. Independientemente de si el objetivo principal de uno es ofrecer sistemas de precios escalonados, atraer descuentos o el encanto sumamente atractivo de las opciones de fijaci\u00f3n de precios personalizadas, tenga la seguridad de que las descargas digitales f\u00e1ciles facilitan los precios personalizados facilitan el esfuerzo sin esfuerzo la realizaci\u00f3n de estas elevadas aspiraciones. Adem\u00e1s, este complemento no solo es navegable sin esfuerzo y f\u00e1cil de usar, sino que tambi\u00e9n exuda un nivel incomparable de versatilidad, lo que lo convierte en una soluci\u00f3n verdaderamente excepcional para una amplia gama de empresas que se determinan innatamente para optimizar y maximizar sus ventas digitales y su rentabilidad general. .<\/p>\n<ul>\n<li>Le permite establecer precios personalizados para productos f\u00e1ciles de descargas digitales.<\/li>\n<li>Le brinda la capacidad de crear opciones de precios din\u00e1micos basadas en la cantidad, el estado de membres\u00eda u otras variables personalizadas.<\/li>\n<li>Proporciona una interfaz simple para administrar y actualizar su configuraci\u00f3n de precios personalizada.<\/li>\n<li>Le ayuda a aumentar las ventas y la lealtad del cliente al ofrecer opciones de fijaci\u00f3n de precios dirigidas.<\/li>\n<li>Compatible con una amplia gama de complementos y extensiones f\u00e1ciles de descargas digitales.<\/li>\n<li>Proporciona opciones avanzadas para integrarse con las pasarelas de pago y otras herramientas de ventas en l\u00ednea.<\/li>\n<li>Ofrece apoyo y documentaci\u00f3n receptivos para ayudarlo a aprovechar al m\u00e1ximo su estrategia de precios personalizadas.<\/li>\n<\/ul>\n","protected":false},"excerpt":{"rendered":"<p>Al utilizar las capacidades notables de los precios personalizados f\u00e1ciles de descargas digitales, tiene la capacidad de establecer e implementar precios individualizados adaptados a sus productos digitales. Este notable complemento le otorga la oportunidad \u00fanica de proporcionar descuentos personalizados, fabricar categor\u00edas de precios especializadas y precios meticulosamente finos para clientes o grupos espec\u00edficos. La interfaz f\u00e1cil de usar facilita sin problemas la gesti\u00f3n r\u00e1pida y efectiva de los precios de su producto, todo al tiempo que le brinda la m\u00e1xima autoridad sobre su estimada tienda de comercio electr\u00f3nico. Eleve el \u00e9xito de su negocio en l\u00ednea a alturas incomparables con las ventajas incomparables dotadas de f\u00e1ciles de descargas digitales f\u00e1ciles.<\/p>\n","protected":false},"featured_media":165856,"comment_status":"open","ping_status":"open","template":"","meta":[],"product_brand":[2427],"product_cat":[1208,1207,1206],"product_tag":[1280],"class_list":{"0":"post-120943","1":"product","2":"type-product","3":"status-publish","4":"has-post-thumbnail","6":"product_brand-easy-digital-downloads","7":"product_cat-administracion","8":"product_cat-comercio-electronico-plugins","9":"product_cat-plugins","10":"product_tag-easy-digital-downloads","11":"member-discount","12":"discount-restricted","14":"first","15":"instock","16":"sale","17":"downloadable","18":"virtual","19":"sold-individually","20":"purchasable","21":"product-type-simple"},"_links":{"self":[{"href":"https:\/\/gpl-love.com\/es\/wp-json\/wp\/v2\/product\/120943","targetHints":{"allow":["GET"]}}],"collection":[{"href":"https:\/\/gpl-love.com\/es\/wp-json\/wp\/v2\/product"}],"about":[{"href":"https:\/\/gpl-love.com\/es\/wp-json\/wp\/v2\/types\/product"}],"replies":[{"embeddable":true,"href":"https:\/\/gpl-love.com\/es\/wp-json\/wp\/v2\/comments?post=120943"}],"wp:featuredmedia":[{"embeddable":true,"href":"https:\/\/gpl-love.com\/es\/wp-json\/wp\/v2\/media\/165856"}],"wp:attachment":[{"href":"https:\/\/gpl-love.com\/es\/wp-json\/wp\/v2\/media?parent=120943"}],"wp:term":[{"taxonomy":"product_brand","embeddable":true,"href":"https:\/\/gpl-love.com\/es\/wp-json\/wp\/v2\/product_brand?post=120943"},{"taxonomy":"product_cat","embeddable":true,"href":"https:\/\/gpl-love.com\/es\/wp-json\/wp\/v2\/product_cat?post=120943"},{"taxonomy":"product_tag","embeddable":true,"href":"https:\/\/gpl-love.com\/es\/wp-json\/wp\/v2\/product_tag?post=120943"}],"curies":[{"name":"wp","href":"https:\/\/api.w.org\/{rel}","templated":true}]}}