{"id":120941,"date":"2024-11-29T00:00:00","date_gmt":"2024-11-29T05:00:00","guid":{"rendered":"https:\/\/gpl-love.com\/es\/producto\/easy-digital-downloads-custom-deliverables\/"},"modified":"2026-03-09T07:29:00","modified_gmt":"2026-03-09T12:29:00","slug":"easy-digital-downloads-custom-deliverables","status":"publish","type":"product","link":"https:\/\/gpl-love.com\/es\/producto\/easy-digital-downloads-custom-deliverables\/","title":{"rendered":"Easy Digital Downloads Custom Deliverables 1.1.2.1"},"content":{"rendered":"<h3>Easy Digital Downloads Custom Deliverables Caracteristicas<\/h3>\n<p>Easy Digital Descargas Custom Entrewables es un producto innovador e innovador que ha sido dise\u00f1ado estrat\u00e9gicamente para proporcionar a los usuarios un enfoque eficiente y f\u00e1cil de usar para crear y entregar productos digitales personalizados. Este producto revolucionario optimiza y simplifica efectivamente todo el proceso al permitir a los usuarios definir sin esfuerzo las diversas caracter\u00edsticas de su producto deseado, establecer estrategias de precios competitivas y entregar sin problemas el producto final a sus estimados clientes. Con la utilizaci\u00f3n de esta herramienta de vanguardia, los usuarios pueden crear sin esfuerzo y r\u00e1pidamente una amplia gama de productos personalizados que incluyen archivos digitales, membres\u00edas y suscripciones. No hace falta decir que este producto incomparable se adapta espec\u00edficamente a las empresas y a las personas que necesitan una soluci\u00f3n r\u00e1pida y confiable para acelerar sus procesos de creaci\u00f3n y entrega de productos digitales. Adem\u00e1s, esta herramienta extraordinaria se ha dise\u00f1ado meticulosamente para optimizar la eficiencia y la productividad, lo que resulta en un ahorro sustancial de tiempo y costos. En esencia, Easy Digital Descargas Custom Entrewables es un activo indispensable para cualquier persona que est\u00e9 sinceramente dedicada a elaborar y distribuir productos digitales premium con facilidad y delicadeza incomparables.<\/p>\n<ul>\n<li>Entregables personalizados que se pueden integrar sin problemas con descargas digitales f\u00e1ciles<\/li>\n<li>Capacidad para adaptar entregables a clientes o grupos espec\u00edficos<\/li>\n<li>Proceso simplificado para crear productos personalizados y \u00f3rdenes de manejo<\/li>\n<li>Opciones de precios flexibles para entregables personalizados<\/li>\n<li>Caracter\u00edsticas de seguimiento e informes incorporados para el cumplimiento de las ventas y el pedido<\/li>\n<li>Compatible con m\u00faltiples pasarelas de pago y monedas<\/li>\n<li>Interfaz f\u00e1cil de usar para administrar y coordinar pedidos y entregas personalizadas<\/li>\n<li>Documentaci\u00f3n integral y recursos de atenci\u00f3n al cliente disponibles<\/li>\n<li>Opci\u00f3n para automatizar la entrega de productos digitales a los clientes en tiempo real<\/li>\n<\/ul>\n","protected":false},"excerpt":{"rendered":"<p>Easy Digital Descargas Custom Entrewables es un sistema de software innovador y f\u00e1cil de usar que se ha desarrollado meticulosamente para brindarle una experiencia perfecta en la creaci\u00f3n, monitoreo y entrega de productos digitales a medida a su estimada clientela. Al aprovechar la potencia y la versatilidad de esta plataforma de vanguardia, podr\u00e1 establecer y configurar sin esfuerzo los encuentros posteriores a la compra, generar archivos a medida, establecer horarios de entrega intrincados y mucho m\u00e1s. Ya sea que sea un emprendedor experimentado que opera una empresa en l\u00ednea o una persona que se esfuerza por mejorar la calidad de sus ofertas digitales para sus valiosos clientes, las descargas digitales f\u00e1ciles de entregas personalizables es sin duda la soluci\u00f3n definitiva para usted. No pierda tiempo en aprovechar esta extraordinaria oportunidad y embarcarse en un viaje hacia la entrega de un encuentro personalizado incomparable para su estimada base de clientes.<\/p>\n","protected":false},"featured_media":165855,"comment_status":"open","ping_status":"open","template":"","meta":[],"product_brand":[2427],"product_cat":[1208,1207,1206],"product_tag":[1280],"class_list":{"0":"post-120941","1":"product","2":"type-product","3":"status-publish","4":"has-post-thumbnail","6":"product_brand-easy-digital-downloads","7":"product_cat-administracion","8":"product_cat-comercio-electronico-plugins","9":"product_cat-plugins","10":"product_tag-easy-digital-downloads","11":"member-discount","12":"discount-restricted","14":"first","15":"instock","16":"sale","17":"downloadable","18":"virtual","19":"sold-individually","20":"purchasable","21":"product-type-simple"},"_links":{"self":[{"href":"https:\/\/gpl-love.com\/es\/wp-json\/wp\/v2\/product\/120941","targetHints":{"allow":["GET"]}}],"collection":[{"href":"https:\/\/gpl-love.com\/es\/wp-json\/wp\/v2\/product"}],"about":[{"href":"https:\/\/gpl-love.com\/es\/wp-json\/wp\/v2\/types\/product"}],"replies":[{"embeddable":true,"href":"https:\/\/gpl-love.com\/es\/wp-json\/wp\/v2\/comments?post=120941"}],"wp:featuredmedia":[{"embeddable":true,"href":"https:\/\/gpl-love.com\/es\/wp-json\/wp\/v2\/media\/165855"}],"wp:attachment":[{"href":"https:\/\/gpl-love.com\/es\/wp-json\/wp\/v2\/media?parent=120941"}],"wp:term":[{"taxonomy":"product_brand","embeddable":true,"href":"https:\/\/gpl-love.com\/es\/wp-json\/wp\/v2\/product_brand?post=120941"},{"taxonomy":"product_cat","embeddable":true,"href":"https:\/\/gpl-love.com\/es\/wp-json\/wp\/v2\/product_cat?post=120941"},{"taxonomy":"product_tag","embeddable":true,"href":"https:\/\/gpl-love.com\/es\/wp-json\/wp\/v2\/product_tag?post=120941"}],"curies":[{"name":"wp","href":"https:\/\/api.w.org\/{rel}","templated":true}]}}