{"id":120939,"date":"2025-11-06T00:00:00","date_gmt":"2025-11-06T05:00:00","guid":{"rendered":"https:\/\/gpl-love.com\/es\/producto\/easy-digital-downloads-crosssell-y-upsell\/"},"modified":"2026-03-09T07:28:57","modified_gmt":"2026-03-09T12:28:57","slug":"easy-digital-downloads-crosssell-y-upsell","status":"publish","type":"product","link":"https:\/\/gpl-love.com\/es\/producto\/easy-digital-downloads-crosssell-y-upsell\/","title":{"rendered":"Easy Digital Downloads Crosssell y Upsell 1.1.11"},"content":{"rendered":"<h3>Easy Digital Downloads Crosssell y Upsell Caracteristicas<\/h3>\n<p>El complemento f\u00e1cil de descargas digitales y las ventas iguales es una herramienta extremadamente potente dise\u00f1ada meticulosamente para aumentar las ventas de sus productos al permitirle extender las ventas y ventas transversales dirigidas a los clientes en el momento preciso de pago. Este enfoque estrat\u00e9gico efectivamente empuja a los clientes a comprar productos complementarios que complementan impecablemente su selecci\u00f3n original. Al aprovechar el poder de este complemento, obtiene la capacidad de elaborar recomendaciones personalizadas meticulosamente basadas en una variedad de factores, como el historial de compra de un cliente, la categor\u00eda de productos o la etiqueta, entre otros. Adem\u00e1s, navegar a trav\u00e9s de la interfaz del complemento es muy f\u00e1cil, y sus amplias opciones de personalizaci\u00f3n garantizan que puede adaptar a la perfecci\u00f3n sus ofertas para alinearse impecablemente con los distintos requisitos de su negocio. El resultado final de integrar esta soluci\u00f3n excepcional es un aumento sustancial en la generaci\u00f3n de ingresos y un nivel elevado de satisfacci\u00f3n del cliente. Por lo tanto, si su objetivo final es catapultar sus ventas en l\u00ednea a alturas sin precedentes, simplemente no se puede negar que las descargas digitales f\u00e1ciles de transmisi\u00f3n y el complemento de venta adicional surgen como la respuesta por excelencia a sus necesidades.<\/p>\n<ul>\n<li>Aumenta las ventas sugiriendo productos adicionales a los clientes durante el proceso de pago<\/li>\n<li>Se puede personalizar para mostrar recomendaciones espec\u00edficas basadas en productos en el carrito del cliente<\/li>\n<li>F\u00e1cil de instalar y configurar, sin requerido conocimiento de codificaci\u00f3n<\/li>\n<li>Compatible con todas las descargas f\u00e1ciles de pasarelas de pago y extensiones<\/li>\n<li>Ayuda a los clientes a descubrir productos complementarios que de otra manera<\/li>\n<li>Una soluci\u00f3n rentable para aumentar los ingresos sin requerir esfuerzos de marketing adicionales<\/li>\n<li>Constantemente actualizado con nuevas caracter\u00edsticas y mejoras basadas en comentarios de los usuarios<\/li>\n<li>Incluye informes detallados y an\u00e1lisis para rastrear la efectividad de los esfuerzos de venta cruzada y de venta adicional<\/li>\n<li>Proporciona una interfaz intuitiva para administrar y organizar productos recomendados<\/li>\n<li>Dise\u00f1ado para integrarse perfectamente con cualquier tema de WordPress.<\/li>\n<\/ul>\n","protected":false},"excerpt":{"rendered":"<p>El complemento f\u00e1cil de descargas digitales Crosssell y Upsell, que ha sido dise\u00f1ada ingeniosamente, posee un potencial inmenso para amplificar de manera efectiva las ventas en su estimada tienda de productos digitales. Al incorporar este notable complemento en las operaciones de su negocio, podr\u00e1 presentar sin esfuerzo a sus estimados clientes una amplia gama de productos complementarios o actualizados justo durante el proceso de pago, con solo pocos clics de un bot\u00f3n. Adem\u00e1s, tendr\u00e1 la libertad de seleccionar meticulosamente los productos que desea ventilar o vender, todo de acuerdo con los carros de compras distintos de sus clientes, el historial de compras o cualquier otro criterio predeterminado que pueda haber establecido. Con esta extraordinaria herramienta, las descargas digitales f\u00e1ciles de c\u00e9sped y el complemento de ventas adicionales, podr\u00e1 elevar sin esfuerzo sus ventas y ganancias, todo al tiempo que garantiza una experiencia de compra incomparable y altamente personalizada para todos y cada uno de sus clientes apreciados.<\/p>\n","protected":false},"featured_media":165853,"comment_status":"open","ping_status":"open","template":"","meta":[],"product_brand":[2427],"product_cat":[1207,1248,1206],"product_tag":[1280],"class_list":{"0":"post-120939","1":"product","2":"type-product","3":"status-publish","4":"has-post-thumbnail","6":"product_brand-easy-digital-downloads","7":"product_cat-comercio-electronico-plugins","8":"product_cat-personalizacion-comercio-electronico-plugins","9":"product_cat-plugins","10":"product_tag-easy-digital-downloads","11":"member-discount","12":"discount-restricted","14":"first","15":"instock","16":"sale","17":"downloadable","18":"virtual","19":"sold-individually","20":"purchasable","21":"product-type-simple"},"_links":{"self":[{"href":"https:\/\/gpl-love.com\/es\/wp-json\/wp\/v2\/product\/120939","targetHints":{"allow":["GET"]}}],"collection":[{"href":"https:\/\/gpl-love.com\/es\/wp-json\/wp\/v2\/product"}],"about":[{"href":"https:\/\/gpl-love.com\/es\/wp-json\/wp\/v2\/types\/product"}],"replies":[{"embeddable":true,"href":"https:\/\/gpl-love.com\/es\/wp-json\/wp\/v2\/comments?post=120939"}],"wp:featuredmedia":[{"embeddable":true,"href":"https:\/\/gpl-love.com\/es\/wp-json\/wp\/v2\/media\/165853"}],"wp:attachment":[{"href":"https:\/\/gpl-love.com\/es\/wp-json\/wp\/v2\/media?parent=120939"}],"wp:term":[{"taxonomy":"product_brand","embeddable":true,"href":"https:\/\/gpl-love.com\/es\/wp-json\/wp\/v2\/product_brand?post=120939"},{"taxonomy":"product_cat","embeddable":true,"href":"https:\/\/gpl-love.com\/es\/wp-json\/wp\/v2\/product_cat?post=120939"},{"taxonomy":"product_tag","embeddable":true,"href":"https:\/\/gpl-love.com\/es\/wp-json\/wp\/v2\/product_tag?post=120939"}],"curies":[{"name":"wp","href":"https:\/\/api.w.org\/{rel}","templated":true}]}}