{"id":120935,"date":"2024-08-09T00:00:00","date_gmt":"2024-08-09T05:00:00","guid":{"rendered":"https:\/\/gpl-love.com\/es\/producto\/download-monitor-csv-exporter\/"},"modified":"2026-03-09T07:27:56","modified_gmt":"2026-03-09T12:27:56","slug":"download-monitor-csv-exporter","status":"publish","type":"product","link":"https:\/\/gpl-love.com\/es\/producto\/download-monitor-csv-exporter\/","title":{"rendered":"Download Monitor CSV Exporter 4.1.1"},"content":{"rendered":"<h3>Download Monitor CSV Exporter Caracteristicas<\/h3>\n<p>Download Monitor CSV Exporter es una herramienta incre\u00edblemente \u00fatil que ofrece la caracter\u00edstica conveniente de exportar los datos de descarga de su sitio web en un formato de archivo conocido como CSV. Esta herramienta es \u00fatil, ya que le permite vigilar sin esfuerzo las descargas de su sitio web y profundizar en los datos con el fin de mejorar el rendimiento de su sitio web. Lo que hace que esta herramienta sea a\u00fan m\u00e1s notable es el hecho de que le proporciona una gran cantidad de informaci\u00f3n detallada sobre cada descarga, incluida la fecha de descarga, el nombre del archivo, el recuento de descargas y varios otros detalles pertinentes. Armado con esta informaci\u00f3n, tiene la capacidad de monitorear de cerca la popularidad de sus descargas, detectar las tendencias emergentes y posteriormente optimizar el contenido de su sitio web en consecuencia. El exportador de descarga del monitor CSV est\u00e1 dise\u00f1ado para ser f\u00e1cil de usar, lo que requiere solo unos pocos clics para instalarlo en su sitio web. Por lo tanto, esta herramienta sirve como una soluci\u00f3n ideal para los propietarios de sitios web que est\u00e1n ansiosos por mantenerse al tanto de la actividad de descarga de su sitio web y tomar decisiones informadas basadas en datos s\u00f3lidos para garantizar el \u00e9xito duradero de su sitio web.<\/p>\n<ul>\n<li>Exportar sin esfuerzo los datos de su monitor de descarga en un formato de archivo CSV<\/li>\n<li>Compatible con una amplia gama de software que admite archivos CSV<\/li>\n<li>Obtenga informaci\u00f3n valiosa sobre sus descargas, como fecha y hora, cantidad descargada, tipo de archivo y m\u00e1s.<\/li>\n<li>Interfaz f\u00e1cil de usar que no requiere habilidades t\u00e9cnicas para operar.<\/li>\n<li>Cree informes personalizados basados \u200b\u200ben los datos de su monitor de descarga simplemente export\u00e1ndolo a un programa de hoja de c\u00e1lculo.<\/li>\n<li>Agilice su procesamiento de datos automatizando las exportaciones de CSV con opciones de exportaci\u00f3n programadas.<\/li>\n<li>Seguro y privado: sus datos nunca son compartidos o accedidos por nadie m\u00e1s.<\/li>\n<li>No hay tarifas adicionales o costos ocultos: aproveche al m\u00e1ximo todas las caracter\u00edsticas del exportador sin romper el banco.<\/li>\n<li>Reciba atenci\u00f3n al cliente r\u00e1pida y amigable de nuestro equipo de expertos.<\/li>\n<\/ul>\n","protected":false},"excerpt":{"rendered":"<p>Download Monitor CSV Exporter es una herramienta poderosa dise\u00f1ada para simplificar sus tareas de gesti\u00f3n de datos. Esta innovadora soluci\u00f3n ofrece una manera f\u00e1cil de exportar sus datos de descarga al formato CSV, lo que hace que sea m\u00e1s f\u00e1cil que nunca organizar, analizar y compartir su informaci\u00f3n. Con un simple clic, puede exportar instant\u00e1neamente todas sus descargas, incluidas todas sus versiones y categor\u00edas de descarga, a un archivo CSV perfectamente organizado. Esta caracter\u00edstica no solo ahorra su valioso tiempo, sino que tambi\u00e9n mejora su productividad al automatizar las tareas de exportaci\u00f3n de datos. Adem\u00e1s, el exportador de CSV est\u00e1 completamente integrado con el monitor de descarga, asegurando la migraci\u00f3n de datos y la sincronizaci\u00f3n sin problemas. Ya sea que necesite crear copias de seguridad, compartir datos con su equipo o analizar las estad\u00edsticas de descarga, el exportador de CSV lo tiene cubierto. Experimente la conveniencia y la eficiencia del exportador de CSV del monitor de descarga hoy y lleve su gesti\u00f3n de datos al siguiente nivel.<\/p>\n","protected":false},"featured_media":165809,"comment_status":"open","ping_status":"open","template":"","meta":[],"product_brand":[2424],"product_cat":[1212,1206,1211],"product_tag":[1275],"class_list":{"0":"post-120935","1":"product","2":"type-product","3":"status-publish","4":"has-post-thumbnail","6":"product_brand-download-monitor","7":"product_cat-administracion-wordpress-plugins","8":"product_cat-plugins","9":"product_cat-wordpress-plugins","10":"product_tag-download-monitor","11":"member-discount","12":"discount-restricted","14":"first","15":"instock","16":"sale","17":"downloadable","18":"virtual","19":"sold-individually","20":"purchasable","21":"product-type-simple"},"_links":{"self":[{"href":"https:\/\/gpl-love.com\/es\/wp-json\/wp\/v2\/product\/120935","targetHints":{"allow":["GET"]}}],"collection":[{"href":"https:\/\/gpl-love.com\/es\/wp-json\/wp\/v2\/product"}],"about":[{"href":"https:\/\/gpl-love.com\/es\/wp-json\/wp\/v2\/types\/product"}],"replies":[{"embeddable":true,"href":"https:\/\/gpl-love.com\/es\/wp-json\/wp\/v2\/comments?post=120935"}],"wp:featuredmedia":[{"embeddable":true,"href":"https:\/\/gpl-love.com\/es\/wp-json\/wp\/v2\/media\/165809"}],"wp:attachment":[{"href":"https:\/\/gpl-love.com\/es\/wp-json\/wp\/v2\/media?parent=120935"}],"wp:term":[{"taxonomy":"product_brand","embeddable":true,"href":"https:\/\/gpl-love.com\/es\/wp-json\/wp\/v2\/product_brand?post=120935"},{"taxonomy":"product_cat","embeddable":true,"href":"https:\/\/gpl-love.com\/es\/wp-json\/wp\/v2\/product_cat?post=120935"},{"taxonomy":"product_tag","embeddable":true,"href":"https:\/\/gpl-love.com\/es\/wp-json\/wp\/v2\/product_tag?post=120935"}],"curies":[{"name":"wp","href":"https:\/\/api.w.org\/{rel}","templated":true}]}}