{"id":120933,"date":"2025-12-28T00:00:00","date_gmt":"2025-12-28T05:00:00","guid":{"rendered":"https:\/\/gpl-love.com\/es\/producto\/digi-electronics-store-woocommerce-theme\/"},"modified":"2026-03-13T17:19:13","modified_gmt":"2026-03-13T22:19:13","slug":"digi-electronics-store-woocommerce-theme","status":"publish","type":"product","link":"https:\/\/gpl-love.com\/es\/producto\/digi-electronics-store-woocommerce-theme\/","title":{"rendered":"Digi Electronics Store WooCommerce Theme 1.9.4"},"content":{"rendered":"<h3>Digi Electronics Store WooCommerce Theme Caracteristicas<\/h3>\n<p>El tema Digi Electronics Store WooCommerce se presenta como la soluci\u00f3n definitiva para establecer una tienda en l\u00ednea que se especialice en electr\u00f3nica. Con un dise\u00f1o elegante y contempor\u00e1neo, este tema sirve como el ep\u00edtome del idealismo cuando se trata de exhibir sus productos de una manera que cautiva de manera efectiva a los clientes, lo que finalmente conduce a un aumento de las ventas. Adem\u00e1s, su interfaz totalmente personalizable y f\u00e1cil de usar garantiza que adaptar su tienda para cumplir con sus requisitos espec\u00edficos se convierta en un esfuerzo sin esfuerzo. Adem\u00e1s de estos atributos, el tema abarca una amplia gama de caracter\u00edsticas que son imprescindibles para cualquier sitio de comercio electr\u00f3nico, que incluya un dise\u00f1o receptivo, opciones de filtrado de productos e integraci\u00f3n perfecta con pasarelas de pago populares. Adem\u00e1s de su lista de cualidades encomiables, el tema est\u00e1 meticulosamente optimizado para los motores de b\u00fasqueda, garantizando as\u00ed que su tienda ser\u00e1 descubierta r\u00e1pidamente por los clientes potenciales. Al aprovechar el poder del tema de WooCommerce de la tienda Digi Electronics, posee la capacidad de forjar una tienda en l\u00ednea ejemplar y f\u00e1cil de usar que sin duda impulsar\u00e1 el crecimiento de su negocio.<\/p>\n<ul>\n<li>Dise\u00f1o profesional y moderno<\/li>\n<li>P\u00e1gina de inicio personalizable con Builder de arrastre y ca\u00edda<\/li>\n<li>Integraci\u00f3n completa de WooCommerce para una f\u00e1cil gesti\u00f3n de tiendas en l\u00ednea<\/li>\n<li>Opciones de dise\u00f1o m\u00faltiples para p\u00e1ginas de productos<\/li>\n<li>Opciones de filtrado de productos para una f\u00e1cil navegaci\u00f3n<\/li>\n<li>Dise\u00f1o receptivo para compatibilidad m\u00f3vil y de tabletas<\/li>\n<li>Vista r\u00e1pida y funcionalidad de la lista de deseos<\/li>\n<li>Opciones de personalizaci\u00f3n de men\u00fa y navegaci\u00f3n<\/li>\n<li>SEO optimizado para una mejor clasificaci\u00f3n de motores de b\u00fasqueda<\/li>\n<li>Actualizaciones regulares y soporte de un equipo dedicado.<\/li>\n<\/ul>\n","protected":false},"excerpt":{"rendered":"<p>Sum\u00e9rgete en el mundo digital con el tema de WooCommerce de la tienda Digi. Este tema excepcional, dise\u00f1ado para tiendas de electr\u00f3nica, aporta un toque elegante y moderno a su negocio en l\u00ednea. Con una interfaz f\u00e1cil de usar y una navegaci\u00f3n intuitiva, este tema garantiza una experiencia de compra perfecta para sus clientes. Es totalmente receptivo, asegurando que su tienda se vea genial en cualquier dispositivo. El tema incluye WooCommerce, un poderoso complemento de comercio electr\u00f3nico que le permite administrar su inventario, pagos de procesos y manejar el env\u00edo de manera eficiente. El tema DIGI tambi\u00e9n cuenta con la optimizaci\u00f3n de SEO, lo que ayuda a su tienda a clasificarse m\u00e1s en los resultados del motor de b\u00fasqueda. Con su rendimiento de alta velocidad, su sitio web se carga r\u00e1pidamente, garantizando la satisfacci\u00f3n del cliente. Personalice su tienda con las opciones de dise\u00f1o vers\u00e1tiles y haga que su tienda electr\u00f3nica se destaque entre la multitud. El tema de WooCommerce de la tienda Digi Electronics es la soluci\u00f3n definitiva para su negocio de electr\u00f3nica en l\u00ednea.<\/p>\n","protected":false},"featured_media":165768,"comment_status":"open","ping_status":"open","template":"","meta":[],"product_brand":[2337],"product_cat":[1263,1264,1237],"product_tag":[1391],"class_list":{"0":"post-120933","1":"product","2":"type-product","3":"status-publish","4":"has-post-thumbnail","6":"product_brand-themeforest","7":"product_cat-comercio-electronico-temas","8":"product_cat-negocio","9":"product_cat-temas","10":"product_tag-themeforest","11":"member-discount","12":"discount-restricted","14":"first","15":"instock","16":"sale","17":"downloadable","18":"virtual","19":"sold-individually","20":"purchasable","21":"product-type-simple"},"_links":{"self":[{"href":"https:\/\/gpl-love.com\/es\/wp-json\/wp\/v2\/product\/120933","targetHints":{"allow":["GET"]}}],"collection":[{"href":"https:\/\/gpl-love.com\/es\/wp-json\/wp\/v2\/product"}],"about":[{"href":"https:\/\/gpl-love.com\/es\/wp-json\/wp\/v2\/types\/product"}],"replies":[{"embeddable":true,"href":"https:\/\/gpl-love.com\/es\/wp-json\/wp\/v2\/comments?post=120933"}],"wp:featuredmedia":[{"embeddable":true,"href":"https:\/\/gpl-love.com\/es\/wp-json\/wp\/v2\/media\/165768"}],"wp:attachment":[{"href":"https:\/\/gpl-love.com\/es\/wp-json\/wp\/v2\/media?parent=120933"}],"wp:term":[{"taxonomy":"product_brand","embeddable":true,"href":"https:\/\/gpl-love.com\/es\/wp-json\/wp\/v2\/product_brand?post=120933"},{"taxonomy":"product_cat","embeddable":true,"href":"https:\/\/gpl-love.com\/es\/wp-json\/wp\/v2\/product_cat?post=120933"},{"taxonomy":"product_tag","embeddable":true,"href":"https:\/\/gpl-love.com\/es\/wp-json\/wp\/v2\/product_tag?post=120933"}],"curies":[{"name":"wp","href":"https:\/\/api.w.org\/{rel}","templated":true}]}}