{"id":120931,"date":"2022-06-19T00:00:00","date_gmt":"2022-06-19T05:00:00","guid":{"rendered":"https:\/\/gpl-love.com\/es\/producto\/dhwc-elementor\/"},"modified":"2026-03-09T07:27:01","modified_gmt":"2026-03-09T12:27:01","slug":"dhwc-elementor","status":"publish","type":"product","link":"https:\/\/gpl-love.com\/es\/producto\/dhwc-elementor\/","title":{"rendered":"DHWC Elementor 1.2.8"},"content":{"rendered":"<h3>DHWC Elementor Caracteristicas<\/h3>\n<p>DHWC Elementor emerge como un complemento extremadamente robusto meticulosamente elaborado para elevar la funcionalidad de su emporio virtual. Se amalgama sin esfuerzo con Elementor, un constructor de p\u00e1ginas preeminente, para proporcionarle una interfaz que sea f\u00e1cil de usar y que sea propicio para la creaci\u00f3n de p\u00e1ginas de productos personalizadas. En virtud de DHWC Elementor, la exposici\u00f3n de informaci\u00f3n de productos, variaciones, im\u00e1genes y evaluaciones se realiza de manera visualmente resplandeciente e inmaculadamente organizada. Adem\u00e1s, este complemento cuenta con aspectos complementarios como AJAX agregar a la funcionalidad del carrito, las capacidades de filtraci\u00f3n del producto y los mecanismos de paginaci\u00f3n que mejoran sin\u00e9rgicamente la prueba de compras para su estimada clientela. Adem\u00e1s, DHWC Elementor posee una capacidad de respuesta total y armoniza a la perfecci\u00f3n con todos los temas principales de WordPress. En consecuencia, independientemente de si supervisa una peque\u00f1a boutique o un mercado electr\u00f3nico expansivo, DHWC Elementor facilitar\u00e1 eficazmente el establecimiento de una plataforma minorista en l\u00ednea sofisticada y optimizada.<\/p>\n<ul>\n<li>DHWC Elementor es un complemento poderoso que le permite crear dise\u00f1os de productos personalizados en WooCommerce utilizando el popular constructor de p\u00e1ginas Elementor.<\/li>\n<li>Con DHWC Elementor, puede personalizar f\u00e1cilmente sus p\u00e1ginas de productos para mostrar mejor sus productos, incluidas las im\u00e1genes de productos, los precios y m\u00e1s.<\/li>\n<li>Este complemento es f\u00e1cil de usar, incluso si no est\u00e1 familiarizado con la codificaci\u00f3n o los construidos constructores de p\u00e1ginas. Simplemente arrastre y suelte widgets para crear su dise\u00f1o, con un control total sobre la tipograf\u00eda, los colores y los estilos.<\/li>\n<li>DHWC Elementor tambi\u00e9n incluye una amplia gama de plantillas predise\u00f1adas para ayudarlo a comenzar r\u00e1pidamente, as\u00ed como una variedad de opciones de personalizaci\u00f3n para que sus p\u00e1ginas de productos sean realmente \u00fanicas.<\/li>\n<li>Con su integraci\u00f3n perfecta con WooCommerce y Elementor, DHWC Elementor es una herramienta imprescindible para cualquier propietario de la tienda en l\u00ednea que busque crear impresionantes p\u00e1ginas de productos que se conviertan.<\/li>\n<\/ul>\n","protected":false},"excerpt":{"rendered":"<p>Eleve la funcionalidad y el estilo de su sitio web con DHWC Elementor, un poderoso complemento de WordPress dise\u00f1ado para sobrealimentar su tienda en l\u00ednea. Ofreciendo una personalizaci\u00f3n incomparable, DHWC Elementor le permite construir y administrar los dise\u00f1os de productos de WooCommerce sin esfuerzo. Con su interfaz f\u00e1cil de usar, puede dise\u00f1ar p\u00e1ginas de productos \u00fanicas que reflejen la est\u00e9tica de su marca, maximizando el atractivo visual de su sitio. Sus widgets de contenido din\u00e1mico proporcionan una forma intuitiva de mostrar productos, atrayendo la atenci\u00f3n del cliente a los detalles y promociones clave. El complemento tambi\u00e9n admite m\u00faltiples idiomas, lo que lo convierte en una herramienta vers\u00e1til para las empresas con el objetivo de llegar a una audiencia global. Experimente la diferencia DHWC Elementor: una herramienta esencial para cualquier sitio de comercio electr\u00f3nico que busque optimizar su presencia digital y aumentar las ventas.<\/p>\n","protected":false},"featured_media":165765,"comment_status":"open","ping_status":"open","template":"","meta":[],"product_brand":[2339],"product_cat":[1207,1248,1206],"product_tag":[1256],"class_list":{"0":"post-120931","1":"product","2":"type-product","3":"status-publish","4":"has-post-thumbnail","6":"product_brand-codecanyon","7":"product_cat-comercio-electronico-plugins","8":"product_cat-personalizacion-comercio-electronico-plugins","9":"product_cat-plugins","10":"product_tag-codecanyon","11":"member-discount","12":"discount-restricted","14":"first","15":"instock","16":"sale","17":"downloadable","18":"virtual","19":"sold-individually","20":"purchasable","21":"product-type-simple"},"_links":{"self":[{"href":"https:\/\/gpl-love.com\/es\/wp-json\/wp\/v2\/product\/120931","targetHints":{"allow":["GET"]}}],"collection":[{"href":"https:\/\/gpl-love.com\/es\/wp-json\/wp\/v2\/product"}],"about":[{"href":"https:\/\/gpl-love.com\/es\/wp-json\/wp\/v2\/types\/product"}],"replies":[{"embeddable":true,"href":"https:\/\/gpl-love.com\/es\/wp-json\/wp\/v2\/comments?post=120931"}],"wp:featuredmedia":[{"embeddable":true,"href":"https:\/\/gpl-love.com\/es\/wp-json\/wp\/v2\/media\/165765"}],"wp:attachment":[{"href":"https:\/\/gpl-love.com\/es\/wp-json\/wp\/v2\/media?parent=120931"}],"wp:term":[{"taxonomy":"product_brand","embeddable":true,"href":"https:\/\/gpl-love.com\/es\/wp-json\/wp\/v2\/product_brand?post=120931"},{"taxonomy":"product_cat","embeddable":true,"href":"https:\/\/gpl-love.com\/es\/wp-json\/wp\/v2\/product_cat?post=120931"},{"taxonomy":"product_tag","embeddable":true,"href":"https:\/\/gpl-love.com\/es\/wp-json\/wp\/v2\/product_tag?post=120931"}],"curies":[{"name":"wp","href":"https:\/\/api.w.org\/{rel}","templated":true}]}}