{"id":120929,"date":"2026-03-16T00:00:00","date_gmt":"2026-03-16T05:00:00","guid":{"rendered":"https:\/\/gpl-love.com\/es\/producto\/deblocker\/"},"modified":"2026-03-16T11:15:19","modified_gmt":"2026-03-16T16:15:19","slug":"deblocker","status":"publish","type":"product","link":"https:\/\/gpl-love.com\/es\/producto\/deblocker\/","title":{"rendered":"DeBlocker Anti AdBlock para Wordpress 3.4.12"},"content":{"rendered":"<h3>DeBlocker Anti AdBlock para Wordpress Caracteristicas<\/h3>\n<p>DeBlocker Antblock es un complemento altamente eficiente y potente dise\u00f1ado espec\u00edficamente para WordPress, lo que brinda asistencia invaluable a los propietarios de sitios web para evadir de manera efectiva las embragues de las extensiones Adblock y servir con \u00e9xito anuncios a sus estimados visitantes. Este notable complemento ha sido dise\u00f1ado meticulosamente con el \u00fanico objetivo de frustrar las capacidades de bloqueo de AdBlock, aumentando as\u00ed las fuentes de ingresos para estos propietarios de sitios web. Desblocker anti Adblock implementa una gama integral de t\u00e9cnicas sofisticadas para identificar y detectar con \u00e9xito la presencia de extensiones de AdBlock, al tiempo que se integran sin problemas con diversos formatos de anuncios como Google Adsense, anuncios de compras nativos de Amazon y muchos otros. El proceso de instalaci\u00f3n para este complemento es asombrosamente simple y sin esfuerzo, y ofrece informes informativos e integrales que detallan los anuncios que han sido bloqueados y los patrones de comportamiento exhibidos por los visitantes. Al emplear las capacidades extraordinarias de Desblocker AntiDblock, los propietarios de sitios web pueden garantizar que su valioso contenido y anuncios lleguen inequ\u00edvocamente a todos y cada uno de los visitantes, esencialmente refinando la experiencia general del usuario y, en \u00faltima instancia, culminando en un aumento sustancial en los ingresos.<\/p>\n<ul>\n<li>DeBlocker anti AdBlock es un complemento para WordPress que ayuda a los propietarios de sitios web a maximizar los ingresos al pasar por alto los bloqueadores de anuncios.<\/li>\n<li>Detecta a los bloqueadores de anuncios y muestra contenido alternativo a los usuarios que los tienen instalados para garantizar que se ve los anuncios.<\/li>\n<li>Desblocker AntletBlock es f\u00e1cil de instalar y configurar en cualquier sitio de WordPress, sin necesidad de codificaci\u00f3n ni conocimiento t\u00e9cnico.<\/li>\n<li>El complemento es totalmente personalizable, lo que permite a los propietarios del sitio web elegir qu\u00e9 anuncios se muestran y qu\u00e9 contenido se muestra a los usuarios con bloqueadores de anuncios.<\/li>\n<li>DeBlocker anti AdBlock tambi\u00e9n incluye potentes an\u00e1lisis y herramientas de informes para rastrear impresiones e ingresos publicitarios.<\/li>\n<li>Es compatible con todos los principales navegadores y totalmente receptivo en todos los dispositivos, asegurando una experiencia de usuario perfecta para los visitantes de su sitio.<\/li>\n<li>Mediante el uso de Desblocker AntyBlock, los propietarios de sitios web pueden aumentar los ingresos publicitarios y garantizar que m\u00e1s personas vean su contenido, impulsando el tr\u00e1fico y las conversiones.<\/li>\n<\/ul>\n","protected":false},"excerpt":{"rendered":"<p>DeBlocker es un complemento anti AdBlock para WordPress, dise\u00f1ado para evitar que los visitantes del sitio usen un bloqueador de anuncios en su sitio web. Esta poderosa herramienta garantiza que sus anuncios siempre sean visibles, lo que ayuda a aumentar los ingresos por anuncios y mantener la integridad del dise\u00f1o de su sitio. Cuenta con una interfaz f\u00e1cil de usar y una integraci\u00f3n perfecta con WordPress, por lo que es una valiosa adici\u00f3n al kit de herramientas de gesti\u00f3n de su sitio web. Con DeBlocker, puede proteger de manera efectiva su contenido en l\u00ednea y continuar entregando anuncios de alta calidad a su audiencia. Mejore su experiencia de WordPress y maximice su potencial de anuncios con Desblocker.<\/p>\n","protected":false},"featured_media":165752,"comment_status":"open","ping_status":"open","template":"","meta":[],"product_brand":[2339],"product_cat":[1232,1206,1211],"product_tag":[1256],"class_list":{"0":"post-120929","1":"product","2":"type-product","3":"status-publish","4":"has-post-thumbnail","6":"product_brand-codecanyon","7":"product_cat-marketing-wordpress-plugins","8":"product_cat-plugins","9":"product_cat-wordpress-plugins","10":"product_tag-codecanyon","11":"member-discount","12":"discount-restricted","14":"first","15":"instock","16":"sale","17":"downloadable","18":"virtual","19":"sold-individually","20":"purchasable","21":"product-type-simple"},"_links":{"self":[{"href":"https:\/\/gpl-love.com\/es\/wp-json\/wp\/v2\/product\/120929","targetHints":{"allow":["GET"]}}],"collection":[{"href":"https:\/\/gpl-love.com\/es\/wp-json\/wp\/v2\/product"}],"about":[{"href":"https:\/\/gpl-love.com\/es\/wp-json\/wp\/v2\/types\/product"}],"replies":[{"embeddable":true,"href":"https:\/\/gpl-love.com\/es\/wp-json\/wp\/v2\/comments?post=120929"}],"wp:featuredmedia":[{"embeddable":true,"href":"https:\/\/gpl-love.com\/es\/wp-json\/wp\/v2\/media\/165752"}],"wp:attachment":[{"href":"https:\/\/gpl-love.com\/es\/wp-json\/wp\/v2\/media?parent=120929"}],"wp:term":[{"taxonomy":"product_brand","embeddable":true,"href":"https:\/\/gpl-love.com\/es\/wp-json\/wp\/v2\/product_brand?post=120929"},{"taxonomy":"product_cat","embeddable":true,"href":"https:\/\/gpl-love.com\/es\/wp-json\/wp\/v2\/product_cat?post=120929"},{"taxonomy":"product_tag","embeddable":true,"href":"https:\/\/gpl-love.com\/es\/wp-json\/wp\/v2\/product_tag?post=120929"}],"curies":[{"name":"wp","href":"https:\/\/api.w.org\/{rel}","templated":true}]}}