{"id":120927,"date":"2023-03-19T00:00:00","date_gmt":"2023-03-19T05:00:00","guid":{"rendered":"https:\/\/gpl-love.com\/es\/producto\/composer-responsive-multi-purpose-high-performance-wordpress-theme\/"},"modified":"2026-03-13T17:17:56","modified_gmt":"2026-03-13T22:17:56","slug":"composer-responsive-multi-purpose-high-performance-wordpress-theme","status":"publish","type":"product","link":"https:\/\/gpl-love.com\/es\/producto\/composer-responsive-multi-purpose-high-performance-wordpress-theme\/","title":{"rendered":"Composer Responsive Multi-Purpose High Performance WordPress Theme 4.3.0"},"content":{"rendered":"<h3>Composer Responsive Multi-Purpose High Performance WordPress Theme Caracteristicas<\/h3>\n<p>El compositor, un tema de WordPress, posee una capacidad de respuesta y versatilidad excepcionales, lo que lo convierte en una opci\u00f3n impecable para el desarrollo de varios sitios web. Su dise\u00f1o, que atiende a diversos prop\u00f3sitos, demuestra ser una soluci\u00f3n ideal para empresas, profesionales creativos e individuos por igual. Este tema ofrece una gran cantidad de opciones y caracter\u00edsticas personalizables, lo que permite a los usuarios elaborar meticulosamente un sitio web que encarna sin problemas su visi\u00f3n \u00fanica. Adem\u00e1s, el compositor pone un fuerte \u00e9nfasis en la optimizaci\u00f3n del rendimiento, lo que resulta en tiempos de carga r\u00e1pidos y navegaci\u00f3n sin esfuerzo, incluso en dispositivos m\u00f3viles. Por lo tanto, ya sea que aspira a establecer una presencia en l\u00ednea para su negocio o crear un blog personal, seleccionar el compositor como su tema de WordPress, sin duda, demostrar\u00e1 ser una decisi\u00f3n sobresaliente, ya que encarna una amalgamaci\u00f3n de poder, facilidad de uso y funcionalidad.<\/p>\n<ul>\n<li>Dise\u00f1o totalmente receptivo<\/li>\n<li>Funcionalidad multiprop\u00f3sito para una amplia gama de tipos de sitios web<\/li>\n<li>Altamente personalizable con varias opciones de dise\u00f1o, colores y fuentes.<\/li>\n<li>Instalaci\u00f3n r\u00e1pida y f\u00e1cil con una funci\u00f3n de importaci\u00f3n de demostraci\u00f3n de un solo clic<\/li>\n<li>SEO optimizado para una mejor clasificaci\u00f3n de motores de b\u00fasqueda<\/li>\n<li>Alto rendimiento con c\u00f3digo optimizado y tiempos de carga r\u00e1pidas<\/li>\n<li>Compatible con complementos populares como WooCommerce y el Formulario de contacto 7<\/li>\n<li>Incluye complementos premium como Slider Revolution y Visual Composer<\/li>\n<li>Actualizado regularmente con nuevas funciones y mejoras<\/li>\n<li>Documentaci\u00f3n extensa y equipo de apoyo dedicado para asistencia<\/li>\n<\/ul>\n","protected":false},"excerpt":{"rendered":"<p>Sum\u00e9rgete en el mundo de WordPress con nuestro tema de WordPress de alto rendimiento de compositor de vanguardia de vanguardia. Este tema no es solo est\u00e9ticamente atractivo, sino tambi\u00e9n muy vers\u00e1til, lo que lo hace perfecto para una amplia gama de sitios web. Con su dise\u00f1o receptivo, se adapta a la perfecci\u00f3n a varios tama\u00f1os de pantalla, asegurando que su contenido se vea fant\u00e1stico en todos los dispositivos. Como tema multiprop\u00f3sito, ofrece una gran cantidad de opciones de personalizaci\u00f3n que le permite adaptarlo para satisfacer sus necesidades espec\u00edficas, ya sea para un sitio web comercial, un blog personal o una tienda de comercio electr\u00f3nico. Adem\u00e1s, es de alto rendimiento y velocidad optimizada para garantizar que su sitio web funcione sin problemas y se carga r\u00e1pidamente para todos sus visitantes. Experimente el poder y la facilidad del tema compositor de WordPress y cree un sitio web impresionante sin esfuerzo.<\/p>\n","protected":false},"featured_media":165648,"comment_status":"open","ping_status":"open","template":"","meta":[],"product_brand":[2337],"product_cat":[1239,1237,1238],"product_tag":[1391],"class_list":{"0":"post-120927","1":"product","2":"type-product","3":"status-publish","4":"has-post-thumbnail","6":"product_brand-themeforest","7":"product_cat-de-multiples-fines","8":"product_cat-temas","9":"product_cat-wordpress-temas","10":"product_tag-themeforest","11":"member-discount","12":"discount-restricted","14":"first","15":"instock","16":"sale","17":"downloadable","18":"virtual","19":"sold-individually","20":"purchasable","21":"product-type-simple"},"_links":{"self":[{"href":"https:\/\/gpl-love.com\/es\/wp-json\/wp\/v2\/product\/120927","targetHints":{"allow":["GET"]}}],"collection":[{"href":"https:\/\/gpl-love.com\/es\/wp-json\/wp\/v2\/product"}],"about":[{"href":"https:\/\/gpl-love.com\/es\/wp-json\/wp\/v2\/types\/product"}],"replies":[{"embeddable":true,"href":"https:\/\/gpl-love.com\/es\/wp-json\/wp\/v2\/comments?post=120927"}],"wp:featuredmedia":[{"embeddable":true,"href":"https:\/\/gpl-love.com\/es\/wp-json\/wp\/v2\/media\/165648"}],"wp:attachment":[{"href":"https:\/\/gpl-love.com\/es\/wp-json\/wp\/v2\/media?parent=120927"}],"wp:term":[{"taxonomy":"product_brand","embeddable":true,"href":"https:\/\/gpl-love.com\/es\/wp-json\/wp\/v2\/product_brand?post=120927"},{"taxonomy":"product_cat","embeddable":true,"href":"https:\/\/gpl-love.com\/es\/wp-json\/wp\/v2\/product_cat?post=120927"},{"taxonomy":"product_tag","embeddable":true,"href":"https:\/\/gpl-love.com\/es\/wp-json\/wp\/v2\/product_tag?post=120927"}],"curies":[{"name":"wp","href":"https:\/\/api.w.org\/{rel}","templated":true}]}}