{"id":120923,"date":"2024-01-04T00:00:00","date_gmt":"2024-01-04T05:00:00","guid":{"rendered":"https:\/\/gpl-love.com\/es\/producto\/cerato-multipurpose-elementor-woocommerce-theme\/"},"modified":"2026-03-13T17:17:37","modified_gmt":"2026-03-13T22:17:37","slug":"cerato-multipurpose-elementor-woocommerce-theme","status":"publish","type":"product","link":"https:\/\/gpl-love.com\/es\/producto\/cerato-multipurpose-elementor-woocommerce-theme\/","title":{"rendered":"Cerato Multipurpose Elementor WooCommerce Theme 2.2.18"},"content":{"rendered":"<h3>Cerato Multipurpose Elementor WooCommerce Theme Caracteristicas<\/h3>\n<p>El tema de WordPress de WordPress de Cerato MultipurSose El Elementor es un tema de WordPress de vanguardia y adaptable que es perfecto para generar tiendas, blogs, carteras y sitios web de negocios en l\u00ednea. Con un dise\u00f1o f\u00e1cil de usar y caracter\u00edsticas robustas, Cerato le facilita la creaci\u00f3n de su sitio web sin esfuerzo, sin necesitar ning\u00fan conocimiento de la codificaci\u00f3n. Se integra sin problemas con Elementor, un constructor de p\u00e1ginas muy solicitado en el mercado. Adem\u00e1s, est\u00e1 completamente optimizado para WooCommerce, otorg\u00e1ndole la capacidad de establecer sin esfuerzo una tienda en l\u00ednea y comenzar la venta de sus productos o servicios. Cerato ofrece una gran cantidad de plantillas, widgets y elementos prefabricados, facilitando la creaci\u00f3n de un sitio web pulido y llamativo. Adem\u00e1s, prioriza la optimizaci\u00f3n de velocidad y SEO, garantizando que su sitio web opera r\u00e1pidamente y logra una clasificaci\u00f3n m\u00e1s alta en los motores de b\u00fasqueda. Con Cerato, tiene la capacidad de elaborar un sitio web que no tenga paralelo en singularidad, funcionalidad y atractivo visual, todo sin comprometer el rendimiento.<\/p>\n<ul>\n<li>Totalmente compatible con Elementor y WooCommerce<\/li>\n<li>M\u00e1s de 25 p\u00e1ginas predise\u00f1adas para elegir<\/li>\n<li>Funci\u00f3n de contenido de demostraci\u00f3n de instalaci\u00f3n de un solo clic<\/li>\n<li>Dise\u00f1o receptivo y amigable para m\u00f3viles<\/li>\n<li>Personalizaci\u00f3n f\u00e1cil con el creador de p\u00e1ginas de arrastrar y soltar<\/li>\n<li>Estilos de cabeza de encabezado y pie de p\u00e1gina para elegir<\/li>\n<li>SEO optimizado para una mejor clasificaci\u00f3n de motores de b\u00fasqueda<\/li>\n<li>Widgets y c\u00f3digos cortos personalizados avanzados<\/li>\n<li>Compatibilidad de navegador cruzado<\/li>\n<li>Velocidad de carga r\u00e1pida y c\u00f3digo limpio<\/li>\n<li>Actualizaciones gratuitas de por vida y documentaci\u00f3n extensa<\/li>\n<\/ul>\n","protected":false},"excerpt":{"rendered":"<p>Experimente la versatilidad y la sofisticaci\u00f3n del tema de WooCommerce de El Elemento Cerato Multipurpose. Esta innovadora soluci\u00f3n est\u00e1 dise\u00f1ada para revolucionar su plataforma de comercio electr\u00f3nico, aportando una experiencia de usuario \u00fanica y perfecta. Con su compatibilidad de elementos, puede disfrutar de la construcci\u00f3n de sitios sin esfuerzo, lo que le permite personalizar su sitio web a su gusto. El tema es multiprop\u00f3sito, lo que lo convierte en una elecci\u00f3n perfecta para cualquier tipo de tienda en l\u00ednea. El tema de Cerato tambi\u00e9n es compatible con WooCommerce, convirtiendo su sitio en una poderosa tienda en l\u00ednea. Su dise\u00f1o receptivo garantiza que su sitio web se vea genial en cualquier dispositivo. Actualice su presencia de comercio electr\u00f3nico con el tema de WooCommerce de Cerato MultipUrpose El Elementor.<\/p>\n","protected":false},"featured_media":165608,"comment_status":"open","ping_status":"open","template":"","meta":[],"product_brand":[2337],"product_cat":[1263,1264,1237],"product_tag":[1391],"class_list":{"0":"post-120923","1":"product","2":"type-product","3":"status-publish","4":"has-post-thumbnail","6":"product_brand-themeforest","7":"product_cat-comercio-electronico-temas","8":"product_cat-negocio","9":"product_cat-temas","10":"product_tag-themeforest","11":"member-discount","12":"discount-restricted","14":"first","15":"instock","16":"sale","17":"downloadable","18":"virtual","19":"sold-individually","20":"purchasable","21":"product-type-simple"},"_links":{"self":[{"href":"https:\/\/gpl-love.com\/es\/wp-json\/wp\/v2\/product\/120923","targetHints":{"allow":["GET"]}}],"collection":[{"href":"https:\/\/gpl-love.com\/es\/wp-json\/wp\/v2\/product"}],"about":[{"href":"https:\/\/gpl-love.com\/es\/wp-json\/wp\/v2\/types\/product"}],"replies":[{"embeddable":true,"href":"https:\/\/gpl-love.com\/es\/wp-json\/wp\/v2\/comments?post=120923"}],"wp:featuredmedia":[{"embeddable":true,"href":"https:\/\/gpl-love.com\/es\/wp-json\/wp\/v2\/media\/165608"}],"wp:attachment":[{"href":"https:\/\/gpl-love.com\/es\/wp-json\/wp\/v2\/media?parent=120923"}],"wp:term":[{"taxonomy":"product_brand","embeddable":true,"href":"https:\/\/gpl-love.com\/es\/wp-json\/wp\/v2\/product_brand?post=120923"},{"taxonomy":"product_cat","embeddable":true,"href":"https:\/\/gpl-love.com\/es\/wp-json\/wp\/v2\/product_cat?post=120923"},{"taxonomy":"product_tag","embeddable":true,"href":"https:\/\/gpl-love.com\/es\/wp-json\/wp\/v2\/product_tag?post=120923"}],"curies":[{"name":"wp","href":"https:\/\/api.w.org\/{rel}","templated":true}]}}