{"id":120921,"date":"2025-10-29T00:00:00","date_gmt":"2025-10-29T05:00:00","guid":{"rendered":"https:\/\/gpl-love.com\/es\/producto\/cena-store-multipurpose-woocommerce-wordpress-theme\/"},"modified":"2026-03-13T17:17:35","modified_gmt":"2026-03-13T22:17:35","slug":"cena-store-multipurpose-woocommerce-wordpress-theme","status":"publish","type":"product","link":"https:\/\/gpl-love.com\/es\/producto\/cena-store-multipurpose-woocommerce-wordpress-theme\/","title":{"rendered":"Cena Store Multipurpose WooCommerce WordPress Theme 2.11.32"},"content":{"rendered":"<h3>Cena Store Multipurpose WooCommerce WordPress Theme Caracteristicas<\/h3>\n<p>El tema de WordPress de WordPress de WooCommerce de Cena Store se presenta como una soluci\u00f3n encomiable y muy adecuada para aquellos que buscan establecer una salida minorista en l\u00ednea sofisticada y pulida. Con su extenso repertorio de caracter\u00edsticas de personalizaci\u00f3n, este tema permite a los usuarios dise\u00f1ar una experiencia de compra \u00fanica y cautivadora para su valiosa clientela. Con un dise\u00f1o contempor\u00e1neo y adaptable, la tienda en cuesti\u00f3n exudar\u00e1 un aire de calidad, independientemente del dispositivo en el que se acceda. Adem\u00e1s, el tema de WordPress de WordPress de WooCommerce Cena de la Tienda Cena se integra perfectamente con WooCommerce, dotando as\u00ed a sus usuarios una gran cantidad de funcionalidades robustas de comercio electr\u00f3nico, incluidas, entre otras, p\u00e1ginas de productos, carros de compras y mecanismos de comprobaci\u00f3n. Independientemente de si la mercanc\u00eda de uno es tangible o intangible, este tema proporciona todas las herramientas y recursos necesarios indispensables para el establecimiento de un emporio en l\u00ednea pr\u00f3spero.<\/p>\n<ul>\n<li>Dise\u00f1o personalizable para tiendas de comercio electr\u00f3nico utilizando WooCommerce<\/li>\n<li>M\u00faltiples dise\u00f1os preconstruidos para elegir<\/li>\n<li>Constructor de p\u00e1ginas incorporado para una f\u00e1cil personalizaci\u00f3n<\/li>\n<li>Dise\u00f1o totalmente receptivo para usuarios m\u00f3viles y de tabletas<\/li>\n<li>Men\u00fa mega para la navegaci\u00f3n mejorada<\/li>\n<li>Proceso de pago r\u00e1pido y f\u00e1cil para los clientes<\/li>\n<li>Integraci\u00f3n con pasarelas de pago populares como Stripe y PayPal<\/li>\n<li>SEO optimizado para una mejor clasificaci\u00f3n de motores de b\u00fasqueda<\/li>\n<li>Acceso a una biblioteca de complementos y widgets premium<\/li>\n<li>Atenci\u00f3n al cliente 24\/7 incluye<\/li>\n<\/ul>\n","protected":false},"excerpt":{"rendered":"<p>Presentamos la tienda Cena, un tema vers\u00e1til de WordPress de WooCommerce, perfecto para todo tipo de minoristas en l\u00ednea. Con una interfaz f\u00e1cil de usar, este tema est\u00e1 dise\u00f1ado para optimizar sus operaciones de comercio electr\u00f3nico, por lo que es la opci\u00f3n ideal para las empresas que buscan establecer una fuerte presencia en l\u00ednea. El tema es totalmente receptivo, asegurando una experiencia de visualizaci\u00f3n e interacci\u00f3n \u00f3ptima en una gama de dispositivos. Cena Store est\u00e1 construida con SEO en mente, lo que ayuda a su negocio a clasificarse en los resultados de los motores de b\u00fasqueda. Tambi\u00e9n ofrece amplias opciones de personalizaci\u00f3n, lo que le permite adaptar su sitio web para reflejar su identidad de marca. Una de las caracter\u00edsticas destacadas es su integraci\u00f3n con WooCommerce, una plataforma de comercio electr\u00f3nico l\u00edder, que proporciona una experiencia de compra perfecta para sus clientes. Con Cena Store, tambi\u00e9n puede aprovechar las caracter\u00edsticas avanzadas como la vista r\u00e1pida del producto, el men\u00fa Mega y los filtros de productos para mejorar la experiencia del usuario. Beneficiarse de actualizaciones regulares y soporte dedicado para mantener su tienda en l\u00ednea funcionando sin problemas. Invierta en Cena Store WordPress Theme hoy y lleve su tienda en l\u00ednea a nuevas alturas.<\/p>\n","protected":false},"featured_media":165606,"comment_status":"open","ping_status":"open","template":"","meta":[],"product_brand":[2337],"product_cat":[1263,1264,1237],"product_tag":[1391],"class_list":{"0":"post-120921","1":"product","2":"type-product","3":"status-publish","4":"has-post-thumbnail","6":"product_brand-themeforest","7":"product_cat-comercio-electronico-temas","8":"product_cat-negocio","9":"product_cat-temas","10":"product_tag-themeforest","11":"member-discount","12":"discount-restricted","14":"first","15":"instock","16":"sale","17":"downloadable","18":"virtual","19":"sold-individually","20":"purchasable","21":"product-type-simple"},"_links":{"self":[{"href":"https:\/\/gpl-love.com\/es\/wp-json\/wp\/v2\/product\/120921","targetHints":{"allow":["GET"]}}],"collection":[{"href":"https:\/\/gpl-love.com\/es\/wp-json\/wp\/v2\/product"}],"about":[{"href":"https:\/\/gpl-love.com\/es\/wp-json\/wp\/v2\/types\/product"}],"replies":[{"embeddable":true,"href":"https:\/\/gpl-love.com\/es\/wp-json\/wp\/v2\/comments?post=120921"}],"wp:featuredmedia":[{"embeddable":true,"href":"https:\/\/gpl-love.com\/es\/wp-json\/wp\/v2\/media\/165606"}],"wp:attachment":[{"href":"https:\/\/gpl-love.com\/es\/wp-json\/wp\/v2\/media?parent=120921"}],"wp:term":[{"taxonomy":"product_brand","embeddable":true,"href":"https:\/\/gpl-love.com\/es\/wp-json\/wp\/v2\/product_brand?post=120921"},{"taxonomy":"product_cat","embeddable":true,"href":"https:\/\/gpl-love.com\/es\/wp-json\/wp\/v2\/product_cat?post=120921"},{"taxonomy":"product_tag","embeddable":true,"href":"https:\/\/gpl-love.com\/es\/wp-json\/wp\/v2\/product_tag?post=120921"}],"curies":[{"name":"wp","href":"https:\/\/api.w.org\/{rel}","templated":true}]}}