{"id":120919,"date":"2026-03-26T00:00:00","date_gmt":"2026-03-26T05:00:00","guid":{"rendered":"https:\/\/gpl-love.com\/es\/producto\/cartflows-pro\/"},"modified":"2026-03-26T17:15:28","modified_gmt":"2026-03-26T22:15:28","slug":"cartflows-pro","status":"publish","type":"product","link":"https:\/\/gpl-love.com\/es\/producto\/cartflows-pro\/","title":{"rendered":"CartFlows Pro 2.2.4"},"content":{"rendered":"<h3>CartFlows Pro Caracteristicas<\/h3>\n<p>Cartflows Pro, un complemento de WordPress altamente robusto, otorga a los usuarios la capacidad de construir sin esfuerzo los embudos de ventas visualmente impresionantes al tiempo que optimiza las tasas de conversi\u00f3n. A trav\u00e9s de su interfaz de arrastrar y soltar f\u00e1cilmente, las personas pueden moda sin esfuerzo p\u00e1ginas de pago personalizadas, ofertas de baches de pedidos, ventas subterr\u00e1neas, ventas a redadas y una gran cantidad de otros elementos. Adem\u00e1s, Cartflows Pro se integra sin problemas con las pasarelas de pago prominentes, como Stripe y PayPal, lo que permite transacciones suaves y simplificadas. Adem\u00e1s, los usuarios pueden aprovechar las extensas an\u00e1lisis y caracter\u00edsticas de informes, capacit\u00e1ndolos para monitorear y evaluar meticulosamente su rendimiento de ventas. No solo eso, sino que el complemento tambi\u00e9n ofrece una amplia selecci\u00f3n de plantillas y dise\u00f1os predise\u00f1ados, reduciendo el tiempo y el esfuerzo requeridos para crear embudos de ventas convincentes y lucrativos a solo minutos. Independientemente de si uno es propietario de un sitio web de comercio electr\u00f3nico, vendedor o emprendedor, Cartflows Pro se erige como la soluci\u00f3n incomparable para construir embudos de ventas altamente efectivos que maximizan el potencial de ingresos.<\/p>\n<ul>\n<li>Un complemento de WordPress potente y f\u00e1cil de usar para crear embudos de ventas de alta conversi\u00f3n<\/li>\n<li>Ofrece una gama de plantillas prefabricadas y elementos personalizables para dise\u00f1ar sus propios embudos<\/li>\n<li>Se integra con las populares pasarelas de marketing por correo electr\u00f3nico y pagos para procesos de ventas simplificados<\/li>\n<li>Incluye caracter\u00edsticas avanzadas como pruebas A\/B, enlace din\u00e1mico y l\u00f3gica condicional para la m\u00e1xima flexibilidad y optimizaci\u00f3n<\/li>\n<li>Proporciona an\u00e1lisis detallados e informes para rastrear las m\u00e9tricas clave de rendimiento y tomar decisiones basadas en datos<\/li>\n<li>Ofrece servicios de soporte de primer nivel y tutoriales \u00fatiles para garantizar que aproveche al m\u00e1ximo el producto<\/li>\n<li>Dise\u00f1ado con SEO y optimizaci\u00f3n m\u00f3vil en mente, asegurando que sus funnels se vean y funcionen muy bien en cualquier dispositivo<\/li>\n<li>Viene con una garant\u00eda de devoluci\u00f3n de dinero de 30 d\u00edas para garantizar su total satisfacci\u00f3n con el producto.<\/li>\n<\/ul>\n","protected":false},"excerpt":{"rendered":"<p>\u00a1Bendir todo el potencial de su negocio en l\u00ednea con Cartflows Pro! Este complemento premium de WordPress est\u00e1 dise\u00f1ado para maximizar las tasas de conversi\u00f3n de su sitio web, optimizar sus embudos de ventas y optimizar su proceso de pago. Con su interfaz f\u00e1cil de usar, puede crear f\u00e1cilmente p\u00e1ginas de destino de alta conversi\u00f3n, ventas subterr\u00e1neas y p\u00e1ginas de ventas a la baja. Aproveche nuestros baches de pedidos con un solo clic para aumentar significativamente su valor de transacci\u00f3n promedio. Con Cartflows Pro, tambi\u00e9n puede ofrecer a sus clientes una experiencia de pago perfecta y sin fricci\u00f3n con sus campos personalizables. Adem\u00e1s, puede rastrear su rendimiento con nuestra funci\u00f3n de an\u00e1lisis avanzado. \u00a1Actualice a Cartflows Pro ahora y desbloquea un mundo de posibilidades para su negocio en l\u00ednea!<\/p>\n","protected":false},"featured_media":165600,"comment_status":"open","ping_status":"open","template":"","meta":[],"product_brand":[2392],"product_cat":[1207,1225,1206],"product_tag":[1254],"class_list":{"0":"post-120919","1":"product","2":"type-product","3":"status-publish","4":"has-post-thumbnail","6":"product_brand-cartflows","7":"product_cat-comercio-electronico-plugins","8":"product_cat-marketing","9":"product_cat-plugins","10":"product_tag-cartflows","11":"member-discount","12":"discount-restricted","14":"first","15":"instock","16":"sale","17":"downloadable","18":"virtual","19":"sold-individually","20":"purchasable","21":"product-type-simple"},"_links":{"self":[{"href":"https:\/\/gpl-love.com\/es\/wp-json\/wp\/v2\/product\/120919","targetHints":{"allow":["GET"]}}],"collection":[{"href":"https:\/\/gpl-love.com\/es\/wp-json\/wp\/v2\/product"}],"about":[{"href":"https:\/\/gpl-love.com\/es\/wp-json\/wp\/v2\/types\/product"}],"replies":[{"embeddable":true,"href":"https:\/\/gpl-love.com\/es\/wp-json\/wp\/v2\/comments?post=120919"}],"wp:featuredmedia":[{"embeddable":true,"href":"https:\/\/gpl-love.com\/es\/wp-json\/wp\/v2\/media\/165600"}],"wp:attachment":[{"href":"https:\/\/gpl-love.com\/es\/wp-json\/wp\/v2\/media?parent=120919"}],"wp:term":[{"taxonomy":"product_brand","embeddable":true,"href":"https:\/\/gpl-love.com\/es\/wp-json\/wp\/v2\/product_brand?post=120919"},{"taxonomy":"product_cat","embeddable":true,"href":"https:\/\/gpl-love.com\/es\/wp-json\/wp\/v2\/product_cat?post=120919"},{"taxonomy":"product_tag","embeddable":true,"href":"https:\/\/gpl-love.com\/es\/wp-json\/wp\/v2\/product_tag?post=120919"}],"curies":[{"name":"wp","href":"https:\/\/api.w.org\/{rel}","templated":true}]}}