{"id":120915,"date":"2021-02-09T00:00:00","date_gmt":"2021-02-09T05:00:00","guid":{"rendered":"https:\/\/gpl-love.com\/es\/producto\/buddyapp-mobile-first-community-wordpress-theme\/"},"modified":"2026-03-13T17:17:09","modified_gmt":"2026-03-13T22:17:09","slug":"buddyapp-mobile-first-community-wordpress-theme","status":"publish","type":"product","link":"https:\/\/gpl-love.com\/es\/producto\/buddyapp-mobile-first-community-wordpress-theme\/","title":{"rendered":"BuddyApp Mobile First Community WordPress Theme 1.9.0"},"content":{"rendered":"<h3>BuddyApp Mobile First Community WordPress Theme Caracteristicas<\/h3>\n<p>BuddyApp, un tema de WordPress de la comunidad m\u00f3vil primero, ofrece una forma f\u00e1cil de establecer una red social integral. Con una interfaz f\u00e1cil de usar y caracter\u00edsticas robustas, atiende a blogueros, empresarios y empresas que buscan construir una comunidad en l\u00ednea. La capacidad de respuesta de BuddyApp garantiza que su sitio web se muestre impecablemente en cualquier dispositivo, mientras que su abundancia de capacidades, incluidas notificaciones en vivo, mensajes privados y alimentos de actividad, se suma a su atractivo. Al emplear a BuddyApp, puede tener perfiles de moda, grupos y foros sin esfuerzo, as\u00ed como organizar eventos virtuales y boletos de ventaja. Ya sea que su objetivo implique crear una red social especializada o erigir una comunidad en l\u00ednea que lo abarque, BuddyApp se considera la soluci\u00f3n definitiva.<\/p>\n<ul>\n<li>Un tema de WordPress m\u00f3vil primero dise\u00f1ado espec\u00edficamente para sitios web basados \u200b\u200ben la comunidad<\/li>\n<li>Optimizado para dispositivos m\u00f3viles con dise\u00f1o receptivo y navegaci\u00f3n suave<\/li>\n<li>Incluye un conjunto de caracter\u00edsticas comunitarias como mensajes, notificaciones y perfiles de usuario<\/li>\n<li>Plantillas personalizables para perfiles de usuario, grupos, foros y eventos<\/li>\n<li>Opciones de dise\u00f1o y dise\u00f1o flexibles con herramientas de personalizaci\u00f3n f\u00e1cil de usar<\/li>\n<li>Integrado con complementos populares como WooCommerce, BuddyPress y BbPress para una funcionalidad adicional<\/li>\n<li>Funcionalidad de b\u00fasqueda avanzada para consultas espec\u00edficas de usuarios o grupos<\/li>\n<li>Soporte de varios idiomas para comunidades globales<\/li>\n<li>Actualizaciones y soporte regulares del equipo de BuddyApp<\/li>\n<li>Instalaci\u00f3n de un solo clic y una configuraci\u00f3n f\u00e1cil para una experiencia de usuario suave.<\/li>\n<\/ul>\n","protected":false},"excerpt":{"rendered":"<p>Experimente el poder de la unidad con BuddyApp, un tema de WordPress de la comunidad m\u00f3vil primero dise\u00f1ado para unir a las personas, independientemente de la ubicaci\u00f3n. Trasciende los l\u00edmites con nuestro dise\u00f1o receptivo de primer nivel que se adapta sin esfuerzo a cualquier dispositivo, proporcionando una experiencia de visualizaci\u00f3n \u00f3ptima para sus usuarios. Con una interfaz de usuario intuitiva y una navegaci\u00f3n f\u00e1cil, los miembros de su comunidad encontrar\u00e1n sin esfuerzo conectarse, comunicarse y colaborar. Aproveche las caracter\u00edsticas avanzadas de redes sociales de BuddyApp para construir una comunidad comprometida y pr\u00f3spera. Este tema viene con una multitud de opciones de personalizaci\u00f3n, lo que le permite crear un espacio \u00fanico y personalizado que se alinee con su marca. Adem\u00e1s, BuddyApp es amigable con SEO, asegurando la m\u00e1xima visibilidad y alcance. Experimente la conveniencia de un dise\u00f1o m\u00f3vil primero, el poder de la construcci\u00f3n de la comunidad y la flexibilidad de un tema de WordPress con BuddyApp. \u00danase a la creciente red de usuarios satisfechos de BuddyApp y vea florecer su comunidad en l\u00ednea.<\/p>\n","protected":false},"featured_media":165564,"comment_status":"open","ping_status":"open","template":"","meta":[],"product_brand":[2337],"product_cat":[1307,1237,1238],"product_tag":[1391],"class_list":{"0":"post-120915","1":"product","2":"type-product","3":"status-publish","4":"has-post-thumbnail","6":"product_brand-themeforest","7":"product_cat-negocio-wordpress-temas","8":"product_cat-temas","9":"product_cat-wordpress-temas","10":"product_tag-themeforest","11":"member-discount","12":"discount-restricted","14":"first","15":"instock","16":"sale","17":"downloadable","18":"virtual","19":"sold-individually","20":"purchasable","21":"product-type-simple"},"_links":{"self":[{"href":"https:\/\/gpl-love.com\/es\/wp-json\/wp\/v2\/product\/120915","targetHints":{"allow":["GET"]}}],"collection":[{"href":"https:\/\/gpl-love.com\/es\/wp-json\/wp\/v2\/product"}],"about":[{"href":"https:\/\/gpl-love.com\/es\/wp-json\/wp\/v2\/types\/product"}],"replies":[{"embeddable":true,"href":"https:\/\/gpl-love.com\/es\/wp-json\/wp\/v2\/comments?post=120915"}],"wp:featuredmedia":[{"embeddable":true,"href":"https:\/\/gpl-love.com\/es\/wp-json\/wp\/v2\/media\/165564"}],"wp:attachment":[{"href":"https:\/\/gpl-love.com\/es\/wp-json\/wp\/v2\/media?parent=120915"}],"wp:term":[{"taxonomy":"product_brand","embeddable":true,"href":"https:\/\/gpl-love.com\/es\/wp-json\/wp\/v2\/product_brand?post=120915"},{"taxonomy":"product_cat","embeddable":true,"href":"https:\/\/gpl-love.com\/es\/wp-json\/wp\/v2\/product_cat?post=120915"},{"taxonomy":"product_tag","embeddable":true,"href":"https:\/\/gpl-love.com\/es\/wp-json\/wp\/v2\/product_tag?post=120915"}],"curies":[{"name":"wp","href":"https:\/\/api.w.org\/{rel}","templated":true}]}}