{"id":120913,"date":"2025-01-28T00:00:00","date_gmt":"2025-01-28T05:00:00","guid":{"rendered":"https:\/\/gpl-love.com\/es\/producto\/brooklyn-creative-multipurpose-responsive-wordpress-theme\/"},"modified":"2026-03-13T17:17:08","modified_gmt":"2026-03-13T22:17:08","slug":"brooklyn-creative-multipurpose-responsive-wordpress-theme","status":"publish","type":"product","link":"https:\/\/gpl-love.com\/es\/producto\/brooklyn-creative-multipurpose-responsive-wordpress-theme\/","title":{"rendered":"Brooklyn Creative Multipurpose Responsive WordPress Theme 4.9.9.5"},"content":{"rendered":"<h3>Brooklyn Creative Multipurpose Responsive WordPress Theme Caracteristicas<\/h3>\n<p>El tema de WordPress de Brooklyn Creative MultipURUSSES RESSONSE es una soluci\u00f3n integral e integral que satisface las necesidades de los dise\u00f1adores y desarrolladores web que aspiran a dise\u00f1ar un sitio web visualmente cautivador para sus clientes o para la utilizaci\u00f3n personal. Este tema en particular cuenta con un dise\u00f1o de vanguardia y pulido que es completamente adaptable y receptivo, lo que le hace una opci\u00f3n ideal para la compatibilidad con cualquier dispositivo o dimensi\u00f3n de pantalla. La inclusi\u00f3n del Visual Composer Page Builder, conocido por sus capacidades robustas, permite a los usuarios forjar dise\u00f1os y dise\u00f1os personalizados sin esfuerzo sin requerir ninguna destreza de codificaci\u00f3n. Adem\u00e1s, el tema de Brooklyn abarca un repertorio diverso de dise\u00f1os predise\u00f1ados, asegurando que el proceso de dise\u00f1ar un sitio web est\u00e9ticamente agradable sea expedido y sin problemas. Aumentando su versatilidad, este tema est\u00e1 incluido con una formidable variedad de complementos, incluidos el aclamado Slider y Capas Slider y Capas, que otorga a los usuarios la capacidad de imbuir sus sitios web con una funcionalidad elevada. En resumen, el tema de WordPress de Brooklyn Creative MultipURSONE BordPress es una alternativa muy maleable y f\u00e1cil de usar que atiende las preferencias y requisitos de las personas que buscan fabricar un sitio web verdaderamente notable.<\/p>\n<ul>\n<li>Tema multiprop\u00f3sito adecuado para una amplia gama de sitios web<\/li>\n<li>Dise\u00f1o totalmente receptivo y amigable para m\u00f3viles para una visualizaci\u00f3n \u00f3ptima en todos los dispositivos<\/li>\n<li>Opciones de dise\u00f1o flexibles con widgets y plantillas de p\u00e1gina personalizables<\/li>\n<li>Dise\u00f1o limpio y moderno con un enfoque en la tipograf\u00eda y la legibilidad<\/li>\n<li>Incluye una variedad de demostraciones predise\u00f1adas para una f\u00e1cil configuraci\u00f3n y personalizaci\u00f3n.<\/li>\n<li>Panel de opciones de temas avanzados para una f\u00e1cil personalizaci\u00f3n de colores, fuentes y m\u00e1s<\/li>\n<li>Compatible con complementos populares para una funcionalidad e integraci\u00f3n adicionales con servicios de terceros<\/li>\n<li>Optimizado para SEO para ayudar a mejorar la visibilidad de su sitio web en los motores de b\u00fasqueda<\/li>\n<li>Incluye documentaci\u00f3n integral y soporte para una f\u00e1cil resoluci\u00f3n de problemas y asistencia de configuraci\u00f3n.<\/li>\n<\/ul>\n","protected":false},"excerpt":{"rendered":"<p>Explore el mundo de las infinitas posibilidades con el tema de WordPress de Brooklyn Creative Multipurpose Responsive. Elaborado para la versatilidad, este tema innovador atiende a una gran cantidad de negocios, blogueros e individuos creativos que buscan una presencia en l\u00ednea \u00fanica. Construido para su capacidad de respuesta, garantiza que su sitio web se vea impresionante en cualquier dispositivo, desde escritorios hasta m\u00f3viles. Su funcionalidad multiprop\u00f3sito le permite adaptar el tema para adaptarse a varias industrias, por lo que es una elecci\u00f3n perfecta para fot\u00f3grafos, dise\u00f1adores, artistas y tiendas en l\u00ednea. El tema viene lleno de una amplia gama de caracter\u00edsticas personalizables, lo que le permite crear un sitio web que realmente refleje la personalidad de su marca. \u00bfNo hay habilidades de codificaci\u00f3n? \u00a1Ning\u00fan problema! El tema de WordPress de Brooklyn Creative MultipURURSES RESPONSE es f\u00e1cil de usar, lo que hace que el dise\u00f1o del sitio web sea muy f\u00e1cil. Transforme su presencia en l\u00ednea con el tema de WordPress de Brooklyn Creative MultipUrpose Response: la encarnaci\u00f3n de la flexibilidad, la funcionalidad y el estilo.<\/p>\n","protected":false},"featured_media":165562,"comment_status":"open","ping_status":"open","template":"","meta":[],"product_brand":[2337],"product_cat":[1239,1237,1238],"product_tag":[1391],"class_list":{"0":"post-120913","1":"product","2":"type-product","3":"status-publish","4":"has-post-thumbnail","6":"product_brand-themeforest","7":"product_cat-de-multiples-fines","8":"product_cat-temas","9":"product_cat-wordpress-temas","10":"product_tag-themeforest","11":"member-discount","12":"discount-restricted","14":"first","15":"instock","16":"sale","17":"downloadable","18":"virtual","19":"sold-individually","20":"purchasable","21":"product-type-simple"},"_links":{"self":[{"href":"https:\/\/gpl-love.com\/es\/wp-json\/wp\/v2\/product\/120913","targetHints":{"allow":["GET"]}}],"collection":[{"href":"https:\/\/gpl-love.com\/es\/wp-json\/wp\/v2\/product"}],"about":[{"href":"https:\/\/gpl-love.com\/es\/wp-json\/wp\/v2\/types\/product"}],"replies":[{"embeddable":true,"href":"https:\/\/gpl-love.com\/es\/wp-json\/wp\/v2\/comments?post=120913"}],"wp:featuredmedia":[{"embeddable":true,"href":"https:\/\/gpl-love.com\/es\/wp-json\/wp\/v2\/media\/165562"}],"wp:attachment":[{"href":"https:\/\/gpl-love.com\/es\/wp-json\/wp\/v2\/media?parent=120913"}],"wp:term":[{"taxonomy":"product_brand","embeddable":true,"href":"https:\/\/gpl-love.com\/es\/wp-json\/wp\/v2\/product_brand?post=120913"},{"taxonomy":"product_cat","embeddable":true,"href":"https:\/\/gpl-love.com\/es\/wp-json\/wp\/v2\/product_cat?post=120913"},{"taxonomy":"product_tag","embeddable":true,"href":"https:\/\/gpl-love.com\/es\/wp-json\/wp\/v2\/product_tag?post=120913"}],"curies":[{"name":"wp","href":"https:\/\/api.w.org\/{rel}","templated":true}]}}