{"id":120909,"date":"2023-04-22T00:00:00","date_gmt":"2023-04-22T05:00:00","guid":{"rendered":"https:\/\/gpl-love.com\/es\/producto\/briefcase-elementor-extras\/"},"modified":"2026-03-09T07:22:15","modified_gmt":"2026-03-09T12:22:15","slug":"briefcase-elementor-extras","status":"publish","type":"product","link":"https:\/\/gpl-love.com\/es\/producto\/briefcase-elementor-extras\/","title":{"rendered":"Briefcase Elementor Extras 2.2.5"},"content":{"rendered":"<h3>Briefcase Elementor Extras Caracteristicas<\/h3>\n<p>El bindefastador Elementor Extras es un complemento de inmensa potencia, que abarca una amplia gama de caracter\u00edsticas y elementos suplementarios dise\u00f1ados espec\u00edficamente para aumentar las capacidades del amplio constructor de p\u00e1ginas de elementor. Este notable complemento faculta a los usuarios con la capacidad de modificar sitios web con asombro y pulido sin esfuerzo. Su repertorio expansivo comprende una amplia variedad de widgets, m\u00f3dulos y extensiones, todos los cuales sirven para elevar y personalizar el dise\u00f1o de un sitio web. Empleando su interfaz de arrastre y ca\u00edda f\u00e1cil de usar, los individuos pueden generar contenido vibrante y din\u00e1mico, as\u00ed como crear dise\u00f1os fascinantes. Adem\u00e1s, este complemento se integra perfectamente con los sistemas de terceros y proporciona diligentemente actualizaciones regulares para garantizar su relevancia y compatibilidad perpetua con la iteraci\u00f3n m\u00e1s reciente de Elementor. Ya sea que uno sea un ne\u00f3fito o un desarrollador web experimentado, los extras de \u00f3rdenes de malet\u00edn de maletas sirven inherentemente como una herramienta indispensable, lo que facilita la creaci\u00f3n de sitios web verdaderamente notables dentro de un tiempo de tiempo notablemente corto.<\/p>\n<ul>\n<li>-Tera personalizaci\u00f3n del dise\u00f1o de malet\u00edn en Elementor<\/li>\n<li>-Ceuraciones m\u00e1s de 50 plantillas de malet\u00edn predise\u00f1adas<\/li>\n<li>-Condas de espaciado y alineaci\u00f3n ajustables<\/li>\n<li>-Tera exhibici\u00f3n personalizada de icono y miniatura de elementos de malet\u00edn<\/li>\n<li>-Tera integraci\u00f3n de tipos de publicaciones personalizadas para art\u00edculos de malet\u00edn<\/li>\n<li>-Clazca varias opciones de efecto de ciervo para art\u00edculos de malet\u00edn<\/li>\n<li>-Opci\u00f3n para personalizar la paginaci\u00f3n del malet\u00edn y la funcionalidad del filtro<\/li>\n<li>-Compatible con todos los temas de elementor y versiones de WordPress<\/li>\n<li>-Se se utilizar\u00e1 para m\u00faltiples pantallas de malet\u00edn en un sitio web<\/li>\n<li>-Enlige documentaci\u00f3n y soporte para la facilidad de uso.<\/li>\n<\/ul>\n","protected":false},"excerpt":{"rendered":"<p>Descubra el mundo de las posibilidades con los extras de elemento de malet\u00edn, un poderoso complemento de WordPress dise\u00f1ado para mejorar la funcionalidad y el dise\u00f1o de su sitio web. Esta herramienta din\u00e1mica ofrece una gran cantidad de caracter\u00edsticas para elevar la est\u00e9tica y el rendimiento de su sitio web. La palabra clave aqu\u00ed es la personalizaci\u00f3n. Con los extras de elemento de malet\u00edn, puede personalizar cada elemento de su sitio web, creando una experiencia de usuario \u00fanica y atractiva. Explore varios widgets, extensiones y plantillas que hacen que el dise\u00f1o web sea muy f\u00e1cil. \u00bfEres un usuario de WooCommerce? Mejore su tienda en l\u00ednea con nuestros widgets de WooCommerce. Este complemento tambi\u00e9n viene con un sistema de etiquetas din\u00e1mico, lo que le permite optimizar su estrategia de SEO y aumentar la visibilidad de su sitio web. Con los extras de elemento de malet\u00edn, no solo est\u00e1 creando un sitio web, est\u00e1 elaborando una experiencia digital inolvidable.<\/p>\n","protected":false},"featured_media":165557,"comment_status":"open","ping_status":"open","template":"","meta":[],"product_brand":[2385],"product_cat":[1207,1248,1206],"product_tag":[1250],"class_list":{"0":"post-120909","1":"product","2":"type-product","3":"status-publish","4":"has-post-thumbnail","6":"product_brand-briefcase","7":"product_cat-comercio-electronico-plugins","8":"product_cat-personalizacion-comercio-electronico-plugins","9":"product_cat-plugins","10":"product_tag-briefcase","11":"member-discount","12":"discount-restricted","14":"first","15":"instock","16":"sale","17":"downloadable","18":"virtual","19":"sold-individually","20":"purchasable","21":"product-type-simple"},"_links":{"self":[{"href":"https:\/\/gpl-love.com\/es\/wp-json\/wp\/v2\/product\/120909","targetHints":{"allow":["GET"]}}],"collection":[{"href":"https:\/\/gpl-love.com\/es\/wp-json\/wp\/v2\/product"}],"about":[{"href":"https:\/\/gpl-love.com\/es\/wp-json\/wp\/v2\/types\/product"}],"replies":[{"embeddable":true,"href":"https:\/\/gpl-love.com\/es\/wp-json\/wp\/v2\/comments?post=120909"}],"wp:featuredmedia":[{"embeddable":true,"href":"https:\/\/gpl-love.com\/es\/wp-json\/wp\/v2\/media\/165557"}],"wp:attachment":[{"href":"https:\/\/gpl-love.com\/es\/wp-json\/wp\/v2\/media?parent=120909"}],"wp:term":[{"taxonomy":"product_brand","embeddable":true,"href":"https:\/\/gpl-love.com\/es\/wp-json\/wp\/v2\/product_brand?post=120909"},{"taxonomy":"product_cat","embeddable":true,"href":"https:\/\/gpl-love.com\/es\/wp-json\/wp\/v2\/product_cat?post=120909"},{"taxonomy":"product_tag","embeddable":true,"href":"https:\/\/gpl-love.com\/es\/wp-json\/wp\/v2\/product_tag?post=120909"}],"curies":[{"name":"wp","href":"https:\/\/api.w.org\/{rel}","templated":true}]}}