{"id":120907,"date":"2022-02-11T00:00:00","date_gmt":"2022-02-11T05:00:00","guid":{"rendered":"https:\/\/gpl-love.com\/es\/producto\/bravo-woocommerce-points-y-rewards-wordpress-plugin\/"},"modified":"2026-03-09T07:22:10","modified_gmt":"2026-03-09T12:22:10","slug":"bravo-woocommerce-points-y-rewards-wordpress-plugin","status":"publish","type":"product","link":"https:\/\/gpl-love.com\/es\/producto\/bravo-woocommerce-points-y-rewards-wordpress-plugin\/","title":{"rendered":"Bravo WooCommerce Points y Rewards Wordpress Plugin 2.2.8"},"content":{"rendered":"<h3>Bravo WooCommerce Points y Rewards Wordpress Plugin Caracteristicas<\/h3>\n<p>Los puntos Bravo WooCommerce y recompensa el complemento de WordPress, reconocido por sus caracter\u00edsticas robustas, presenta una soluci\u00f3n formidable para estimular la participaci\u00f3n del cliente a trav\u00e9s de la provisi\u00f3n de puntos de lealtad y recompensas. Al aprovechar este complemento de vanguardia, tiene la capacidad de satisfacer a sus estimados clientes no solo por sus compras, sino tambi\u00e9n por sus invaluables referencias, acciones de redes sociales notables y una gran cantidad de otras acciones encomiables. Adem\u00e1s, este complemento se acompa\u00f1a de un proceso de instalaci\u00f3n y configuraci\u00f3n sin problemas, lo que le permite embarcarse r\u00e1pidamente en la personalizaci\u00f3n del programa de recompensas de acuerdo con los requisitos espec\u00edficos de su negocio. Experimente la libertad de establecer una variedad de niveles de recompensas, designar fechas de vencimiento y seleccionar entre una mir\u00edada de opciones de redenci\u00f3n, fomentando as\u00ed la lealtad inquebrantable del cliente y garantizando una satisfacci\u00f3n \u00f3ptima del cliente. A trav\u00e9s de la utilizaci\u00f3n de los puntos y recompensas de Bravo WooCommerce, un aumento marcado en las tasas de retenci\u00f3n de clientes, un aumento notable en las cifras de ventas y una escalada sin precedentes en la generaci\u00f3n de ingresos est\u00e1n a punto de convertirse en componentes integrales de la historia de \u00e9xito de su negocio.<\/p>\n<ul>\n<li>Proporciona un sistema de puntos y recompensas para las tiendas WooCommerce<\/li>\n<li>Permite a los propietarios de tiendas definir cu\u00e1ntos puntos ganan los clientes por d\u00f3lar gastado<\/li>\n<li>Permite a los propietarios de tiendas definir la tasa de conversi\u00f3n de puntos a d\u00f3lares<\/li>\n<li>Proporciona a los clientes una visi\u00f3n clara de su equilibrio de puntos y cu\u00e1ntos puntos necesitan para ganar una recompensa<\/li>\n<li>Ofrece una variedad de opciones de recompensa, que incluyen descuentos, productos gratuitos y env\u00edo gratuito.<\/li>\n<li>Permite a los propietarios de tiendas establecer fechas de vencimiento para puntos y recompensas<\/li>\n<li>Proporciona informes y an\u00e1lisis detallados que muestran cu\u00e1ntos puntos y recompensas se han ganado y redimido con el tiempo<\/li>\n<li>Ofrece una variedad de opciones de personalizaci\u00f3n, incluida la capacidad de personalizar los puntos y los mensajes de recompensa que los clientes ven<\/li>\n<li>Se integra a la perfecci\u00f3n con WooCommerce y WordPress, lo que facilita la configuraci\u00f3n y la gesti\u00f3n<\/li>\n<li>Proporciona una excelente atenci\u00f3n al cliente y documentaci\u00f3n para ayudar a los propietarios de las tiendas a aprovechar al m\u00e1ximo el complemento.<\/li>\n<\/ul>\n","protected":false},"excerpt":{"rendered":"<p>Experimente la mejor estrategia de retenci\u00f3n de clientes con puntos Bravo WooCommerce y recompensa el complemento de WordPress. Esta innovadora soluci\u00f3n est\u00e1 dise\u00f1ada por expertos para que los usuarios de WordPress proporcionen un programa de lealtad de clientes robusto y atractivo. Al ofrecer puntos y recompensas, fomenta repetir negocios y mejora la participaci\u00f3n del cliente.<\/p>\n<p>El complemento est\u00e1 sin problemas con WooCommerce, una de las plataformas de comercio electr\u00f3nico m\u00e1s populares. Esto hace que sea incre\u00edblemente f\u00e1cil para los propietarios de tiendas en l\u00ednea administrar y rastrear los puntos de los clientes. Con una interfaz f\u00e1cil de usar, puede ajustar sin esfuerzo la configuraci\u00f3n de recompensas, monitorear las transacciones de puntos y personalizar las tasas de conversi\u00f3n de puntos.<\/p>\n<p>El complemento Bravo Points and Rewards tambi\u00e9n ofrece un sistema automatizado para otorgar puntos a los clientes en funci\u00f3n de sus compras, revisiones, registros, referencias y m\u00e1s. Esto garantiza un sistema de recompensa justo y transparente que sus clientes puedan entender f\u00e1cilmente.<\/p>\n<p>Adem\u00e1s, este complemento de WordPress tambi\u00e9n permite a los clientes canjear sus puntos durante el pago, lo que lo convierte en una experiencia de compra m\u00e1s suave y m\u00e1s gratificante.<\/p>\n<p>En conclusi\u00f3n, el complemento Bravo WooCommerce Points and Rewards WordPress es una herramienta invaluable para aumentar<\/p>\n","protected":false},"featured_media":165553,"comment_status":"open","ping_status":"open","template":"","meta":[],"product_brand":[2339],"product_cat":[1207,1225,1206],"product_tag":[1256],"class_list":{"0":"post-120907","1":"product","2":"type-product","3":"status-publish","4":"has-post-thumbnail","6":"product_brand-codecanyon","7":"product_cat-comercio-electronico-plugins","8":"product_cat-marketing","9":"product_cat-plugins","10":"product_tag-codecanyon","11":"member-discount","12":"discount-restricted","14":"first","15":"instock","16":"sale","17":"downloadable","18":"virtual","19":"sold-individually","20":"purchasable","21":"product-type-simple"},"_links":{"self":[{"href":"https:\/\/gpl-love.com\/es\/wp-json\/wp\/v2\/product\/120907","targetHints":{"allow":["GET"]}}],"collection":[{"href":"https:\/\/gpl-love.com\/es\/wp-json\/wp\/v2\/product"}],"about":[{"href":"https:\/\/gpl-love.com\/es\/wp-json\/wp\/v2\/types\/product"}],"replies":[{"embeddable":true,"href":"https:\/\/gpl-love.com\/es\/wp-json\/wp\/v2\/comments?post=120907"}],"wp:featuredmedia":[{"embeddable":true,"href":"https:\/\/gpl-love.com\/es\/wp-json\/wp\/v2\/media\/165553"}],"wp:attachment":[{"href":"https:\/\/gpl-love.com\/es\/wp-json\/wp\/v2\/media?parent=120907"}],"wp:term":[{"taxonomy":"product_brand","embeddable":true,"href":"https:\/\/gpl-love.com\/es\/wp-json\/wp\/v2\/product_brand?post=120907"},{"taxonomy":"product_cat","embeddable":true,"href":"https:\/\/gpl-love.com\/es\/wp-json\/wp\/v2\/product_cat?post=120907"},{"taxonomy":"product_tag","embeddable":true,"href":"https:\/\/gpl-love.com\/es\/wp-json\/wp\/v2\/product_tag?post=120907"}],"curies":[{"name":"wp","href":"https:\/\/api.w.org\/{rel}","templated":true}]}}