{"id":120905,"date":"2021-11-09T00:00:00","date_gmt":"2021-11-09T05:00:00","guid":{"rendered":"https:\/\/gpl-love.com\/es\/producto\/bookshop-storefront-woocommerce-theme\/"},"modified":"2026-03-13T17:16:57","modified_gmt":"2026-03-13T22:16:57","slug":"bookshop-storefront-woocommerce-theme","status":"publish","type":"product","link":"https:\/\/gpl-love.com\/es\/producto\/bookshop-storefront-woocommerce-theme\/","title":{"rendered":"Bookshop Storefront WooCommerce Theme 1.0.20"},"content":{"rendered":"<h3>Bookshop Storefront WooCommerce Theme Caracteristicas<\/h3>\n<p>El tema de WooCommerce de la tienda de librer\u00eda se presenta como una soluci\u00f3n \u00f3ptima que atiende a aquellos en busca de un tema atractivo y abundante para su librer\u00eda en l\u00ednea. Al hacer un dise\u00f1o elegante y contempor\u00e1neo, este tema ofrece capacidades de personalizaci\u00f3n completas, otorg\u00e1ndole un amplio espectro de opciones para garantizar que su tienda se destaque en medio de la vasta multitud. La facilidad de uso se encuentra en el centro de su dise\u00f1o, evidenciado por su navegaci\u00f3n sin esfuerzo, p\u00e1ginas maleables y dise\u00f1o receptivo que garantiza una apariencia est\u00e9ticamente agradable en cada dispositivo concebible. Equipado con una gran cantidad de atributos como filtros de productos, listas de deseos y funcionalidad de vista r\u00e1pida, este tema facilita sin esfuerzo la b\u00fasqueda de sus clientes para localizar y adquirir los libros que anhelan. Por lo tanto, se hace evidente que el tema de WooCommerce de la tienda de la librer\u00eda es un activo indispensable para cualquier aspirante al propietario de la librer\u00eda en l\u00ednea en su b\u00fasqueda de cautivar y retener a los clientes, finalmente impulsando sus ventas a nuevas alturas.<\/p>\n<ul>\n<li>Tema de WooCommerce altamente personalizable adaptado para librer\u00edas<\/li>\n<li>Dise\u00f1o moderno y elegante para exhibir sus productos de la mejor manera posible<\/li>\n<li>Soporte incorporado para funciones de WooCommerce como CART, Caje y Galer\u00edas de Productos<\/li>\n<li>Responsable m\u00f3vil y optimizado para diferentes tama\u00f1os de pantalla del dispositivo<\/li>\n<li>M\u00faltiples esquemas de color y opciones de fuente para elegir<\/li>\n<li>Panel de personalizaci\u00f3n f\u00e1cil de usar para ajustar los colores, la tipograf\u00eda y los gr\u00e1ficos<\/li>\n<li>M\u00faltiples opciones de visualizaci\u00f3n de productos que incluyen dise\u00f1os de cuadr\u00edcula, lista y carrusel<\/li>\n<li>Banner de p\u00e1gina de inicio personalizable para presentar sus versiones m\u00e1s vendidas o nuevas<\/li>\n<li>P\u00e1ginas de productos flexibles con opciones de productos configurables y secci\u00f3n de productos relacionados<\/li>\n<li>C\u00f3digo e integraci\u00f3n amigable con SEO con complementos de SEO populares para WordPress<\/li>\n<li>Documentaci\u00f3n detallada y apoyo de desarrolladores de temas experimentados.<\/li>\n<\/ul>\n","protected":false},"excerpt":{"rendered":"<p>Experimente una revoluci\u00f3n en comercio electr\u00f3nico con nuestro tema de WooCommerce de la tienda de librer\u00eda. Este tema es una combinaci\u00f3n perfecta de estilo, funcionalidad y conveniencia, dise\u00f1ada espec\u00edficamente para mejorar su librer\u00eda en l\u00ednea. Cuenta con una plataforma de WooCommerce f\u00e1cil de usar, que proporciona una experiencia de compra perfecta para sus clientes.<\/p>\n<p>El tema de la tienda presenta un dise\u00f1o llamativo que es est\u00e9ticamente atractivo y acogedor. Viene con un dise\u00f1o personalizable que le permite personalizar su tienda en l\u00ednea para reflejar la identidad de su marca.<\/p>\n<p>El tema de WooCommerce es receptivo, asegurando que su librer\u00eda en l\u00ednea se vea genial en todos los dispositivos. Tambi\u00e9n cuenta con funciones amigables para SEO para ayudar a aumentar la visibilidad de su sitio web en los motores de b\u00fasqueda.<\/p>\n<p>Nuestro tema de WooCommerce de la tienda de librer\u00eda no se trata solo de la est\u00e9tica; Tambi\u00e9n ofrece un excelente rendimiento. Es liviano y r\u00e1pido, aumenta la eficiencia de su sitio web y reduce los tiempos de espera de los clientes.<\/p>\n<p>Este tema tambi\u00e9n admite varias pasarelas de pago, proporcionando a sus clientes una experiencia de compra segura y sin problemas.<\/p>\n<p>Incorporar esta tienda de librer\u00eda<\/p>\n","protected":false},"featured_media":165539,"comment_status":"open","ping_status":"open","template":"","meta":[],"product_brand":[2344],"product_cat":[1263,1264,1237],"product_tag":[1423],"class_list":{"0":"post-120905","1":"product","2":"type-product","3":"status-publish","4":"has-post-thumbnail","6":"product_brand-woocommerce","7":"product_cat-comercio-electronico-temas","8":"product_cat-negocio","9":"product_cat-temas","10":"product_tag-woocommerce","11":"member-discount","12":"discount-restricted","14":"first","15":"instock","16":"sale","17":"downloadable","18":"virtual","19":"sold-individually","20":"purchasable","21":"product-type-simple"},"_links":{"self":[{"href":"https:\/\/gpl-love.com\/es\/wp-json\/wp\/v2\/product\/120905","targetHints":{"allow":["GET"]}}],"collection":[{"href":"https:\/\/gpl-love.com\/es\/wp-json\/wp\/v2\/product"}],"about":[{"href":"https:\/\/gpl-love.com\/es\/wp-json\/wp\/v2\/types\/product"}],"replies":[{"embeddable":true,"href":"https:\/\/gpl-love.com\/es\/wp-json\/wp\/v2\/comments?post=120905"}],"wp:featuredmedia":[{"embeddable":true,"href":"https:\/\/gpl-love.com\/es\/wp-json\/wp\/v2\/media\/165539"}],"wp:attachment":[{"href":"https:\/\/gpl-love.com\/es\/wp-json\/wp\/v2\/media?parent=120905"}],"wp:term":[{"taxonomy":"product_brand","embeddable":true,"href":"https:\/\/gpl-love.com\/es\/wp-json\/wp\/v2\/product_brand?post=120905"},{"taxonomy":"product_cat","embeddable":true,"href":"https:\/\/gpl-love.com\/es\/wp-json\/wp\/v2\/product_cat?post=120905"},{"taxonomy":"product_tag","embeddable":true,"href":"https:\/\/gpl-love.com\/es\/wp-json\/wp\/v2\/product_tag?post=120905"}],"curies":[{"name":"wp","href":"https:\/\/api.w.org\/{rel}","templated":true}]}}