{"id":120903,"date":"2023-09-21T00:00:00","date_gmt":"2023-09-21T05:00:00","guid":{"rendered":"https:\/\/gpl-love.com\/es\/producto\/booked-appointment-booking-para-wordpress\/"},"modified":"2026-03-09T07:21:02","modified_gmt":"2026-03-09T12:21:02","slug":"booked-appointment-booking-para-wordpress","status":"publish","type":"product","link":"https:\/\/gpl-love.com\/es\/producto\/booked-appointment-booking-para-wordpress\/","title":{"rendered":"Booked Appointment Booking para WordPress 2.4.4"},"content":{"rendered":"<h3>Booked Appointment Booking para WordPress Caracteristicas<\/h3>\n<p>La reserva de citas reservado para WordPress es un complemento excepcionalmente robusto y altamente intuitivo que brinda a los clientes la notable capacidad de reservar citas sin esfuerzo. La interfaz del complemento cuenta con un dise\u00f1o simplista pero notablemente f\u00e1cil de usar que permite a los clientes seleccionar sin esfuerzo las fechas y los tiempos que son m\u00e1s convenientes para ellos. Adem\u00e1s, este complemento excepcional ofrece una amplia gama de caracter\u00edsticas personalizables, brindando a las empresas la oportunidad de adaptar los tipos de citas, duraciones y notificaciones a sus necesidades y preferencias espec\u00edficas. Adem\u00e1s, el poderoso sistema de back -end de este complemento permite a las empresas administrar eficazmente todas las citas facilitando la programaci\u00f3n, reprogramaci\u00f3n y cancelaciones sin esfuerzo. Adem\u00e1s, gracias a su integraci\u00f3n perfecta con WordPress, la reserva de citas reservada surge como la soluci\u00f3n por excelencia para las empresas que buscan optimizar y optimizar sus procedimientos de reserva de citas.<\/p>\n<ul>\n<li>Funcionalidad de reserva de citas f\u00e1cil para sitios web de WordPress<\/li>\n<li>Campos de formulario personalizables para recopilar la informaci\u00f3n necesaria de la cita<\/li>\n<li>Elecci\u00f3n de m\u00faltiples tipos de citas y duraciones<\/li>\n<li>Integraci\u00f3n con calendarios populares como Google Calendar y Outlook<\/li>\n<li>Confirmaciones de correo electr\u00f3nico automatizadas y recordatorios para citas<\/li>\n<li>Capacidad para establecer la disponibilidad de citas basada en fechas y tiempos espec\u00edficos<\/li>\n<li>Opci\u00f3n para que los usuarios cancelen o reprogramaran sus citas<\/li>\n<li>Panel de administraci\u00f3n para administrar citas y ver informes y an\u00e1lisis detallados<\/li>\n<li>Dise\u00f1o receptivo para garantizar una visualizaci\u00f3n \u00f3ptima en los dispositivos de escritorio y m\u00f3viles<\/li>\n<li>Documentaci\u00f3n de soporte integral y servicio al cliente disponible.<\/li>\n<\/ul>\n","protected":false},"excerpt":{"rendered":"<p>La reserva de citas reservado para WordPress es una herramienta poderosa dise\u00f1ada para mejorar la funcionalidad de su sitio web. Este complemento permite a los visitantes de su sitio web reservar citas sin esfuerzo, agilizando su proceso de programaci\u00f3n. Con la reserva de citas reservadas, puede administrar sus citas con facilidad y eficiencia. Su interfaz f\u00e1cil de usar hace que la navegaci\u00f3n sea muy f\u00e1cil, incluso para aquellos con habilidades t\u00e9cnicas limitadas. Compatible con WordPress, se integra perfectamente con su sitio, proporcionando una apariencia profesional. Es ideal para empresas, profesionales y cualquier persona que busque mejorar su sistema de citas en l\u00ednea. \u00a1Experimente la conveniencia y la organizaci\u00f3n que reserv\u00f3 la reserva de citas para WordPress puede traer a su sitio hoy!<\/p>\n","protected":false},"featured_media":165503,"comment_status":"open","ping_status":"open","template":"","meta":[],"product_brand":[2339],"product_cat":[1214,1206,1211],"product_tag":[1256],"class_list":{"0":"post-120903","1":"product","2":"type-product","3":"status-publish","4":"has-post-thumbnail","6":"product_brand-codecanyon","7":"product_cat-personalizacion","8":"product_cat-plugins","9":"product_cat-wordpress-plugins","10":"product_tag-codecanyon","11":"member-discount","12":"discount-restricted","14":"first","15":"instock","16":"sale","17":"downloadable","18":"virtual","19":"sold-individually","20":"purchasable","21":"product-type-simple"},"_links":{"self":[{"href":"https:\/\/gpl-love.com\/es\/wp-json\/wp\/v2\/product\/120903","targetHints":{"allow":["GET"]}}],"collection":[{"href":"https:\/\/gpl-love.com\/es\/wp-json\/wp\/v2\/product"}],"about":[{"href":"https:\/\/gpl-love.com\/es\/wp-json\/wp\/v2\/types\/product"}],"replies":[{"embeddable":true,"href":"https:\/\/gpl-love.com\/es\/wp-json\/wp\/v2\/comments?post=120903"}],"wp:featuredmedia":[{"embeddable":true,"href":"https:\/\/gpl-love.com\/es\/wp-json\/wp\/v2\/media\/165503"}],"wp:attachment":[{"href":"https:\/\/gpl-love.com\/es\/wp-json\/wp\/v2\/media?parent=120903"}],"wp:term":[{"taxonomy":"product_brand","embeddable":true,"href":"https:\/\/gpl-love.com\/es\/wp-json\/wp\/v2\/product_brand?post=120903"},{"taxonomy":"product_cat","embeddable":true,"href":"https:\/\/gpl-love.com\/es\/wp-json\/wp\/v2\/product_cat?post=120903"},{"taxonomy":"product_tag","embeddable":true,"href":"https:\/\/gpl-love.com\/es\/wp-json\/wp\/v2\/product_tag?post=120903"}],"curies":[{"name":"wp","href":"https:\/\/api.w.org\/{rel}","templated":true}]}}