{"id":120901,"date":"2023-11-23T00:00:00","date_gmt":"2023-11-23T05:00:00","guid":{"rendered":"https:\/\/gpl-love.com\/es\/producto\/blade-responsive-multifunctional-theme\/"},"modified":"2026-03-13T17:16:41","modified_gmt":"2026-03-13T22:16:41","slug":"blade-responsive-multifunctional-theme","status":"publish","type":"product","link":"https:\/\/gpl-love.com\/es\/producto\/blade-responsive-multifunctional-theme\/","title":{"rendered":"Blade Responsive MultiFunctional Theme 3.6.0"},"content":{"rendered":"<h3>Blade Responsive MultiFunctional Theme Caracteristicas<\/h3>\n<p>El tema multifuncional que responde Blade, con sus capacidades excepcionales, se presenta como una herramienta invaluable para las personas en busca de elaborar un sitio web impresionante. Este tema en particular cuenta con un extraordinario grado de flexibilidad, que brinda a los usuarios la oportunidad incomparable de adaptar su sitio web a sus especificaciones exactas y gustos personales. Lo que realmente distingue a este tema es su notable capacidad de respuesta, garantizar una compatibilidad perfecta en una variedad de dispositivos, otorgando as\u00ed a los usuarios el lujo de acceder a su sitio web con una facilidad incomparable en tel\u00e9fonos inteligentes, tabletas y computadoras por igual. En profundidad en su impresionante repertorio, el tema multifuncional que responde a Blade cuenta con una amplia gama de caracter\u00edsticas y opciones, que incluye, entre otros, una variedad diversa de dise\u00f1os, widgets personalizados y un constructor de p\u00e1ginas incre\u00edblemente potente, todo lo cual trabaja en conjunto para simplificar sistem\u00e1ticamente para simplificar El proceso de dise\u00f1o de un sitio web que se destaca de la multitud y cautiva a su audiencia. Ya sea que los esfuerzos creativos impliquen el establecimiento de un blog personal, el inicio de un sitio web orientado a las empresas o el establecimiento de una tienda en l\u00ednea, es inequ\u00edvocamente evidente que el tema multifuncional que responde a la cuchilla surge como una opci\u00f3n ideal para las personas en busca de una b\u00fasqueda de una b\u00fasqueda de una b\u00fasqueda de personas. Soluci\u00f3n eficiente y f\u00e1cil de usar que satisface todas sus necesidades.<\/p>\n<ul>\n<li>Blade es un tema receptivo que se puede utilizar para una variedad de sitios web diferentes, desde blogs personales hasta carteras profesionales.<\/li>\n<li>El tema es altamente personalizable, con opciones para cambiar el dise\u00f1o, los colores, las fuentes y m\u00e1s.<\/li>\n<li>Con Blade, puede crear f\u00e1cilmente p\u00e1ginas y publicaciones utilizando el constructor de arrastrar y soltar o las plantillas prefabricadas.<\/li>\n<li>El tema incluye una variedad de widgets y complementos, incluida la integraci\u00f3n de las redes sociales, los formularios de contacto y m\u00e1s.<\/li>\n<li>Blade est\u00e1 optimizado para SEO, asegurando que los motores de b\u00fasqueda encuentren f\u00e1cilmente su sitio web.<\/li>\n<li>El tema es compatible con una variedad de navegadores, asegurando que su sitio se vea muy bien en cualquier dispositivo.<\/li>\n<li>Blade es f\u00e1cil de instalar y configurar, con documentaci\u00f3n completa y soporte disponible.<\/li>\n<li>El tema se actualiza regularmente con nuevas caracter\u00edsticas y mejoras.<\/li>\n<li>Blade es compatible con una gama de complementos de WordPress, lo que le brinda a\u00fan m\u00e1s opciones de flexibilidad y personalizaci\u00f3n.<\/li>\n<\/ul>\n","protected":false},"excerpt":{"rendered":"<p>El tema multifuncional de Blade Responsive es una soluci\u00f3n vers\u00e1til e innovadora dise\u00f1ada para mejorar la funcionalidad y la est\u00e9tica de su sitio web. Este tema es adecuado para todo tipo de empresas, lo que lo convierte en un activo valioso para empresarios y desarrolladores de sitios web.<\/p>\n<p>Su dise\u00f1o receptivo garantiza que su sitio web permanezca accesible y visualmente atractivo en varios dispositivos, proporcionando una experiencia de visualizaci\u00f3n \u00f3ptima para todos los usuarios. El tema Blade no solo es multifuncional, sino tambi\u00e9n f\u00e1cil de usar, lo que le permite personalizar su sitio de acuerdo con sus preferencias y necesidades comerciales.<\/p>\n<p>Este tema ofrece una gama de caracter\u00edsticas \u00fanicas que pueden ayudar a aumentar el rendimiento y la participaci\u00f3n del usuario de su sitio. Disfrute de una variedad de opciones personalizables, desde esquemas de color y fuentes hasta estilos de dise\u00f1o y funcionalidades.<\/p>\n<p>El tema multifuncional de Blade Responsive est\u00e1 dise\u00f1ado para ayudarlo a crear una presencia en l\u00ednea impactante. Su dise\u00f1o profesional y elegante seguramente atraer\u00e1 a los clientes, mientras que sus caracter\u00edsticas avanzadas tienen como objetivo mejorar la experiencia y la satisfacci\u00f3n del usuario.<\/p>\n<p>Si est\u00e1 buscando transformar su sitio en una plataforma din\u00e1mica y eficiente, el tema multifuncional de la cuchilla receptiva es el<\/p>\n","protected":false},"featured_media":165486,"comment_status":"open","ping_status":"open","template":"","meta":[],"product_brand":[2337],"product_cat":[1239,1237,1238],"product_tag":[1391],"class_list":{"0":"post-120901","1":"product","2":"type-product","3":"status-publish","4":"has-post-thumbnail","6":"product_brand-themeforest","7":"product_cat-de-multiples-fines","8":"product_cat-temas","9":"product_cat-wordpress-temas","10":"product_tag-themeforest","11":"member-discount","12":"discount-restricted","14":"first","15":"instock","16":"sale","17":"downloadable","18":"virtual","19":"sold-individually","20":"purchasable","21":"product-type-simple"},"_links":{"self":[{"href":"https:\/\/gpl-love.com\/es\/wp-json\/wp\/v2\/product\/120901","targetHints":{"allow":["GET"]}}],"collection":[{"href":"https:\/\/gpl-love.com\/es\/wp-json\/wp\/v2\/product"}],"about":[{"href":"https:\/\/gpl-love.com\/es\/wp-json\/wp\/v2\/types\/product"}],"replies":[{"embeddable":true,"href":"https:\/\/gpl-love.com\/es\/wp-json\/wp\/v2\/comments?post=120901"}],"wp:featuredmedia":[{"embeddable":true,"href":"https:\/\/gpl-love.com\/es\/wp-json\/wp\/v2\/media\/165486"}],"wp:attachment":[{"href":"https:\/\/gpl-love.com\/es\/wp-json\/wp\/v2\/media?parent=120901"}],"wp:term":[{"taxonomy":"product_brand","embeddable":true,"href":"https:\/\/gpl-love.com\/es\/wp-json\/wp\/v2\/product_brand?post=120901"},{"taxonomy":"product_cat","embeddable":true,"href":"https:\/\/gpl-love.com\/es\/wp-json\/wp\/v2\/product_cat?post=120901"},{"taxonomy":"product_tag","embeddable":true,"href":"https:\/\/gpl-love.com\/es\/wp-json\/wp\/v2\/product_tag?post=120901"}],"curies":[{"name":"wp","href":"https:\/\/api.w.org\/{rel}","templated":true}]}}