{"id":120899,"date":"2025-07-23T00:00:00","date_gmt":"2025-07-23T05:00:00","guid":{"rendered":"https:\/\/gpl-love.com\/es\/producto\/blacksilver-photography-tema-para-wordpress\/"},"modified":"2026-03-13T17:16:40","modified_gmt":"2026-03-13T22:16:40","slug":"blacksilver-photography-tema-para-wordpress","status":"publish","type":"product","link":"https:\/\/gpl-love.com\/es\/producto\/blacksilver-photography-tema-para-wordpress\/","title":{"rendered":"Blacksilver Photography Tema para WordPress 9.7"},"content":{"rendered":"<h3>Blacksilver Photography Tema para WordPress Caracteristicas<\/h3>\n<p>El tema de la fotograf\u00eda BlackSilver es una adici\u00f3n absolutamente impresionante a cualquier sitio de WordPress que anhela exhibir su contenido de fotograf\u00eda de la manera m\u00e1s impecable concebible. Con su dise\u00f1o elegante y exquisitamente moderno, este tema demuestra ser una combinaci\u00f3n hecha en el cielo para fot\u00f3grafos, artistas y creativos que aspiran a poseer un sitio web visualmente cautivador que gu\u00eda sin esfuerzo a los visitantes a lo largo de su navegaci\u00f3n. Este tema no solo posee una capacidad de respuesta completa, que garantiza su apariencia impecable en cualquier dispositivo, sino que tambi\u00e9n cuenta con una variedad de caracter\u00edsticas personalizables. Estos incluyen una amplia selecci\u00f3n de opciones de color, opciones de fuente y configuraciones de dise\u00f1o, lo que permite a los usuarios adaptar el tema al estilo distintivo y exclusivo de su marca. Adem\u00e1s, el tema de la fotograf\u00eda BlackSilver se ha optimizado meticulosamente para la optimizaci\u00f3n de motores de b\u00fasqueda (SEO), lo que garantiza que su valioso contenido siga siendo descubierto sin esfuerzo por los motores de b\u00fasqueda prominentes. Para resumir, este tema extraordinario es inequ\u00edvocamente una opci\u00f3n excepcional para cualquier sitio web que aspira a elevar su contenido de fotograf\u00eda a nuevas alturas y crear una experiencia de usuario completamente cautivadora que dejar\u00e1 a los visitantes hechizos.<\/p>\n<ul>\n<li>Tema de fotograf\u00eda elegante y sofisticado para WordPress<\/li>\n<li>Dise\u00f1o 100% receptivo para verse bien en todos los dispositivos<\/li>\n<li>Opciones de dise\u00f1o m\u00faltiples para mostrar su cartera<\/li>\n<li>Esquemas de color personalizables para que coincidan con su marca<\/li>\n<li>Opciones de galer\u00eda avanzada para exhibir sus fotos<\/li>\n<li>Constructor de p\u00e1gina de arrastrar y soltar f\u00e1ciles de usar<\/li>\n<li>Botones integrados de intercambio de redes sociales para una f\u00e1cil promoci\u00f3n<\/li>\n<li>C\u00f3digo amigable para el SEO para una mejor clasificaci\u00f3n del motor de b\u00fasqueda<\/li>\n<li>Actualizaciones y soporte regulares para mantener su sitio web funcionando sin problemas<\/li>\n<li>Instalaci\u00f3n de un solo clic para una configuraci\u00f3n r\u00e1pida y f\u00e1cil<\/li>\n<\/ul>\n","protected":false},"excerpt":{"rendered":"<p>Sum\u00e9rgete en el mundo de la fotograf\u00eda profesional con el tema de fotograf\u00eda BlackSilver para WordPress. Las caracter\u00edsticas clave de este tema incluyen una pantalla de alta resoluci\u00f3n, una interfaz intuitiva y una opci\u00f3n de cartera robusta que le permite mostrar su trabajo de manera impresionante. Prep\u00e1rese para atraer clientes potenciales con una elegante est\u00e9tica, navegaci\u00f3n f\u00e1cil y tiempos de carga r\u00e1pidas. No solo puede personalizar su sitio con varias opciones de dise\u00f1o, sino que tambi\u00e9n puede disfrutar de los beneficios de la integraci\u00f3n de comercio electr\u00f3nico para vender impresiones o sesiones de fotos. Desatara su creatividad mientras disfruta de la configuraci\u00f3n r\u00e1pida, las actualizaciones regulares y la atenci\u00f3n al cliente dedicada que viene con el tema de la fotograf\u00eda BlackSilver. Es una opci\u00f3n ideal para fot\u00f3grafos, estudios digitales, trabajadores independientes y cualquier persona que busque crear una sorprendente presencia en l\u00ednea. Con este tema, puedes convertir tu pasi\u00f3n en una profesi\u00f3n.<\/p>\n","protected":false},"featured_media":165485,"comment_status":"open","ping_status":"open","template":"","meta":[],"product_brand":[2337],"product_cat":[1267,1237,1238],"product_tag":[1391],"class_list":{"0":"post-120899","1":"product","2":"type-product","3":"status-publish","4":"has-post-thumbnail","6":"product_brand-themeforest","7":"product_cat-creativo","8":"product_cat-temas","9":"product_cat-wordpress-temas","10":"product_tag-themeforest","11":"member-discount","12":"discount-restricted","14":"first","15":"instock","16":"sale","17":"downloadable","18":"virtual","19":"sold-individually","20":"purchasable","21":"product-type-simple"},"_links":{"self":[{"href":"https:\/\/gpl-love.com\/es\/wp-json\/wp\/v2\/product\/120899","targetHints":{"allow":["GET"]}}],"collection":[{"href":"https:\/\/gpl-love.com\/es\/wp-json\/wp\/v2\/product"}],"about":[{"href":"https:\/\/gpl-love.com\/es\/wp-json\/wp\/v2\/types\/product"}],"replies":[{"embeddable":true,"href":"https:\/\/gpl-love.com\/es\/wp-json\/wp\/v2\/comments?post=120899"}],"wp:featuredmedia":[{"embeddable":true,"href":"https:\/\/gpl-love.com\/es\/wp-json\/wp\/v2\/media\/165485"}],"wp:attachment":[{"href":"https:\/\/gpl-love.com\/es\/wp-json\/wp\/v2\/media?parent=120899"}],"wp:term":[{"taxonomy":"product_brand","embeddable":true,"href":"https:\/\/gpl-love.com\/es\/wp-json\/wp\/v2\/product_brand?post=120899"},{"taxonomy":"product_cat","embeddable":true,"href":"https:\/\/gpl-love.com\/es\/wp-json\/wp\/v2\/product_cat?post=120899"},{"taxonomy":"product_tag","embeddable":true,"href":"https:\/\/gpl-love.com\/es\/wp-json\/wp\/v2\/product_tag?post=120899"}],"curies":[{"name":"wp","href":"https:\/\/api.w.org\/{rel}","templated":true}]}}