{"id":120897,"date":"2026-04-10T00:00:00","date_gmt":"2026-04-10T05:00:00","guid":{"rendered":"https:\/\/gpl-love.com\/es\/producto\/betheme-responsive-multi-purpose-wordpress-tema-y-full-demos\/"},"modified":"2026-04-10T11:15:17","modified_gmt":"2026-04-10T16:15:17","slug":"betheme-responsive-multi-purpose-wordpress-tema-y-full-demos","status":"publish","type":"product","link":"https:\/\/gpl-love.com\/es\/producto\/betheme-responsive-multi-purpose-wordpress-tema-y-full-demos\/","title":{"rendered":"BeTheme Responsive Multi-Purpose WordPress Tema y Full Demos 28.3.2"},"content":{"rendered":"<h3>BeTheme Responsive Multi-Purpose WordPress Tema y Full Demos Caracteristicas<\/h3>\n<p>El tema de WordPress multiprop\u00f3sito de Betheme sirve como una soluci\u00f3n impecable para las personas en busca de un dise\u00f1o de sitio web altamente personalizable y vers\u00e1til. Ofreciendo una amplia selecci\u00f3n de m\u00e1s de 500 demostraciones y dise\u00f1os preconstruidos, uno puede construir sin esfuerzo un sitio web que atiende a cualquier industria o nicho. Independientemente de si se identifica como blogger, propietario de una tienda de comercio electr\u00f3nico o un profesional de negocios, Betheme atiende a todos, sin dejar a nadie atr\u00e1s. Cuenta con plena capacidad de respuesta, asegurando que su sitio web posea un dise\u00f1o visualmente atractivo en todos los dispositivos. Adem\u00e1s, Betheme se enorgullece de su naturaleza f\u00e1cil de usar, cortes\u00eda de su formidable constructor de p\u00e1ginas e interfaz de arrastrar y soltar. A trav\u00e9s de Betheme, uno gana la capacidad de ejercer una autoridad completa sobre el dise\u00f1o y la funcionalidad de su sitio web, lo que lo convierte en la elecci\u00f3n por excelencia para cualquier proyecto de sitio web.<\/p>\n<ul>\n<li>Tema de WordPress altamente personalizable adecuado para varios sitios web y prop\u00f3sitos<\/li>\n<li>Incluye m\u00e1s de 600 demostraciones de sitios web previas a la construcci\u00f3n en diferentes categor\u00edas, lo que facilita la construcci\u00f3n de su sitio web r\u00e1pidamente<\/li>\n<li>Viene con una herramienta de creador de p\u00e1ginas de arrastrar y soltar para una f\u00e1cil personalizaci\u00f3n y creaci\u00f3n de p\u00e1ginas \u00fanicas<\/li>\n<li>El dise\u00f1o totalmente receptivo garantiza que su sitio web se vea muy bien en cualquier dispositivo.<\/li>\n<li>Las funciones de optimizaci\u00f3n de motores de b\u00fasqueda (SEO) incorporado ayudan a mejorar la visibilidad y el ranking de su sitio web<\/li>\n<li>Admite varios complementos de terceros para una funcionalidad adicional<\/li>\n<li>Incluye la importaci\u00f3n de un clic para demostraciones, lo que facilita comenzar a construir su sitio web<\/li>\n<li>Actualizado regularmente con nuevas funciones y mejoras<\/li>\n<li>Opciones extensas de documentaci\u00f3n y soporte disponibles para ayudarlo a optimizar y solucionar problemas de su sitio web<\/li>\n<li>Actualizaciones de por vida y acceso al soporte incluidos con la compra.<\/li>\n<\/ul>\n","protected":false},"excerpt":{"rendered":"<p>Explore las posibilidades ilimitadas del dise\u00f1o web con nuestro tema de WordPress multiprop\u00f3sito de Betheme. Este tema avanzado y altamente vers\u00e1til est\u00e1 dise\u00f1ado para adaptarse a cualquier industria o negocio, lo que lo convierte en la soluci\u00f3n perfecta para sitios web corporativos, tiendas de comercio electr\u00f3nico, blogs y m\u00e1s. Con m\u00e1s de m\u00e1s de 600 sitios web previos a construcciones y demostraciones completas, puede personalizar y lanzar f\u00e1cilmente su sitio web en poco tiempo. Betheme no solo es sensible, asegurando una funcionalidad perfecta en cualquier dispositivo, sino que tambi\u00e9n ofrece una variedad de caracter\u00edsticas avanzadas. Estos incluyen un potente panel de administraci\u00f3n, generador de shortcode, mega men\u00fa incorporado, cargador de fuentes personalizado y barras laterales ilimitadas. Adem\u00e1s, nuestro tema es amigable con SEO, lo que ayuda a aumentar su visibilidad en l\u00ednea. Experimente los beneficios de la versatilidad, la personalizaci\u00f3n y la funcionalidad superior con nuestro tema Betheme WordPress.<\/p>\n","protected":false},"featured_media":165471,"comment_status":"open","ping_status":"open","template":"","meta":[],"product_brand":[2337],"product_cat":[1239,1237,1238],"product_tag":[1391],"class_list":{"0":"post-120897","1":"product","2":"type-product","3":"status-publish","4":"has-post-thumbnail","6":"product_brand-themeforest","7":"product_cat-de-multiples-fines","8":"product_cat-temas","9":"product_cat-wordpress-temas","10":"product_tag-themeforest","11":"member-discount","12":"discount-restricted","14":"first","15":"instock","16":"sale","17":"downloadable","18":"virtual","19":"sold-individually","20":"purchasable","21":"product-type-simple"},"_links":{"self":[{"href":"https:\/\/gpl-love.com\/es\/wp-json\/wp\/v2\/product\/120897","targetHints":{"allow":["GET"]}}],"collection":[{"href":"https:\/\/gpl-love.com\/es\/wp-json\/wp\/v2\/product"}],"about":[{"href":"https:\/\/gpl-love.com\/es\/wp-json\/wp\/v2\/types\/product"}],"replies":[{"embeddable":true,"href":"https:\/\/gpl-love.com\/es\/wp-json\/wp\/v2\/comments?post=120897"}],"wp:featuredmedia":[{"embeddable":true,"href":"https:\/\/gpl-love.com\/es\/wp-json\/wp\/v2\/media\/165471"}],"wp:attachment":[{"href":"https:\/\/gpl-love.com\/es\/wp-json\/wp\/v2\/media?parent=120897"}],"wp:term":[{"taxonomy":"product_brand","embeddable":true,"href":"https:\/\/gpl-love.com\/es\/wp-json\/wp\/v2\/product_brand?post=120897"},{"taxonomy":"product_cat","embeddable":true,"href":"https:\/\/gpl-love.com\/es\/wp-json\/wp\/v2\/product_cat?post=120897"},{"taxonomy":"product_tag","embeddable":true,"href":"https:\/\/gpl-love.com\/es\/wp-json\/wp\/v2\/product_tag?post=120897"}],"curies":[{"name":"wp","href":"https:\/\/api.w.org\/{rel}","templated":true}]}}